{"id":153304,"date":"2025-03-10T11:36:40","date_gmt":"2025-03-10T10:36:40","guid":{"rendered":"https:\/\/sitz.ch\/?post_type=product&#038;p=153304"},"modified":"2025-04-04T21:16:42","modified_gmt":"2025-04-04T19:16:42","slug":"aeris-oyo-esszimmerstuhl-einzelstueck","status":"publish","type":"product","link":"https:\/\/sitz.ch\/en\/product\/aeris-oyo-esszimmerstuhl-einzelstueck\/","title":{"rendered":"aeris oyo Esszimmerstuhl Einzelst\u00fcck"},"content":{"rendered":"<p>Wir aktualisieren unsere Ausstellung und verkaufen einen Teil unserer Ausstellungsst\u00fccke. Nutzen Sie die Gelegenheit und profitieren Sie vom unschlagbaren Preis dieser Einzelst\u00fccke.<\/p>\n<p>&nbsp;<\/p>\n<p>Produkt:<\/p>\n<p>Oyo Esszimmerstuhl \/ Konferenzstuhl<br \/>\nSchaukelstuhlmechanik<br \/>\nStoff: Cura (Polyester) gr\u00fcn m\u00e9lange<br \/>\nUntergestell: chrom<\/p>\n","protected":false},"excerpt":{"rendered":"<p>Wir aktualisieren unsere Ausstellung und verkaufen einen Teil unserer Ausstellungsst\u00fccke. Nutzen Sie die Gelegenheit und profitieren Sie vom unschlagbaren Preis dieser Einzelst\u00fccke. &nbsp; Produkt: Oyo Esszimmerstuhl \/ Konferenzstuhl Schaukelstuhlmechanik Stoff: Cura (Polyester) gr\u00fcn m\u00e9lange Untergestell: chrom<\/p>\n","protected":false},"featured_media":153150,"comment_status":"open","ping_status":"closed","template":"","meta":{"_acf_changed":false},"pwb-brand":[84],"product_brand":[],"product_cat":[75],"product_tag":[],"class_list":{"0":"post-153304","1":"product","2":"type-product","3":"status-publish","4":"has-post-thumbnail","6":"pwb-brand-aeris","7":"product_cat-einzelstuecke","8":"tm-has-options","10":"first","11":"outofstock","12":"sale","13":"featured","14":"sold-individually","15":"taxable","16":"shipping-taxable","17":"purchasable","18":"product-type-simple"},"acf":[],"brands":[{"id":84,"name":"Aeris","slug":"aeris"}],"_links":{"self":[{"href":"https:\/\/sitz.ch\/en\/wp-json\/wp\/v2\/product\/153304","targetHints":{"allow":["GET"]}}],"collection":[{"href":"https:\/\/sitz.ch\/en\/wp-json\/wp\/v2\/product"}],"about":[{"href":"https:\/\/sitz.ch\/en\/wp-json\/wp\/v2\/types\/product"}],"replies":[{"embeddable":true,"href":"https:\/\/sitz.ch\/en\/wp-json\/wp\/v2\/comments?post=153304"}],"version-history":[{"count":2,"href":"https:\/\/sitz.ch\/en\/wp-json\/wp\/v2\/product\/153304\/revisions"}],"predecessor-version":[{"id":153309,"href":"https:\/\/sitz.ch\/en\/wp-json\/wp\/v2\/product\/153304\/revisions\/153309"}],"wp:featuredmedia":[{"embeddable":true,"href":"https:\/\/sitz.ch\/en\/wp-json\/wp\/v2\/media\/153150"}],"wp:attachment":[{"href":"https:\/\/sitz.ch\/en\/wp-json\/wp\/v2\/media?parent=153304"}],"wp:term":[{"taxonomy":"pwb-brand","embeddable":true,"href":"https:\/\/sitz.ch\/en\/wp-json\/wp\/v2\/pwb-brand?post=153304"},{"taxonomy":"product_brand","embeddable":true,"href":"https:\/\/sitz.ch\/en\/wp-json\/wp\/v2\/product_brand?post=153304"},{"taxonomy":"product_cat","embeddable":true,"href":"https:\/\/sitz.ch\/en\/wp-json\/wp\/v2\/product_cat?post=153304"},{"taxonomy":"product_tag","embeddable":true,"href":"https:\/\/sitz.ch\/en\/wp-json\/wp\/v2\/product_tag?post=153304"}],"curies":[{"name":"wp","href":"https:\/\/api.w.org\/{rel}","templated":true}]}}