{"id":144851,"date":"2019-10-07T17:35:32","date_gmt":"2019-10-07T15:35:32","guid":{"rendered":"https:\/\/sitz.ch\/contact\/questions-reponses\/"},"modified":"2025-01-15T14:26:31","modified_gmt":"2025-01-15T13:26:31","slug":"questions-reponses","status":"publish","type":"page","link":"https:\/\/sitz.ch\/fr\/contact\/questions-reponses\/","title":{"rendered":"Questions &#038; R\u00e9ponses"},"content":{"rendered":"\t\t<div data-elementor-type=\"wp-page\" data-elementor-id=\"144851\" class=\"elementor elementor-144851 elementor-105\" data-elementor-post-type=\"page\">\n\t\t\t\t<section class=\"elementor-element elementor-element-968cfe5 e-flex e-con-boxed e-con e-parent\" data-id=\"968cfe5\" data-element_type=\"container\" data-e-type=\"container\">\n\t\t\t\t\t<div class=\"e-con-inner\">\n\t\t\t\t<div class=\"elementor-element elementor-element-4acf123 elementor-widget elementor-widget-text-editor\" data-id=\"4acf123\" data-element_type=\"widget\" data-e-type=\"widget\" data-widget_type=\"text-editor.default\">\n\t\t\t\t<div class=\"elementor-widget-container\">\n\t\t\t\t\t\t\t\t\t<p><b>Quelle est la dur\u00e9e de garantie de mon produit ?<\/b><br \/>Nous vous offrons au moins 2 ans de garantie sur tous les produits. La dur\u00e9e de la garantie varie selon le produit. La garantie originale avec toutes les informations n\u00e9cessaires est incluse avec le produit. Le bon de livraison sert \u00e9galement de certificat de garantie \u2013 la p\u00e9riode de garantie commence donc \u00e0 partir du moment de la livraison.<\/p>\n<p><b>Puis-je acc\u00e9l\u00e9rer le processus de paiement par virement bancaire si je vous fournis imm\u00e9diatement une preuve de paiement ?<\/b><br \/>Une commande avec pr\u00e9paiement est d\u00e9clench\u00e9e d\u00e8s que le paiement est enregistr\u00e9 chez nous. Ce processus ne peut pas \u00eatre acc\u00e9l\u00e9r\u00e9.<\/p>\n<p><b>J&rsquo;ai pass\u00e9 une commande avec pr\u00e9paiement, pas encore pay\u00e9, et je veux \u00e9changer l&rsquo;article.<\/b><br \/>Malheureusement, nous ne pouvons pas modifier les commandes apr\u00e8s coup ni \u00e9changer les articles. Cependant, si vous n&rsquo;avez encore rien pay\u00e9, nous pouvons bien s\u00fbr annuler la commande pour que vous puissiez commander \u00e0 nouveau l&rsquo;article souhait\u00e9.<\/p>\n<p><b>Pourquoi je ne re\u00e7ois pas d&rsquo;e-mails de sitz.ch ?<\/b><br \/>V\u00e9rifie dans ton compte e-mail les dossiers tels que \u00ab\u00a0Publicit\u00e9\u00a0\u00bb, Spam ou Courrier ind\u00e9sirable. Pour de nombreux fournisseurs de messagerie, tu peux t&rsquo;assurer que les futurs e-mails arrivent dans le bon dossier en d\u00e9pla\u00e7ant une fois le message dans la bo\u00eete de r\u00e9ception ou en ajoutant l&rsquo;adresse e-mail de l&rsquo;exp\u00e9diteur \u00e0 une \u00ab\u00a0liste de diffusion de confiance\u00a0\u00bb.<\/p>\n<p><b>Je n&rsquo;ai pas encore re\u00e7u ma livraison, que puis-je faire?<br \/><\/b>Dans ton compte client, le statut de la commande est affich\u00e9. Le statut \u00ab\u00a0Paiement en attente\u00a0\u00bb signifie que le paiement n&rsquo;a pas encore \u00e9t\u00e9 enregistr\u00e9. V\u00e9rifie si le paiement a \u00e9t\u00e9 effectu\u00e9 correctement. Le statut \u00ab\u00a0En traitement\u00a0\u00bb signifie que la commande a \u00e9t\u00e9 transmise au fournisseur. Nous serons heureux de v\u00e9rifier la date de livraison pour toi via notre service client aupr\u00e8s du fournisseur.<\/p>\n<p><b>Combien de temps dure la livraison?<br \/><\/b>Les produits disponibles en stock sont g\u00e9n\u00e9ralement exp\u00e9di\u00e9s sous 1-2 jours ouvrables apr\u00e8s r\u00e9ception du paiement.<\/p>\n<p><b>J&rsquo;ai command\u00e9 plusieurs articles. Pourquoi tout n&rsquo;est-il pas arriv\u00e9 dans un m\u00eame colis?<br \/><\/b>Selon la disponibilit\u00e9 des articles, il peut y avoir des livraisons partielles.<\/p>\n<p><b>Puis-je acheter directement dans un showroom ?<br \/><\/b>Oui, tu peux passer \u00e0 notre showroom \u00e0 Zurich-Oerlikon et acheter des produits en stock. Notre \u00e9quipe sur place est \u00e0 ta disposition pour passer commande.<\/p>\n<p><b>Que se passe-t-il si je ne suis pas chez moi ? La livraison sera-t-elle apport\u00e9e dans l&rsquo;appartement ?<br \/><\/b>Nous ne laisserons pas la livraison devant ta porte. Nous livrons au pied du domicile et pour les gros appareils, cela est g\u00e9n\u00e9ralement annonc\u00e9.<\/p>\n<p><b>Est-il possible de choisir la date de livraison pour les gros appareils?<br \/><\/b>Pour les gros appareils, une prise de rendez-vous t\u00e9l\u00e9phonique est g\u00e9n\u00e9ralement effectu\u00e9e. Les dates pr\u00e9f\u00e9r\u00e9es sont prises en compte dans la mesure du possible.<\/p>\n<p><b>Je ne peux plus me connecter \u00e0 mon compte client. Que puis-je faire?<br \/><\/b>Pour recevoir un nouveau mot de passe, clique dans la section de connexion de \u00ab\u00a0Mon compte\u00a0\u00bb sur \u00ab\u00a0Mot de passe oubli\u00e9\u00a0\u00bb. Indique l&rsquo;adresse e-mail associ\u00e9e \u00e0 ton compte client. Tu recevras imm\u00e9diatement un e-mail avec un lien pour changer ton mot de passe.<\/p>\n<p><b>Puis-je modifier moi-m\u00eame mon adresse et mes donn\u00e9es utilisateur?<br \/><\/b>Les adresses peuvent \u00eatre modifi\u00e9es sous \u00ab\u00a0Mon compte\u00a0\u00bb. Important : Si la commande a \u00e9t\u00e9 pass\u00e9e et que tu souhaites modifier une adresse par la suite, contacte le service client.<\/p>\n<p><b>Puis-je annuler ma commande en ligne?<br \/><\/b>Une annulation de la commande ne peut \u00eatre effectu\u00e9e que par notre service client.<\/p>\n\t\t\t\t\t\t\t\t<\/div>\n\t\t\t\t<\/div>\n\t\t\t\t\t<\/div>\n\t\t\t\t<\/section>\n\t\t\t\t<\/div>\n\t\t","protected":false},"excerpt":{"rendered":"<p>Quelle est la dur\u00e9e de garantie de mon produit ?Nous vous offrons au moins 2 ans de garantie sur tous les produits. La dur\u00e9e de la garantie varie selon le produit. La garantie originale avec toutes les informations n\u00e9cessaires est incluse avec le produit. Le bon de livraison sert \u00e9galement de certificat de garantie \u2013 [&hellip;]<\/p>\n","protected":false},"author":1,"featured_media":0,"parent":144319,"menu_order":0,"comment_status":"closed","ping_status":"closed","template":"","meta":{"_acf_changed":false,"footnotes":""},"class_list":["post-144851","page","type-page","status-publish","hentry"],"acf":[],"_links":{"self":[{"href":"https:\/\/sitz.ch\/fr\/wp-json\/wp\/v2\/pages\/144851","targetHints":{"allow":["GET"]}}],"collection":[{"href":"https:\/\/sitz.ch\/fr\/wp-json\/wp\/v2\/pages"}],"about":[{"href":"https:\/\/sitz.ch\/fr\/wp-json\/wp\/v2\/types\/page"}],"author":[{"embeddable":true,"href":"https:\/\/sitz.ch\/fr\/wp-json\/wp\/v2\/users\/1"}],"replies":[{"embeddable":true,"href":"https:\/\/sitz.ch\/fr\/wp-json\/wp\/v2\/comments?post=144851"}],"version-history":[{"count":1,"href":"https:\/\/sitz.ch\/fr\/wp-json\/wp\/v2\/pages\/144851\/revisions"}],"predecessor-version":[{"id":144852,"href":"https:\/\/sitz.ch\/fr\/wp-json\/wp\/v2\/pages\/144851\/revisions\/144852"}],"up":[{"embeddable":true,"href":"https:\/\/sitz.ch\/fr\/wp-json\/wp\/v2\/pages\/144319"}],"wp:attachment":[{"href":"https:\/\/sitz.ch\/fr\/wp-json\/wp\/v2\/media?parent=144851"}],"curies":[{"name":"wp","href":"https:\/\/api.w.org\/{rel}","templated":true}]}}