{"id":144867,"date":"2019-10-07T17:35:00","date_gmt":"2019-10-07T15:35:00","guid":{"rendered":"https:\/\/sitz.ch\/service\/expedition-livraison\/"},"modified":"2025-01-15T15:37:37","modified_gmt":"2025-01-15T14:37:37","slug":"expedition-livraison","status":"publish","type":"page","link":"https:\/\/sitz.ch\/fr\/service\/expedition-livraison\/","title":{"rendered":"Exp\u00e9dition &#038; Livraison"},"content":{"rendered":"\t\t<div data-elementor-type=\"wp-page\" data-elementor-id=\"144867\" class=\"elementor elementor-144867 elementor-101\" data-elementor-post-type=\"page\">\n\t\t\t\t<section class=\"elementor-element elementor-element-158d643 e-flex e-con-boxed e-con e-parent\" data-id=\"158d643\" data-element_type=\"container\" data-e-type=\"container\">\n\t\t\t\t\t<div class=\"e-con-inner\">\n\t\t\t\t<div class=\"elementor-element elementor-element-cb41636 elementor-widget elementor-widget-heading\" data-id=\"cb41636\" data-element_type=\"widget\" data-e-type=\"widget\" data-widget_type=\"heading.default\">\n\t\t\t\t<div class=\"elementor-widget-container\">\n\t\t\t\t\t<h2 class=\"elementor-heading-title elementor-size-default\">D\u00e9lai de livraison<\/h2>\t\t\t\t<\/div>\n\t\t\t\t<\/div>\n\t\t\t\t<div class=\"elementor-element elementor-element-e1e3cc7 elementor-widget elementor-widget-text-editor\" data-id=\"e1e3cc7\" data-element_type=\"widget\" data-e-type=\"widget\" data-widget_type=\"text-editor.default\">\n\t\t\t\t<div class=\"elementor-widget-container\">\n\t\t\t\t\t\t\t\t\t<p>Toutes les commandes pass\u00e9es avant 16h (du lundi au vendredi) sont exp\u00e9di\u00e9es le jour m\u00eame et arrivent g\u00e9n\u00e9ralement d\u00e8s le matin du jour ouvrable suivant \u00e0 l&rsquo;adresse de livraison. Pour les clients professionnels, nous livrons uniquement du lundi au vendredi. Pour les clients particuliers, la livraison peut \u00e9galement se faire le samedi selon la r\u00e9gion.<\/p>\n\t\t\t\t\t\t\t\t<\/div>\n\t\t\t\t<\/div>\n\t\t\t\t<div class=\"elementor-element elementor-element-6d89908 elementor-widget elementor-widget-heading\" data-id=\"6d89908\" data-element_type=\"widget\" data-e-type=\"widget\" data-widget_type=\"heading.default\">\n\t\t\t\t<div class=\"elementor-widget-container\">\n\t\t\t\t\t<h2 class=\"elementor-heading-title elementor-size-default\">Frais de livraison<\/h2>\t\t\t\t<\/div>\n\t\t\t\t<\/div>\n\t\t\t\t<div class=\"elementor-element elementor-element-67df11d elementor-widget elementor-widget-text-editor\" data-id=\"67df11d\" data-element_type=\"widget\" data-e-type=\"widget\" data-widget_type=\"text-editor.default\">\n\t\t\t\t<div class=\"elementor-widget-container\">\n\t\t\t\t\t\t\t\t\t<div class=\"vc_row wpb_row row top-row\">\n<div class=\"vc_column_container col-md-12\">\n<div class=\"wpb_wrapper vc_column-inner\">\n<div class=\"wpb_text_column wpb_content_element  vc_custom_1579552055799\">\n<div class=\"wpb_wrapper\">\n<p>La livraison d&rsquo;une commande \u00e0 domicile ou \u00e0 une adresse indiqu\u00e9e est gratuite \u00e0 partir d&rsquo;un montant de commande de CHF 350.\u2013. Pour les commandes en dessous de CHF 350.\u2013, des frais de livraison de CHF 12.- sont appliqu\u00e9s. En cas de retrait, les frais de livraison sont supprim\u00e9s. <a href=\"https:\/\/sitz.ch\/fr\/service\/amenagement-installation\/\">Montages<\/a>, <a href=\"https:\/\/sitz.ch\/fr\/consultation-ergonomique\/\">conseils<\/a> ou <a href=\"https:\/\/sitz.ch\/fr\/service\/retour\/\">retours<\/a> de produits anciens ou de mat\u00e9riaux d&#8217;emballage ne sont pas inclus.<\/p>\n<\/div>\n<\/div>\n<\/div>\n<\/div>\n<\/div>\n\t\t\t\t\t\t\t\t<\/div>\n\t\t\t\t<\/div>\n\t\t\t\t<div class=\"elementor-element elementor-element-ac9c5d4 elementor-widget elementor-widget-heading\" data-id=\"ac9c5d4\" data-element_type=\"widget\" data-e-type=\"widget\" data-widget_type=\"heading.default\">\n\t\t\t\t<div class=\"elementor-widget-container\">\n\t\t\t\t\t<h2 class=\"elementor-heading-title elementor-size-default\">Livraison \u00e0 l'\u00e9tranger<\/h2>\t\t\t\t<\/div>\n\t\t\t\t<\/div>\n\t\t\t\t<div class=\"elementor-element elementor-element-89b3348 elementor-widget elementor-widget-text-editor\" data-id=\"89b3348\" data-element_type=\"widget\" data-e-type=\"widget\" data-widget_type=\"text-editor.default\">\n\t\t\t\t<div class=\"elementor-widget-container\">\n\t\t\t\t\t\t\t\t\t<p>Nous livrons uniquement en Suisse et au Liechtenstein.<\/p>\n\t\t\t\t\t\t\t\t<\/div>\n\t\t\t\t<\/div>\n\t\t\t\t<div class=\"elementor-element elementor-element-3ee4463 elementor-widget elementor-widget-heading\" data-id=\"3ee4463\" data-element_type=\"widget\" data-e-type=\"widget\" data-widget_type=\"heading.default\">\n\t\t\t\t<div class=\"elementor-widget-container\">\n\t\t\t\t\t<h2 class=\"elementor-heading-title elementor-size-default\">Livraison de produits lourds<\/h2>\t\t\t\t<\/div>\n\t\t\t\t<\/div>\n\t\t\t\t<div class=\"elementor-element elementor-element-fbb7849 elementor-widget elementor-widget-text-editor\" data-id=\"fbb7849\" data-element_type=\"widget\" data-e-type=\"widget\" data-widget_type=\"text-editor.default\">\n\t\t\t\t<div class=\"elementor-widget-container\">\n\t\t\t\t\t\t\t\t\t<p>Pour les produits lourds, on te contactera apr\u00e8s la commande pour s&rsquo;assurer que tes produits soient transport\u00e9s jusqu&rsquo;\u00e0 l&rsquo;endroit souhait\u00e9.<\/p>\n\t\t\t\t\t\t\t\t<\/div>\n\t\t\t\t<\/div>\n\t\t\t\t<div class=\"elementor-element elementor-element-dff54e3 elementor-widget elementor-widget-heading\" data-id=\"dff54e3\" data-element_type=\"widget\" data-e-type=\"widget\" data-widget_type=\"heading.default\">\n\t\t\t\t<div class=\"elementor-widget-container\">\n\t\t\t\t\t<h2 class=\"elementor-heading-title elementor-size-default\">Dommages de transport<\/h2>\t\t\t\t<\/div>\n\t\t\t\t<\/div>\n\t\t\t\t<div class=\"elementor-element elementor-element-18771c7 elementor-widget elementor-widget-text-editor\" data-id=\"18771c7\" data-element_type=\"widget\" data-e-type=\"widget\" data-widget_type=\"text-editor.default\">\n\t\t\t\t<div class=\"elementor-widget-container\">\n\t\t\t\t\t\t\t\t\t<p>Merci de v\u00e9rifier soigneusement le paquet \u00e0 sa r\u00e9ception et de nous signaler imm\u00e9diatement tout dommage.<\/p>\n\t\t\t\t\t\t\t\t<\/div>\n\t\t\t\t<\/div>\n\t\t\t\t<div class=\"elementor-element elementor-element-e6575a4 elementor-widget elementor-widget-heading\" data-id=\"e6575a4\" data-element_type=\"widget\" data-e-type=\"widget\" data-widget_type=\"heading.default\">\n\t\t\t\t<div class=\"elementor-widget-container\">\n\t\t\t\t\t<h2 class=\"elementor-heading-title elementor-size-default\">Collecte<\/h2>\t\t\t\t<\/div>\n\t\t\t\t<\/div>\n\t\t\t\t<div class=\"elementor-element elementor-element-1fc179c elementor-widget elementor-widget-text-editor\" data-id=\"1fc179c\" data-element_type=\"widget\" data-e-type=\"widget\" data-widget_type=\"text-editor.default\">\n\t\t\t\t<div class=\"elementor-widget-container\">\n\t\t\t\t\t\t\t\t\t<p>Tu peux venir chercher tous les produits command\u00e9s chez nous \u00e0 Z\u00fcrich-Oerlikon, peu importe leur taille et poids. Pour les commandes d\u00e9j\u00e0 pay\u00e9es, nous demandons, par s\u00e9curit\u00e9, une pi\u00e8ce d&rsquo;identit\u00e9 valide. Assure-toi que ton v\u00e9hicule est assez grand pour transporter les produits. Tu trouveras l&#8217;emplacement de notre boutique et les horaires d&rsquo;ouverture <a href=\"https:\/\/sitz.ch\/fr\/contact\/\">ici<\/a>.<\/p>\n\t\t\t\t\t\t\t\t<\/div>\n\t\t\t\t<\/div>\n\t\t\t\t<div class=\"elementor-element elementor-element-d905c84 elementor-widget elementor-widget-heading\" data-id=\"d905c84\" data-element_type=\"widget\" data-e-type=\"widget\" data-widget_type=\"heading.default\">\n\t\t\t\t<div class=\"elementor-widget-container\">\n\t\t\t\t\t<h2 class=\"elementor-heading-title elementor-size-default\">Installation\/Montage<\/h2>\t\t\t\t<\/div>\n\t\t\t\t<\/div>\n\t\t\t\t<div class=\"elementor-element elementor-element-1e0b89b elementor-widget elementor-widget-text-editor\" data-id=\"1e0b89b\" data-element_type=\"widget\" data-e-type=\"widget\" data-widget_type=\"text-editor.default\">\n\t\t\t\t<div class=\"elementor-widget-container\">\n\t\t\t\t\t\t\t\t\t<div class=\"vc_row wpb_row row top-row\">\n<div class=\"vc_column_container col-md-12\">\n<div class=\"wpb_wrapper vc_column-inner\">\n<div class=\"wpb_text_column wpb_content_element vc_custom_1579552066566\">\n<div class=\"wpb_wrapper\">\n<p>Tu as besoin d&rsquo;aide pour l&rsquo;installation ?\u00a0<a href=\"https:\/\/sitz.ch\/fr\/service\/amenagement-installation\/\">Regarde ici<\/a>.<\/p>\n<\/div>\n<\/div>\n<\/div>\n<\/div>\n<\/div>\n\t\t\t\t\t\t\t\t<\/div>\n\t\t\t\t<\/div>\n\t\t\t\t<div class=\"elementor-element elementor-element-542b432 elementor-widget elementor-widget-heading\" data-id=\"542b432\" data-element_type=\"widget\" data-e-type=\"widget\" data-widget_type=\"heading.default\">\n\t\t\t\t<div class=\"elementor-widget-container\">\n\t\t\t\t\t<h2 class=\"elementor-heading-title elementor-size-default\">D\u00e9p\u00f4t de colis<\/h2>\t\t\t\t<\/div>\n\t\t\t\t<\/div>\n\t\t\t\t<div class=\"elementor-element elementor-element-fca4996 elementor-widget elementor-widget-text-editor\" data-id=\"fca4996\" data-element_type=\"widget\" data-e-type=\"widget\" data-widget_type=\"text-editor.default\">\n\t\t\t\t<div class=\"elementor-widget-container\">\n\t\t\t\t\t\t\t\t\t<p>En cas d&rsquo;absence, les colis de DHL sont repris et livr\u00e9s le lendemain. La Poste te laisse un avis de passage dans ta bo\u00eete aux lettres. Si tu as des questions, tu peux aussi contacter directement la Poste par t\u00e9l\u00e9phone ou par e-mail (Tel. 0848 888 888, Mail kundendienst@post.ch).<\/p>\n\t\t\t\t\t\t\t\t<\/div>\n\t\t\t\t<\/div>\n\t\t\t\t\t<\/div>\n\t\t\t\t<\/section>\n\t\t\t\t<\/div>\n\t\t","protected":false},"excerpt":{"rendered":"<p>D\u00e9lai de livraison Toutes les commandes pass\u00e9es avant 16h (du lundi au vendredi) sont exp\u00e9di\u00e9es le jour m\u00eame et arrivent g\u00e9n\u00e9ralement d\u00e8s le matin du jour ouvrable suivant \u00e0 l&rsquo;adresse de livraison. Pour les clients professionnels, nous livrons uniquement du lundi au vendredi. Pour les clients particuliers, la livraison peut \u00e9galement se faire le samedi [&hellip;]<\/p>\n","protected":false},"author":1,"featured_media":0,"parent":144855,"menu_order":0,"comment_status":"closed","ping_status":"closed","template":"","meta":{"_acf_changed":false,"footnotes":""},"class_list":["post-144867","page","type-page","status-publish","hentry"],"acf":[],"_links":{"self":[{"href":"https:\/\/sitz.ch\/fr\/wp-json\/wp\/v2\/pages\/144867","targetHints":{"allow":["GET"]}}],"collection":[{"href":"https:\/\/sitz.ch\/fr\/wp-json\/wp\/v2\/pages"}],"about":[{"href":"https:\/\/sitz.ch\/fr\/wp-json\/wp\/v2\/types\/page"}],"author":[{"embeddable":true,"href":"https:\/\/sitz.ch\/fr\/wp-json\/wp\/v2\/users\/1"}],"replies":[{"embeddable":true,"href":"https:\/\/sitz.ch\/fr\/wp-json\/wp\/v2\/comments?post=144867"}],"version-history":[{"count":1,"href":"https:\/\/sitz.ch\/fr\/wp-json\/wp\/v2\/pages\/144867\/revisions"}],"predecessor-version":[{"id":144868,"href":"https:\/\/sitz.ch\/fr\/wp-json\/wp\/v2\/pages\/144867\/revisions\/144868"}],"up":[{"embeddable":true,"href":"https:\/\/sitz.ch\/fr\/wp-json\/wp\/v2\/pages\/144855"}],"wp:attachment":[{"href":"https:\/\/sitz.ch\/fr\/wp-json\/wp\/v2\/media?parent=144867"}],"curies":[{"name":"wp","href":"https:\/\/api.w.org\/{rel}","templated":true}]}}