{"id":144880,"date":"2020-05-25T15:53:16","date_gmt":"2020-05-25T13:53:16","guid":{"rendered":"https:\/\/sitz.ch\/entreprise\/cgv\/competition\/"},"modified":"2025-01-15T15:46:08","modified_gmt":"2025-01-15T14:46:08","slug":"competition","status":"publish","type":"page","link":"https:\/\/sitz.ch\/fr\/entreprise\/cgv\/competition\/","title":{"rendered":"Comp\u00e9tition"},"content":{"rendered":"\t\t<div data-elementor-type=\"wp-page\" data-elementor-id=\"144880\" class=\"elementor elementor-144880 elementor-125949\" data-elementor-post-type=\"page\">\n\t\t\t\t<section class=\"elementor-element elementor-element-b8ae1c9 e-flex e-con-boxed e-con e-parent\" data-id=\"b8ae1c9\" data-element_type=\"container\" data-e-type=\"container\">\n\t\t\t\t\t<div class=\"e-con-inner\">\n\t\t\t\t<div class=\"elementor-element elementor-element-9dd4d6e elementor-widget elementor-widget-text-editor\" data-id=\"9dd4d6e\" data-element_type=\"widget\" data-e-type=\"widget\" data-widget_type=\"text-editor.default\">\n\t\t\t\t<div class=\"elementor-widget-container\">\n\t\t\t\t\t\t\t\t\t<div id=\"ultimate-heading-5256651b4e0775365\" class=\"uvc-heading ult-adjust-bottom-margin ultimate-heading-5256651b4e0775365 uvc-1640 \" data-hspacer=\"line_only\" data-halign=\"left\">\n<div class=\"uvc-main-heading ult-responsive\" data-ultimate-target=\".uvc-heading.ultimate-heading-5256651b4e0775365 h2\" data-responsive-json-new=\"{&quot;font-size&quot;:&quot;&quot;,&quot;line-height&quot;:&quot;&quot;}\">\n<h2>Remarque pour les concours<\/h2>\n<\/div>\n<\/div>\n<div class=\"wpb_text_column wpb_content_element vc_custom_1590472193928\">\n<div class=\"wpb_wrapper\">\n<p>Cette action n&rsquo;est li\u00e9e \u00e0 aucune plateforme de m\u00e9dias sociaux utilis\u00e9e (Facebook\/Instagram\/YouTube\/etc.) et n&rsquo;est en aucun cas sponsoris\u00e9e, soutenue ou organis\u00e9e par la plateforme. Le destinataire des informations que vous fournissez n&rsquo;est pas la plateforme, mais la ErgoPoint GmbH. Nous vous prions de ne pas adresser vos questions, commentaires ou plaintes \u00e0 la plateforme, mais directement \u00e0 nous \u00e0 l&rsquo;adresse info@sitz.ch.<\/p>\n<\/div>\n<\/div>\n<div id=\"ultimate-heading-4913651b4e0775c88\" class=\"uvc-heading ult-adjust-bottom-margin ultimate-heading-4913651b4e0775c88 uvc-582 \" data-hspacer=\"line_only\" data-halign=\"left\">\n<div class=\"uvc-main-heading ult-responsive\" data-ultimate-target=\".uvc-heading.ultimate-heading-4913651b4e0775c88 h2\" data-responsive-json-new=\"{&quot;font-size&quot;:&quot;&quot;,&quot;line-height&quot;:&quot;&quot;}\">\n<h2>Conditions g\u00e9n\u00e9rales de participation aux concours<\/h2>\n<\/div>\n<\/div>\n<div class=\"wpb_text_column wpb_content_element vc_custom_1591683742487\">\n<div class=\"wpb_wrapper\">\n<ol start=\"1\">\n<li>Organisateur du concours : ErgoPoint GmbH (sitz.ch)<\/li>\n<li>La participation est gratuite<\/li>\n<li>Sont \u00e9ligibles tous les fans Facebook de sitz.ch, followers Instagram ainsi que les non-fans et non-followers, \u00e2g\u00e9s de plus de 18 ans et r\u00e9sidant en Suisse.<\/li>\n<li>Le recours l\u00e9gal est exclu. Les employ\u00e9s de sitz.ch ainsi que leurs proches ne sont pas autoris\u00e9s \u00e0 participer.<\/li>\n<li>\u00c0 moins d&rsquo;indication contraire, les gains, la p\u00e9riode de participation ainsi que les conditions de participation sont annonc\u00e9s dans le post du concours.<\/li>\n<li>Chaque personne peut participer une seule fois. Plusieurs commentaires ne conduisent pas \u00e0 des participations suppl\u00e9mentaires. Nous nous r\u00e9servons le droit de supprimer les contributions qui enfreignent les directives de Facebook, le droit suisse, le droit d&rsquo;auteur ou nos CGV, et d&rsquo;exclure leur auteur de la participation. Sitz.ch n&rsquo;est pas responsable des contributions publi\u00e9es par les participants dans le cadre du jeu-concours.<\/li>\n<li>Toutes les taxes, frais de livraison ou autres charges r\u00e9sultant d&rsquo;un gain sont \u00e0 la charge des gagnants. La gagnante ou le gagnant d&rsquo;un prix doit \u00e9galement fournir une copie d&rsquo;une attestation de domicile valide.<\/li>\n<li>Les gagnants seront contact\u00e9s directement par nous. Le gagnant sera inform\u00e9 peu de temps apr\u00e8s, au plus tard une semaine apr\u00e8s la date de fin annonc\u00e9e dans le post du concours. Apr\u00e8s la notification, le gagnant a trois jours pour nous contacter par email \u00e0 info@sitz.ch. Un message suppl\u00e9mentaire doit \u00eatre envoy\u00e9 au compte de m\u00e9dias sociaux utilis\u00e9 pour participer pour v\u00e9rification. Si un gagnant ne se manifeste pas dans le temps imparti, le gain est annul\u00e9 sans compensation, et le prix est attribu\u00e9 \u00e0 un autre participant. Les gagnants sont choisis par tirage au sort. Le prix ne peut \u00eatre ni \u00e9chang\u00e9 contre de l&rsquo;argent, ni remplac\u00e9.<\/li>\n<li>L&rsquo;envoi du prix se fait g\u00e9n\u00e9ralement par la poste dans un d\u00e9lai maximum de 28 jours apr\u00e8s l&rsquo;annonce des gagnants.<\/li>\n<li>Les modifications, ajustements, suspensions ou arr\u00eat anticip\u00e9 du concours pour des raisons particuli\u00e8res sont express\u00e9ment r\u00e9serv\u00e9s.<\/li>\n<li>Le prix n&rsquo;est pas revendable et sera signal\u00e9 en cas de revente.<\/li>\n<li>Les prix mentionn\u00e9s dans le texte du concours seront tir\u00e9s au sort. Un paiement en esp\u00e8ces est exclu.<\/li>\n<\/ol>\n<\/div>\n<\/div>\n<div id=\"ultimate-heading-3562651b4e0775efc\" class=\"uvc-heading ult-adjust-bottom-margin ultimate-heading-3562651b4e0775efc uvc-1955 \" data-hspacer=\"line_only\" data-halign=\"left\">\n<div class=\"uvc-main-heading ult-responsive\" data-ultimate-target=\".uvc-heading.ultimate-heading-3562651b4e0775efc h2\" data-responsive-json-new=\"{&quot;font-size&quot;:&quot;&quot;,&quot;line-height&quot;:&quot;&quot;}\">\n<h2>Responsabilit\u00e9<\/h2>\n<\/div>\n<\/div>\n<div class=\"wpb_text_column wpb_content_element vc_custom_1590472133488\">\n<div class=\"wpb_wrapper\">\n<p>Tous les participants sont tenus de ne pas poster de contenu ill\u00e9gal. Les contributions ne doivent contenir ni insultes, ni faits faux, ni infractions au droit de la concurrence, aux marques ou au droit d&rsquo;auteur. Si, malgr\u00e9 cela, des tiers font valoir des droits en raison de la violation de leurs droits, le participant d\u00e9gage la ErgoPoint GmbH de toute responsabilit\u00e9. En participant \u00e0 ce jeu-concours, chaque participant s&rsquo;engage \u00e0 assumer personnellement toute violation de la loi.<\/p>\n<\/div>\n<\/div>\n<div id=\"ultimate-heading-7207651b4e07760b9\" class=\"uvc-heading ult-adjust-bottom-margin ultimate-heading-7207651b4e07760b9 uvc-7873 \" data-hspacer=\"line_only\" data-halign=\"left\">\n<div class=\"uvc-main-heading ult-responsive\" data-ultimate-target=\".uvc-heading.ultimate-heading-7207651b4e07760b9 h2\" data-responsive-json-new=\"{&quot;font-size&quot;:&quot;&quot;,&quot;line-height&quot;:&quot;&quot;}\">\n<h2>Protection des donn\u00e9es<\/h2>\n<\/div>\n<\/div>\n<div class=\"wpb_text_column wpb_content_element vc_custom_1590414781440\">\n<div class=\"wpb_wrapper\">\n<p>Sitz.ch utilise les donn\u00e9es personnelles du gagnant (nom et adresse) uniquement pour la livraison du prix. Les donn\u00e9es ne sont pas transmises \u00e0 des tiers et ne sont pas utilis\u00e9es \u00e0 des fins publicitaires. Apr\u00e8s l&rsquo;envoi r\u00e9ussi, toutes les donn\u00e9es utilisateur sont enti\u00e8rement supprim\u00e9es dans la mesure permise par la loi.<\/p>\n<\/div>\n<\/div>\n<div id=\"ultimate-heading-9081651b4e0776264\" class=\"uvc-heading ult-adjust-bottom-margin ultimate-heading-9081651b4e0776264 uvc-138 \" data-hspacer=\"line_only\" data-halign=\"left\">\n<div class=\"uvc-main-heading ult-responsive\" data-ultimate-target=\".uvc-heading.ultimate-heading-9081651b4e0776264 h2\" data-responsive-json-new=\"{&quot;font-size&quot;:&quot;&quot;,&quot;line-height&quot;:&quot;&quot;}\">\n<h2>Octroi des droits d&rsquo;utilisation<\/h2>\n<\/div>\n<\/div>\n<div class=\"wpb_text_column wpb_content_element vc_custom_1590477434452\">\n<div class=\"wpb_wrapper\">\n<p>Le\/La participant(e) assure qu&rsquo;il\/elle dispose de tous les droits sur l&rsquo;image soumise, qu&rsquo;il\/elle a les droits de jouissance illimit\u00e9s de toutes les parties de l&rsquo;image, que l&rsquo;image est libre de droits de tiers et que la repr\u00e9sentation de personnes ne viole pas les droits \u00e0 l&rsquo;image. Dans la mesure o\u00f9 une ou plusieurs personnes sont clairement visibles sur la photo, elles doivent avoir consenti \u00e0 la publication. Le\/La participant(e) accorde \u00e0 ErgoPoint GmbH le droit d&rsquo;utiliser les photos de mani\u00e8re illimit\u00e9e dans le temps, l&rsquo;espace et le contenu, sans frais, mais non exclusive, y compris le droit de les modifier. Ceci, ind\u00e9pendamment du m\u00e9dia dans lequel la publication est effectu\u00e9e. ErgoPoint GmbH est autoris\u00e9e \u00e0 utiliser les photos \u00e0 ses propres fins \u00e0 tout moment. Aucune r\u00e9mun\u00e9ration ne sera vers\u00e9e pour la publication et l&rsquo;utilisation des images.<\/p>\n<\/div>\n<\/div>\n<div id=\"ultimate-heading-5862651b4e0776414\" class=\"uvc-heading ult-adjust-bottom-margin ultimate-heading-5862651b4e0776414 uvc-2103 \" data-hspacer=\"line_only\" data-halign=\"left\">\n<div class=\"uvc-main-heading ult-responsive\" data-ultimate-target=\".uvc-heading.ultimate-heading-5862651b4e0776414 h2\" data-responsive-json-new=\"{&quot;font-size&quot;:&quot;&quot;,&quot;line-height&quot;:&quot;&quot;}\">\n<h2>Responsable<\/h2>\n<\/div>\n<\/div>\n<div class=\"wpb_text_column wpb_content_element vc_custom_1590415340265\">\n<div class=\"wpb_wrapper\">\n<p><strong>ErgoPoint GmbH<\/strong><br \/>Wallisellenstrasse 453<br \/>8050 Z\u00fcrich-Oerlikon<br \/>+41 44 305 30 80<br \/>info@sitz.ch<\/p>\n<\/div \n\n\t\t\t\t\t\t\t\t<\/div>\n\t\t\t\t<\/div>\n\t\t\t\t\t<\/div>\n\t\t\t\t<\/section>\n\t\t\t\t<\/div>\n\t\t","protected":false},"excerpt":{"rendered":"<p>Remarque pour les concours Cette action n&rsquo;est li\u00e9e \u00e0 aucune plateforme de m\u00e9dias sociaux utilis\u00e9e (Facebook\/Instagram\/YouTube\/etc.) et n&rsquo;est en aucun cas sponsoris\u00e9e, soutenue ou organis\u00e9e par la plateforme. Le destinataire des informations que vous fournissez n&rsquo;est pas la plateforme, mais la ErgoPoint GmbH. Nous vous prions de ne pas adresser vos questions, commentaires ou plaintes [&hellip;]<\/p>\n","protected":false},"author":1,"featured_media":0,"parent":144875,"menu_order":0,"comment_status":"closed","ping_status":"closed","template":"","meta":{"_acf_changed":false,"footnotes":""},"class_list":["post-144880","page","type-page","status-publish","hentry"],"acf":[],"_links":{"self":[{"href":"https:\/\/sitz.ch\/fr\/wp-json\/wp\/v2\/pages\/144880","targetHints":{"allow":["GET"]}}],"collection":[{"href":"https:\/\/sitz.ch\/fr\/wp-json\/wp\/v2\/pages"}],"about":[{"href":"https:\/\/sitz.ch\/fr\/wp-json\/wp\/v2\/types\/page"}],"author":[{"embeddable":true,"href":"https:\/\/sitz.ch\/fr\/wp-json\/wp\/v2\/users\/1"}],"replies":[{"embeddable":true,"href":"https:\/\/sitz.ch\/fr\/wp-json\/wp\/v2\/comments?post=144880"}],"version-history":[{"count":1,"href":"https:\/\/sitz.ch\/fr\/wp-json\/wp\/v2\/pages\/144880\/revisions"}],"predecessor-version":[{"id":144881,"href":"https:\/\/sitz.ch\/fr\/wp-json\/wp\/v2\/pages\/144880\/revisions\/144881"}],"up":[{"embeddable":true,"href":"https:\/\/sitz.ch\/fr\/wp-json\/wp\/v2\/pages\/144875"}],"wp:attachment":[{"href":"https:\/\/sitz.ch\/fr\/wp-json\/wp\/v2\/media?parent=144880"}],"curies":[{"name":"wp","href":"https:\/\/api.w.org\/{rel}","templated":true}]}}