{"id":144884,"date":"2019-10-13T23:15:00","date_gmt":"2019-10-13T21:15:00","guid":{"rendered":"https:\/\/sitz.ch\/entreprise\/mentions-legales\/"},"modified":"2025-01-15T15:50:06","modified_gmt":"2025-01-15T14:50:06","slug":"mentions-legales","status":"publish","type":"page","link":"https:\/\/sitz.ch\/fr\/entreprise\/mentions-legales\/","title":{"rendered":"Mentions l\u00e9gales"},"content":{"rendered":"\t\t<div data-elementor-type=\"wp-page\" data-elementor-id=\"144884\" class=\"elementor elementor-144884 elementor-180\" data-elementor-post-type=\"page\">\n\t\t\t\t<section class=\"elementor-element elementor-element-edc09a7 e-flex e-con-boxed e-con e-parent\" data-id=\"edc09a7\" data-element_type=\"container\" data-e-type=\"container\">\n\t\t\t\t\t<div class=\"e-con-inner\">\n\t\t\t\t<div class=\"elementor-element elementor-element-a39d227 elementor-widget elementor-widget-heading\" data-id=\"a39d227\" data-element_type=\"widget\" data-e-type=\"widget\" data-widget_type=\"heading.default\">\n\t\t\t\t<div class=\"elementor-widget-container\">\n\t\t\t\t\t<h3 class=\"elementor-heading-title elementor-size-default\">Contact<\/h3>\t\t\t\t<\/div>\n\t\t\t\t<\/div>\n\t\t\t\t<div class=\"elementor-element elementor-element-a3f785d elementor-widget elementor-widget-text-editor\" data-id=\"a3f785d\" data-element_type=\"widget\" data-e-type=\"widget\" data-widget_type=\"text-editor.default\">\n\t\t\t\t<div class=\"elementor-widget-container\">\n\t\t\t\t\t\t\t\t\t<p>ErgoPoint GmbH<br \/>Wallisellenstrasse 453<br \/>8050 Z\u00fcrich-Oerlikon<br \/>+41 44 305 30 80<br \/>info@sitz.ch<br \/>https:\/\/sitz.ch<\/p>\n\t\t\t\t\t\t\t\t<\/div>\n\t\t\t\t<\/div>\n\t\t\t\t<div class=\"elementor-element elementor-element-cb88619 elementor-widget elementor-widget-heading\" data-id=\"cb88619\" data-element_type=\"widget\" data-e-type=\"widget\" data-widget_type=\"heading.default\">\n\t\t\t\t<div class=\"elementor-widget-container\">\n\t\t\t\t\t<h3 class=\"elementor-heading-title elementor-size-default\">Personne(s) autoris\u00e9e(s) \u00e0 repr\u00e9senter<\/h3>\t\t\t\t<\/div>\n\t\t\t\t<\/div>\n\t\t\t\t<div class=\"elementor-element elementor-element-197c90e elementor-widget elementor-widget-text-editor\" data-id=\"197c90e\" data-element_type=\"widget\" data-e-type=\"widget\" data-widget_type=\"text-editor.default\">\n\t\t\t\t<div class=\"elementor-widget-container\">\n\t\t\t\t\t\t\t\t\t<p>Michel Borloz, propri\u00e9taire<\/p>\n\t\t\t\t\t\t\t\t<\/div>\n\t\t\t\t<\/div>\n\t\t\t\t<div class=\"elementor-element elementor-element-a50fcee elementor-widget elementor-widget-heading\" data-id=\"a50fcee\" data-element_type=\"widget\" data-e-type=\"widget\" data-widget_type=\"heading.default\">\n\t\t\t\t<div class=\"elementor-widget-container\">\n\t\t\t\t\t<h3 class=\"elementor-heading-title elementor-size-default\">Inscription au registre du commerce<\/h3>\t\t\t\t<\/div>\n\t\t\t\t<\/div>\n\t\t\t\t<div class=\"elementor-element elementor-element-d8b268c elementor-widget elementor-widget-text-editor\" data-id=\"d8b268c\" data-element_type=\"widget\" data-e-type=\"widget\" data-widget_type=\"text-editor.default\">\n\t\t\t\t<div class=\"elementor-widget-container\">\n\t\t\t\t\t\t\t\t\t<p>MwSt.No.: CHE-104.275.571<\/p>\n\t\t\t\t\t\t\t\t<\/div>\n\t\t\t\t<\/div>\n\t\t\t\t<div class=\"elementor-element elementor-element-5db4184 elementor-widget elementor-widget-heading\" data-id=\"5db4184\" data-element_type=\"widget\" data-e-type=\"widget\" data-widget_type=\"heading.default\">\n\t\t\t\t<div class=\"elementor-widget-container\">\n\t\t\t\t\t<h3 class=\"elementor-heading-title elementor-size-default\">Disclaimer<\/h3>\t\t\t\t<\/div>\n\t\t\t\t<\/div>\n\t\t\t\t<div class=\"elementor-element elementor-element-9e559e3 elementor-widget elementor-widget-text-editor\" data-id=\"9e559e3\" data-element_type=\"widget\" data-e-type=\"widget\" data-widget_type=\"text-editor.default\">\n\t\t\t\t<div class=\"elementor-widget-container\">\n\t\t\t\t\t\t\t\t\tL&rsquo;auteur ne garantit aucunement l&rsquo;exactitude, la pr\u00e9cision, l&rsquo;actualit\u00e9, la fiabilit\u00e9 ou l&rsquo;exhaustivit\u00e9 des informations fournies. <br> Les r\u00e9clamations contre l&rsquo;auteur pour des dommages mat\u00e9riels ou immat\u00e9riels r\u00e9sultant de l&rsquo;acc\u00e8s, de l&rsquo;utilisation ou du non-usage des informations publi\u00e9es, de l&rsquo;abus de la connexion ou de dysfonctionnements techniques sont exclues. <br> Toutes les offres sont sans engagement. L&rsquo;auteur se r\u00e9serve express\u00e9ment le droit de modifier, de compl\u00e9ter, de supprimer ou de suspendre temporairement ou d\u00e9finitivement la publication de parties des pages ou de l&rsquo;ensemble de l&rsquo;offre sans pr\u00e9avis particulier.\t\t\t\t\t\t\t\t<\/div>\n\t\t\t\t<\/div>\n\t\t\t\t<div class=\"elementor-element elementor-element-98dd90b elementor-widget elementor-widget-heading\" data-id=\"98dd90b\" data-element_type=\"widget\" data-e-type=\"widget\" data-widget_type=\"heading.default\">\n\t\t\t\t<div class=\"elementor-widget-container\">\n\t\t\t\t\t<h3 class=\"elementor-heading-title elementor-size-default\">Droits d'auteur<\/h3>\t\t\t\t<\/div>\n\t\t\t\t<\/div>\n\t\t\t\t<div class=\"elementor-element elementor-element-3f289c7 elementor-widget elementor-widget-text-editor\" data-id=\"3f289c7\" data-element_type=\"widget\" data-e-type=\"widget\" data-widget_type=\"text-editor.default\">\n\t\t\t\t<div class=\"elementor-widget-container\">\n\t\t\t\t\t\t\t\t\t<p>L&rsquo;ensemble du site web est soumis \u00e0 la l\u00e9gislation suisse. Tous les droits, notamment les droits de propri\u00e9t\u00e9 intellectuelle, appartiennent \u00e0 ErgoPoint GmbH. La reproduction de l&rsquo;ensemble du site ou d&rsquo;une partie quelconque (par exemple, images, catalogues, noms de produits, textes ou logos) sur tout support \u00e9lectronique ou papier est interdite, sauf autorisation \u00e9crite expresse d&rsquo;ErgoPoint GmbH.<\/p>\n\t\t\t\t\t\t\t\t<\/div>\n\t\t\t\t<\/div>\n\t\t\t\t<div class=\"elementor-element elementor-element-b063a62 elementor-widget elementor-widget-heading\" data-id=\"b063a62\" data-element_type=\"widget\" data-e-type=\"widget\" data-widget_type=\"heading.default\">\n\t\t\t\t<div class=\"elementor-widget-container\">\n\t\t\t\t\t<h3 class=\"elementor-heading-title elementor-size-default\">Mise en \u0153uvre technique et conception web<\/h3>\t\t\t\t<\/div>\n\t\t\t\t<\/div>\n\t\t\t\t<div class=\"elementor-element elementor-element-f969d4e elementor-widget elementor-widget-text-editor\" data-id=\"f969d4e\" data-element_type=\"widget\" data-e-type=\"widget\" data-widget_type=\"text-editor.default\">\n\t\t\t\t<div class=\"elementor-widget-container\">\n\t\t\t\t\t\t\t\t\t<p>La r\u00e9alisation technique et le design de ce site ont \u00e9t\u00e9 effectu\u00e9s avec soin par Smartala\u00ae. Le contenu est sous la responsabilit\u00e9 du propri\u00e9taire de ce site. En cas de difficult\u00e9s techniques, veuillez contacter le webmaster : <a href=\"https:\/\/smartala.ch\" target=\"_blank\" rel=\"noopener\">https:\/\/smartala.ch<\/a><\/p>\n\t\t\t\t\t\t\t\t<\/div>\n\t\t\t\t<\/div>\n\t\t\t\t\t<\/div>\n\t\t\t\t<\/section>\n\t\t\t\t<\/div>\n\t\t","protected":false},"excerpt":{"rendered":"<p>Contact ErgoPoint GmbHWallisellenstrasse 4538050 Z\u00fcrich-Oerlikon+41 44 305 30 80info@sitz.chhttps:\/\/sitz.ch Personne(s) autoris\u00e9e(s) \u00e0 repr\u00e9senter Michel Borloz, propri\u00e9taire Inscription au registre du commerce MwSt.No.: CHE-104.275.571 Disclaimer L&rsquo;auteur ne garantit aucunement l&rsquo;exactitude, la pr\u00e9cision, l&rsquo;actualit\u00e9, la fiabilit\u00e9 ou l&rsquo;exhaustivit\u00e9 des informations fournies. Les r\u00e9clamations contre l&rsquo;auteur pour des dommages mat\u00e9riels ou immat\u00e9riels r\u00e9sultant de l&rsquo;acc\u00e8s, de l&rsquo;utilisation ou [&hellip;]<\/p>\n","protected":false},"author":1,"featured_media":0,"parent":144878,"menu_order":0,"comment_status":"closed","ping_status":"closed","template":"","meta":{"_acf_changed":false,"footnotes":""},"class_list":["post-144884","page","type-page","status-publish","hentry"],"acf":[],"_links":{"self":[{"href":"https:\/\/sitz.ch\/fr\/wp-json\/wp\/v2\/pages\/144884","targetHints":{"allow":["GET"]}}],"collection":[{"href":"https:\/\/sitz.ch\/fr\/wp-json\/wp\/v2\/pages"}],"about":[{"href":"https:\/\/sitz.ch\/fr\/wp-json\/wp\/v2\/types\/page"}],"author":[{"embeddable":true,"href":"https:\/\/sitz.ch\/fr\/wp-json\/wp\/v2\/users\/1"}],"replies":[{"embeddable":true,"href":"https:\/\/sitz.ch\/fr\/wp-json\/wp\/v2\/comments?post=144884"}],"version-history":[{"count":1,"href":"https:\/\/sitz.ch\/fr\/wp-json\/wp\/v2\/pages\/144884\/revisions"}],"predecessor-version":[{"id":144885,"href":"https:\/\/sitz.ch\/fr\/wp-json\/wp\/v2\/pages\/144884\/revisions\/144885"}],"up":[{"embeddable":true,"href":"https:\/\/sitz.ch\/fr\/wp-json\/wp\/v2\/pages\/144878"}],"wp:attachment":[{"href":"https:\/\/sitz.ch\/fr\/wp-json\/wp\/v2\/media?parent=144884"}],"curies":[{"name":"wp","href":"https:\/\/api.w.org\/{rel}","templated":true}]}}