{"id":144890,"date":"2019-10-13T23:13:13","date_gmt":"2019-10-13T21:13:13","guid":{"rendered":"https:\/\/sitz.ch\/entreprise\/presse\/"},"modified":"2025-01-15T15:54:34","modified_gmt":"2025-01-15T14:54:34","slug":"presse","status":"publish","type":"page","link":"https:\/\/sitz.ch\/fr\/entreprise\/presse\/","title":{"rendered":"Presse"},"content":{"rendered":"\t\t<div data-elementor-type=\"wp-page\" data-elementor-id=\"144890\" class=\"elementor elementor-144890 elementor-175\" data-elementor-post-type=\"page\">\n\t\t\t\t<section class=\"elementor-element elementor-element-78baff6 e-flex e-con-boxed e-con e-parent\" data-id=\"78baff6\" data-element_type=\"container\" data-e-type=\"container\">\n\t\t\t\t\t<div class=\"e-con-inner\">\n\t\t\t\t<div class=\"elementor-element elementor-element-769fcbc elementor-widget elementor-widget-text-editor\" data-id=\"769fcbc\" data-element_type=\"widget\" data-e-type=\"widget\" data-widget_type=\"text-editor.default\">\n\t\t\t\t<div class=\"elementor-widget-container\">\n\t\t\t\t\t\t\t\t\t<div class=\"vc_row wpb_row row top-row\">\n<div class=\"vc_column_container col-md-12\">\n<div class=\"wpb_wrapper vc_column-inner\">\n<div id=\"ultimate-heading-3794651b4fc64721c\" class=\"uvc-heading ult-adjust-bottom-margin ultimate-heading-3794651b4fc64721c uvc-7656 \" data-hspacer=\"line_only\" data-halign=\"left\">\n<div class=\"uvc-main-heading ult-responsive\" data-ultimate-target=\".uvc-heading.ultimate-heading-3794651b4fc64721c h2\" data-responsive-json-new=\"{&quot;font-size&quot;:&quot;&quot;,&quot;line-height&quot;:&quot;&quot;}\">\n<h2>Presse<\/h2>\n<\/div>\n<div class=\"uvc-heading-spacer line_only\">\u00a0<\/div>\n<\/div>\n<div class=\"wpb_text_column wpb_content_element  vc_custom_1572124982615\">\n<div class=\"wpb_wrapper\">\n<p>Chers amis des m\u00e9dias<\/p>\n<p>On est \u00e0 votre disposition pour toutes questions sur notre entreprise ou nos produits. Besoin de tester nos \u00e9quipements ou envie de rejoindre notre liste de presse? N&rsquo;h\u00e9sitez pas \u00e0 nous contacter.<\/p>\n<p>On a h\u00e2te de recevoir votre <a href=\"https:\/\/sitz.ch\/fr\/contact\/\">message<\/a>.<\/p>\n<\/div>\n<\/div>\n<\/div>\n<\/div>\n<\/div>\n<div class=\"vc_row wpb_row row top-row\">\n<div class=\"vc_column_container col-md-12\">\n<div class=\"wpb_wrapper vc_column-inner\">\n<div id=\"ultimate-heading-5380651b4fc648180\" class=\"uvc-heading ult-adjust-bottom-margin ultimate-heading-5380651b4fc648180 uvc-4040 \" data-hspacer=\"line_only\" data-halign=\"left\">\n<div class=\"uvc-main-heading ult-responsive\" data-ultimate-target=\".uvc-heading.ultimate-heading-5380651b4fc648180 h2\" data-responsive-json-new=\"{&quot;font-size&quot;:&quot;&quot;,&quot;line-height&quot;:&quot;&quot;}\">\n<h2>Communiqu\u00e9s de presse<\/h2>\n<\/div>\n<div class=\"uvc-heading-spacer line_only\">\u00a0<\/div>\n<\/div>\n<div class=\"porto-sicon-box  vc_custom_1572125369149 text-left  wpb_custom_1efe903570d178ff0a9b7bfa5febd3a4 style_1 left-icon\">\n<div class=\"porto-sicon-left\">\n<div class=\"porto-just-icon-wrapper porto-icon none\">\u00a0<\/div>\n<\/div>\n<div class=\"porto-sicon-body\">\n<div class=\"porto-sicon-header\">\n<h3 class=\"porto-sicon-title\">Communiqu\u00e9 de presse novembre 2017<\/h3>\n<p>Le premier Mobil&rsquo; de pr\u00e9vention ergonomique en Suisse<\/p>\n<\/div>\n<\/div>\n<\/div>\n<\/div>\n<\/div>\n<\/div>\n<div class=\"vc_row wpb_row row top-row\">\n<div class=\"vc_column_container col-md-12\">\n<div class=\"wpb_wrapper vc_column-inner\">\n<div id=\"ultimate-heading-8346651b4fc6487c3\" class=\"uvc-heading ult-adjust-bottom-margin ultimate-heading-8346651b4fc6487c3 uvc-4250 \" data-hspacer=\"line_only\" data-halign=\"left\">\n<div class=\"uvc-main-heading ult-responsive\" data-ultimate-target=\".uvc-heading.ultimate-heading-8346651b4fc6487c3 h2\" data-responsive-json-new=\"{&quot;font-size&quot;:&quot;&quot;,&quot;line-height&quot;:&quot;&quot;}\">\n<h2>M\u00e9diath\u00e8que<\/h2>\n<\/div>\n<div class=\"uvc-heading-spacer line_only\">\u00a0<\/div>\n<\/div>\n<div class=\"porto-sicon-box  vc_custom_1572125537896 text-left  wpb_custom_1efe903570d178ff0a9b7bfa5febd3a4 style_1 left-icon\">\n<div class=\"porto-sicon-left\">\n<div class=\"porto-just-icon-wrapper porto-icon none\">\u00a0<\/div>\n<\/div>\n<div class=\"porto-sicon-body\">\n<div class=\"porto-sicon-header\">\n<h3 class=\"porto-sicon-title\">Images \u00e0 t\u00e9l\u00e9charger<\/h3>\n<p>Logos, banni\u00e8res, boutique, \u00e9quipe<\/p>\n<\/div>\n<\/div>\n<\/div>\n<\/div>\n<\/div>\n<\/div>\n\t\t\t\t\t\t\t\t<\/div>\n\t\t\t\t<\/div>\n\t\t\t\t\t<\/div>\n\t\t\t\t<\/section>\n\t\t\t\t<\/div>\n\t\t","protected":false},"excerpt":{"rendered":"<p>Presse \u00a0 Chers amis des m\u00e9dias On est \u00e0 votre disposition pour toutes questions sur notre entreprise ou nos produits. Besoin de tester nos \u00e9quipements ou envie de rejoindre notre liste de presse? N&rsquo;h\u00e9sitez pas \u00e0 nous contacter. On a h\u00e2te de recevoir votre message. Communiqu\u00e9s de presse \u00a0 \u00a0 Communiqu\u00e9 de presse novembre 2017 [&hellip;]<\/p>\n","protected":false},"author":1,"featured_media":0,"parent":144878,"menu_order":0,"comment_status":"closed","ping_status":"closed","template":"","meta":{"_acf_changed":false,"footnotes":""},"class_list":["post-144890","page","type-page","status-publish","hentry"],"acf":[],"_links":{"self":[{"href":"https:\/\/sitz.ch\/fr\/wp-json\/wp\/v2\/pages\/144890","targetHints":{"allow":["GET"]}}],"collection":[{"href":"https:\/\/sitz.ch\/fr\/wp-json\/wp\/v2\/pages"}],"about":[{"href":"https:\/\/sitz.ch\/fr\/wp-json\/wp\/v2\/types\/page"}],"author":[{"embeddable":true,"href":"https:\/\/sitz.ch\/fr\/wp-json\/wp\/v2\/users\/1"}],"replies":[{"embeddable":true,"href":"https:\/\/sitz.ch\/fr\/wp-json\/wp\/v2\/comments?post=144890"}],"version-history":[{"count":1,"href":"https:\/\/sitz.ch\/fr\/wp-json\/wp\/v2\/pages\/144890\/revisions"}],"predecessor-version":[{"id":144891,"href":"https:\/\/sitz.ch\/fr\/wp-json\/wp\/v2\/pages\/144890\/revisions\/144891"}],"up":[{"embeddable":true,"href":"https:\/\/sitz.ch\/fr\/wp-json\/wp\/v2\/pages\/144878"}],"wp:attachment":[{"href":"https:\/\/sitz.ch\/fr\/wp-json\/wp\/v2\/media?parent=144890"}],"curies":[{"name":"wp","href":"https:\/\/api.w.org\/{rel}","templated":true}]}}