{"id":122877,"date":"2016-11-11T23:32:15","date_gmt":"2016-11-11T22:32:15","guid":{"rendered":"https:\/\/sitz.ch\/produkt\/rollermouse-red\/"},"modified":"2026-03-20T10:22:41","modified_gmt":"2026-03-20T09:22:41","slug":"contour-rollermouse-red-kabel","status":"publish","type":"product","link":"https:\/\/sitz.ch\/fr\/produit\/contour-rollermouse-red-kabel\/","title":{"rendered":"Contour RollerMouse Red"},"content":{"rendered":"<p>Die Weiterentwicklung der RollerMouse ist da: die\u00a0<strong>RollerMouse Red.<\/strong><br \/>\nDer Rollstab zur Navigation hat einen\u00a0<strong>gr\u00f6sseren Durchmesser\u00a0<\/strong>und ben\u00f6tigt\u00a0<strong>weniger Druck<\/strong> zum Klicken. Die Red ist\u00a0<strong>pr\u00e4zise, schnell und komfortabel.<\/strong><\/p>\n<p>Die RollerMouse ist eine innovative L\u00f6sung zur Mausbedienung. Die Maus liegt unter der Mitte der Tastatur und kann von beiden H\u00e4nden bedient werden. <strong>Die\u00a0Navigation erfolgt \u00fcber den Rollstab<\/strong>, der Bewegungen auf dem Bildschirm in alle Richtungen zul\u00e4sst. Der 18 cm breite Rollstab bietet bequem allen Fingern beider H\u00e4nde Platz, eine einseitige Belastung der \u00ab\u00a0Maushand\u00a0\u00bb wird so vermieden.<\/p>\n<p>Die RollerMouse Red verf\u00fcgt \u00fcber\u00a0<strong>f\u00fcnf zus\u00e4tzliche Tasten<\/strong>\u00a0f\u00fcr den Links-, Rechts- und den Doppelklick, f\u00fcr \u00ab\u00a0Kopieren\u00a0\u00bb und f\u00fcr \u00ab\u00a0Einf\u00fcgen\u00a0\u00bb. Eine weitere sechste Taste dient der Einstellung der Mauszeigergeschwindigkeit und der Klicklautst\u00e4rke. Das mittige\u00a0Scrollrad\u00a0ist extrabreit.<\/p>\n<p>Die RollerMouse Red ist aus hochwertigem Aluminium gefertigt und verf\u00fcgt \u00fcber eine\u00a0<strong>abnehmbare Handgelenkst\u00fctze<\/strong>\u00a0aus Kunstleder.<\/p>\n<p><strong>Masse<\/strong>:\u00a041 x 2.3 x 10 cm (B x H x T). Gewicht: 840 g.<\/p>\n<p>Vorteile<\/p>\n<ul>\n<li>Einfaches Anschliessen durch USB-Kabel.<\/li>\n<li>Keine Treiber, nur Plug-and-play.<\/li>\n<li>Kompatibel mit OSX und Windows.<\/li>\n<li>Aus hochwertigem Aluminium.<\/li>\n<li>Breiter Rollstab f\u00fcr pr\u00e4zise Anwendung ohne viel Bewegung.<\/li>\n<li>Cursor Speed einstellbar in 5 Stufen von 800 bis 2400 dpi.<\/li>\n<li>Gepolsterte Handauflagen aus Kunstleder, abnehmbar.<\/li>\n<li>Anwendung mit Tastaturen mit gerader Unterkante<\/li>\n<\/ul>\n","protected":false},"excerpt":{"rendered":"<p>Die Weiterentwicklung der RollerMouse ist da: die\u00a0RollerMouse Red. Der Rollstab zur Navigation hat einen\u00a0gr\u00f6sseren Durchmesser\u00a0und ben\u00f6tigt\u00a0weniger Druck zum Klicken. Die Red ist\u00a0pr\u00e4zise, schnell und komfortabel. Die RollerMouse ist eine innovative L\u00f6sung zur Mausbedienung. Die Maus liegt unter der Mitte der Tastatur und kann von beiden H\u00e4nden bedient werden. Die\u00a0Navigation erfolgt \u00fcber den Rollstab, der Bewegungen [&hellip;]<\/p>\n","protected":false},"featured_media":122878,"comment_status":"open","ping_status":"closed","template":"","meta":{"_acf_changed":false},"pwb-brand":[115],"product_brand":[],"product_cat":[29,54],"product_tag":[],"class_list":{"0":"post-122877","1":"product","2":"type-product","3":"status-publish","4":"has-post-thumbnail","6":"pwb-brand-contour","7":"product_cat-ergonomie","8":"product_cat-maeuse","9":"tm-has-styled-variations","10":"tm-has-options","12":"first","13":"instock","14":"featured","15":"taxable","16":"shipping-taxable","17":"purchasable","18":"product-type-variable","19":"has-default-attributes"},"acf":[],"brands":[{"id":115,"name":"Contour","slug":"contour"}],"_links":{"self":[{"href":"https:\/\/sitz.ch\/fr\/wp-json\/wp\/v2\/product\/122877","targetHints":{"allow":["GET"]}}],"collection":[{"href":"https:\/\/sitz.ch\/fr\/wp-json\/wp\/v2\/product"}],"about":[{"href":"https:\/\/sitz.ch\/fr\/wp-json\/wp\/v2\/types\/product"}],"replies":[{"embeddable":true,"href":"https:\/\/sitz.ch\/fr\/wp-json\/wp\/v2\/comments?post=122877"}],"version-history":[{"count":1,"href":"https:\/\/sitz.ch\/fr\/wp-json\/wp\/v2\/product\/122877\/revisions"}],"predecessor-version":[{"id":154270,"href":"https:\/\/sitz.ch\/fr\/wp-json\/wp\/v2\/product\/122877\/revisions\/154270"}],"wp:featuredmedia":[{"embeddable":true,"href":"https:\/\/sitz.ch\/fr\/wp-json\/wp\/v2\/media\/122878"}],"wp:attachment":[{"href":"https:\/\/sitz.ch\/fr\/wp-json\/wp\/v2\/media?parent=122877"}],"wp:term":[{"taxonomy":"pwb-brand","embeddable":true,"href":"https:\/\/sitz.ch\/fr\/wp-json\/wp\/v2\/pwb-brand?post=122877"},{"taxonomy":"product_brand","embeddable":true,"href":"https:\/\/sitz.ch\/fr\/wp-json\/wp\/v2\/product_brand?post=122877"},{"taxonomy":"product_cat","embeddable":true,"href":"https:\/\/sitz.ch\/fr\/wp-json\/wp\/v2\/product_cat?post=122877"},{"taxonomy":"product_tag","embeddable":true,"href":"https:\/\/sitz.ch\/fr\/wp-json\/wp\/v2\/product_tag?post=122877"}],"curies":[{"name":"wp","href":"https:\/\/api.w.org\/{rel}","templated":true}]}}