{"id":149966,"date":"2023-01-16T09:10:51","date_gmt":"2023-01-16T08:10:51","guid":{"rendered":"https:\/\/sitz.ch\/produkt\/actiforce-steelforce-pro-470-sls-bench\/"},"modified":"2023-01-16T09:10:51","modified_gmt":"2023-01-16T08:10:51","slug":"actiforce-steelforce-pro-470-sls-bench","status":"publish","type":"product","link":"https:\/\/sitz.ch\/fr\/produit\/actiforce-steelforce-pro-470-sls-bench\/","title":{"rendered":"Actiforce Steelforce Pro 470 SLS Bench"},"content":{"rendered":"<h2>Doppelarbeitsplatz EP &#8211; Bench Tisch<\/h2>\n<p>Le double poste de travail offre une stabilit\u00e9 maximale gr\u00e2ce aux deux structures de table reli\u00e9es. Le placement des tables est cependant un jeu d&rsquo;enfant, car l&rsquo;espacement des plateaux, l&rsquo;angle et l&rsquo;alignement sont d\u00e9j\u00e0 d\u00e9finis.<br \/>\nLe cadre peut \u00eatre ajust\u00e9 en hauteur et en largeur, ce qui le rend adapt\u00e9 aux plateaux de table de 110cm \u00e0 180cm.<br \/>\nGr\u00e2ce \u00e0 l&rsquo;excellente plage de r\u00e9glage en hauteur de 60,5cm \u00e0 126cm, la table convient aussi bien aux enfants et aux petites personnes qu&rsquo;aux personnes de grande taille.<\/p>\n<p><strong>Donn\u00e9es techniques :<br \/>\n<\/strong>Couleur du cadre noir<br \/>\nAjustable \u00e9lectriquement en hauteur de 60,5 \u00e0 126 cm<br \/>\nR\u00e9glable en largeur de 110cm \u00e0 180cm<br \/>\nAffichage digital avec fonction m\u00e9moire 4 positions<\/p>\n<p>&nbsp;<\/p>\n","protected":false},"excerpt":{"rendered":"<p>Doppelarbeitsplatz EP &#8211; Bench Tisch Le double poste de travail offre une stabilit\u00e9 maximale gr\u00e2ce aux deux structures de table reli\u00e9es. Le placement des tables est cependant un jeu d&rsquo;enfant, car l&rsquo;espacement des plateaux, l&rsquo;angle et l&rsquo;alignement sont d\u00e9j\u00e0 d\u00e9finis. Le cadre peut \u00eatre ajust\u00e9 en hauteur et en largeur, ce qui le rend adapt\u00e9 [&hellip;]<\/p>\n","protected":false},"featured_media":142229,"comment_status":"open","ping_status":"closed","template":"","meta":{"_acf_changed":false},"pwb-brand":[167],"product_brand":[],"product_cat":[281,285],"product_tag":[],"class_list":{"0":"post-149966","1":"product","2":"type-product","3":"status-publish","4":"has-post-thumbnail","6":"pwb-brand-actiforce","7":"product_cat-bureaux-assis-debout","8":"product_cat-bureaux-electriques-reglables","9":"tm-has-options","11":"first","12":"outofstock","13":"sale","14":"featured","15":"taxable","16":"shipping-taxable","17":"purchasable","18":"product-type-variable","19":"has-default-attributes"},"acf":[],"brands":[{"id":167,"name":"Actiforce","slug":"actiforce"}],"_links":{"self":[{"href":"https:\/\/sitz.ch\/fr\/wp-json\/wp\/v2\/product\/149966","targetHints":{"allow":["GET"]}}],"collection":[{"href":"https:\/\/sitz.ch\/fr\/wp-json\/wp\/v2\/product"}],"about":[{"href":"https:\/\/sitz.ch\/fr\/wp-json\/wp\/v2\/types\/product"}],"replies":[{"embeddable":true,"href":"https:\/\/sitz.ch\/fr\/wp-json\/wp\/v2\/comments?post=149966"}],"version-history":[{"count":0,"href":"https:\/\/sitz.ch\/fr\/wp-json\/wp\/v2\/product\/149966\/revisions"}],"wp:featuredmedia":[{"embeddable":true,"href":"https:\/\/sitz.ch\/fr\/wp-json\/wp\/v2\/media\/142229"}],"wp:attachment":[{"href":"https:\/\/sitz.ch\/fr\/wp-json\/wp\/v2\/media?parent=149966"}],"wp:term":[{"taxonomy":"pwb-brand","embeddable":true,"href":"https:\/\/sitz.ch\/fr\/wp-json\/wp\/v2\/pwb-brand?post=149966"},{"taxonomy":"product_brand","embeddable":true,"href":"https:\/\/sitz.ch\/fr\/wp-json\/wp\/v2\/product_brand?post=149966"},{"taxonomy":"product_cat","embeddable":true,"href":"https:\/\/sitz.ch\/fr\/wp-json\/wp\/v2\/product_cat?post=149966"},{"taxonomy":"product_tag","embeddable":true,"href":"https:\/\/sitz.ch\/fr\/wp-json\/wp\/v2\/product_tag?post=149966"}],"curies":[{"name":"wp","href":"https:\/\/api.w.org\/{rel}","templated":true}]}}