{"id":150074,"date":"2019-02-14T08:50:25","date_gmt":"2019-02-14T07:50:25","guid":{"rendered":"https:\/\/sitz.ch\/produkt\/aeris-3dee\/"},"modified":"2025-05-29T10:45:25","modified_gmt":"2025-05-29T08:45:25","slug":"aeris-3dee","status":"publish","type":"product","link":"https:\/\/sitz.ch\/fr\/produit\/aeris-3dee\/","title":{"rendered":"Aeris 3Dee"},"content":{"rendered":"<h4>Chaise de bureau 3-Dee<\/h4>\n<p class=\"hidden-phone\">La chaise de bureau <strong>3Dee<\/strong> apporte dynamisme, sant\u00e9 et qualit\u00e9 de vie au bureau. La chaise de bureau allie assise active et dynamique avec une relaxation ergonomiquement optimis\u00e9e.<\/p>\n<p>Le si\u00e8ge optimal pour la maison et le bureau.<\/p>\n<p><strong><br \/>\nDimensions<\/strong><br \/>\nDiam\u00e8tre du pi\u00e8tement : 75 cm, hauteur du produit avec dossier : 110 cm<br \/>\nSi\u00e8ge : largeur 46 cm, profondeur 41 \u2013 46 cm, hauteur du dossier : 43 cm<br \/>\nPoids : 20 kg<\/p>\n<p><strong>Garantie du fabricant<br \/>\n<\/strong>3 ans<\/p>\n<p>&nbsp;<\/p>\n<p><span style=\"font-size: 16px;\"><strong>Sur commande<\/strong><\/span><br \/>\nD\u00e9lai de livraison environ 4-6 semaines.<\/p>\n","protected":false},"excerpt":{"rendered":"<p>Chaise de bureau 3-Dee La chaise de bureau 3Dee apporte dynamisme, sant\u00e9 et qualit\u00e9 de vie au bureau. La chaise de bureau allie assise active et dynamique avec une relaxation ergonomiquement optimis\u00e9e. Le si\u00e8ge optimal pour la maison et le bureau. Dimensions Diam\u00e8tre du pi\u00e8tement : 75 cm, hauteur du produit avec dossier : 110 [&hellip;]<\/p>\n","protected":false},"featured_media":140087,"comment_status":"open","ping_status":"closed","template":"","meta":{"_acf_changed":false},"pwb-brand":[],"product_brand":[],"product_cat":[193,190],"product_tag":[],"class_list":{"0":"post-150074","1":"product","2":"type-product","3":"status-publish","4":"has-post-thumbnail","6":"product_cat-chaise-de-bureau-classique","7":"product_cat-chaises-de-bureau","8":"tm-has-options","10":"first","11":"outofstock","12":"featured","13":"taxable","14":"shipping-taxable","15":"purchasable","16":"product-type-variable","17":"has-default-attributes"},"acf":[],"brands":[],"_links":{"self":[{"href":"https:\/\/sitz.ch\/fr\/wp-json\/wp\/v2\/product\/150074","targetHints":{"allow":["GET"]}}],"collection":[{"href":"https:\/\/sitz.ch\/fr\/wp-json\/wp\/v2\/product"}],"about":[{"href":"https:\/\/sitz.ch\/fr\/wp-json\/wp\/v2\/types\/product"}],"replies":[{"embeddable":true,"href":"https:\/\/sitz.ch\/fr\/wp-json\/wp\/v2\/comments?post=150074"}],"version-history":[{"count":1,"href":"https:\/\/sitz.ch\/fr\/wp-json\/wp\/v2\/product\/150074\/revisions"}],"predecessor-version":[{"id":155278,"href":"https:\/\/sitz.ch\/fr\/wp-json\/wp\/v2\/product\/150074\/revisions\/155278"}],"wp:featuredmedia":[{"embeddable":true,"href":"https:\/\/sitz.ch\/fr\/wp-json\/wp\/v2\/media\/140087"}],"wp:attachment":[{"href":"https:\/\/sitz.ch\/fr\/wp-json\/wp\/v2\/media?parent=150074"}],"wp:term":[{"taxonomy":"pwb-brand","embeddable":true,"href":"https:\/\/sitz.ch\/fr\/wp-json\/wp\/v2\/pwb-brand?post=150074"},{"taxonomy":"product_brand","embeddable":true,"href":"https:\/\/sitz.ch\/fr\/wp-json\/wp\/v2\/product_brand?post=150074"},{"taxonomy":"product_cat","embeddable":true,"href":"https:\/\/sitz.ch\/fr\/wp-json\/wp\/v2\/product_cat?post=150074"},{"taxonomy":"product_tag","embeddable":true,"href":"https:\/\/sitz.ch\/fr\/wp-json\/wp\/v2\/product_tag?post=150074"}],"curies":[{"name":"wp","href":"https:\/\/api.w.org\/{rel}","templated":true}]}}