{"id":150111,"date":"2016-11-12T00:05:53","date_gmt":"2016-11-11T23:05:53","guid":{"rendered":"https:\/\/sitz.ch\/produkt\/aeris-muvman-classic\/"},"modified":"2025-02-26T07:55:14","modified_gmt":"2025-02-26T06:55:14","slug":"aeris-muvman-classic","status":"publish","type":"product","link":"https:\/\/sitz.ch\/fr\/produit\/aeris-muvman-classic\/","title":{"rendered":"Aeris Muvman Classic"},"content":{"rendered":"<p>Le \u201cmuvman\u201d de aeris est le si\u00e8ge Vario unique qui accompagne chaque changement de position et offre un r\u00e9glage en hauteur maximal. C&rsquo;est pourquoi il convient parfaitement aux postes de travail debout. La \u201cmuvzone\u201d encourage et favorise le mouvement, et le si\u00e8ge \u201cintelligent\u201d offre un confort d&rsquo;assise optimal m\u00eame sans dossier.<\/p>\n<p>S&rsquo;asseoir en mode Vario sur le \u201cmuvman\u201d permet une adaptation parfaite de l&rsquo;assise gr\u00e2ce \u00e0 l&rsquo;angle d&rsquo;inclinaison de la colonne centrale, qui s&rsquo;ajuste automatiquement \u00e0 un maximum de positions de l&rsquo;utilisateur.<\/p>\n<p>&nbsp;<\/p>\n<ul>\n<li>Inclinaison de la colonne centrale<\/li>\n<li>R\u00e9glage en hauteur en continu par v\u00e9rin \u00e0 gaz<\/li>\n<li>Fonction de rotation automatique<\/li>\n<li>Si\u00e8ge \u201cintelligent\u201d avec technologie Flexzone (s&rsquo;adapte, offre du soutien, ne comprime pas)<\/li>\n<li>\u201cmuvzone\u201d \u2013 \u00e9l\u00e9ment de mouvement multidimensionnel qui encourage le mouvement<\/li>\n<li>Rev\u00eatement : Microfibre<\/li>\n<li>Structure noire ou grise<\/li>\n<li>Poids 4 kg<\/li>\n<li>optionnel : colonne centrale extra-longue pour des hauteurs de si\u00e8ge de 60-93 cm<\/li>\n<\/ul>\n","protected":false},"excerpt":{"rendered":"<p>Le \u201cmuvman\u201d de aeris est le si\u00e8ge Vario unique qui accompagne chaque changement de position et offre un r\u00e9glage en hauteur maximal. C&rsquo;est pourquoi il convient parfaitement aux postes de travail debout. La \u201cmuvzone\u201d encourage et favorise le mouvement, et le si\u00e8ge \u201cintelligent\u201d offre un confort d&rsquo;assise optimal m\u00eame sans dossier. S&rsquo;asseoir en mode Vario [&hellip;]<\/p>\n","protected":false},"featured_media":140003,"comment_status":"open","ping_status":"closed","template":"","meta":{"_acf_changed":false},"pwb-brand":[84],"product_brand":[],"product_cat":[288],"product_tag":[],"class_list":{"0":"post-150111","1":"product","2":"type-product","3":"status-publish","4":"has-post-thumbnail","6":"pwb-brand-aeris","7":"product_cat-sieges-assis-debout-ergonomiques","8":"tm-has-options","10":"first","11":"instock","12":"featured","13":"taxable","14":"shipping-taxable","15":"purchasable","16":"product-type-variable","17":"has-default-attributes"},"acf":[],"brands":[{"id":84,"name":"Aeris","slug":"aeris"}],"_links":{"self":[{"href":"https:\/\/sitz.ch\/fr\/wp-json\/wp\/v2\/product\/150111","targetHints":{"allow":["GET"]}}],"collection":[{"href":"https:\/\/sitz.ch\/fr\/wp-json\/wp\/v2\/product"}],"about":[{"href":"https:\/\/sitz.ch\/fr\/wp-json\/wp\/v2\/types\/product"}],"replies":[{"embeddable":true,"href":"https:\/\/sitz.ch\/fr\/wp-json\/wp\/v2\/comments?post=150111"}],"version-history":[{"count":0,"href":"https:\/\/sitz.ch\/fr\/wp-json\/wp\/v2\/product\/150111\/revisions"}],"wp:featuredmedia":[{"embeddable":true,"href":"https:\/\/sitz.ch\/fr\/wp-json\/wp\/v2\/media\/140003"}],"wp:attachment":[{"href":"https:\/\/sitz.ch\/fr\/wp-json\/wp\/v2\/media?parent=150111"}],"wp:term":[{"taxonomy":"pwb-brand","embeddable":true,"href":"https:\/\/sitz.ch\/fr\/wp-json\/wp\/v2\/pwb-brand?post=150111"},{"taxonomy":"product_brand","embeddable":true,"href":"https:\/\/sitz.ch\/fr\/wp-json\/wp\/v2\/product_brand?post=150111"},{"taxonomy":"product_cat","embeddable":true,"href":"https:\/\/sitz.ch\/fr\/wp-json\/wp\/v2\/product_cat?post=150111"},{"taxonomy":"product_tag","embeddable":true,"href":"https:\/\/sitz.ch\/fr\/wp-json\/wp\/v2\/product_tag?post=150111"}],"curies":[{"name":"wp","href":"https:\/\/api.w.org\/{rel}","templated":true}]}}