{"id":150145,"date":"2020-06-04T16:09:24","date_gmt":"2020-06-04T14:09:24","guid":{"rendered":"https:\/\/sitz.ch\/produkt\/aeris-muvman-industry\/"},"modified":"2025-02-26T07:55:47","modified_gmt":"2025-02-26T06:55:47","slug":"aeris-muvman-industry","status":"publish","type":"product","link":"https:\/\/sitz.ch\/fr\/produit\/aeris-muvman-industry\/","title":{"rendered":"Aeris Muvman Industry"},"content":{"rendered":"<p>Le Muvman Industry est id\u00e9al pour les activit\u00e9s de travail qui n\u00e9cessitent principalement de rester debout. Le si\u00e8ge actif debout offre une ergonomie maximale au lieu de travail et est sp\u00e9cialement con\u00e7u pour une utilisation dans la production, l&rsquo;assemblage ainsi que dans les laboratoires, les zones ESD et m\u00eame les salles blanches (version ESD).<\/p>\n<p>Le Muvman Industry permet de travailler alternativement assis et debout, soulageant les jambes et assurant une posture de travail droite et l\u00e9g\u00e8rement inclin\u00e9e respectueuse du dos.<\/p>\n<p>Dans de nombreuses entreprises, le Muvman de Aeris est d\u00e9j\u00e0 adopt\u00e9. On le voit de plus en plus souvent \u00e0 des postes de travail debout dans les bureaux, mais \u00e9galement dans la production, le conseil, aux caisses ou dans les accueils d&rsquo;information. La famille de produits s&rsquo;est maintenant \u00e9largie avec l&rsquo;Aeris Muvman Industry, sp\u00e9cialement d\u00e9velopp\u00e9 pour une utilisation en production ou en laboratoire.<\/p>\n<p><strong>CARACT\u00c9RISTIQUES DU PRODUIT<\/strong><\/p>\n<p><strong>Poids du produit<br \/>\n<\/strong>Standard :\u00a06,3 kg<br \/>\nHigh : 6,5 kg<\/p>\n<p><strong>Diam\u00e8tre<\/strong><br \/>\n38 cm<\/p>\n<p><strong>Base<br \/>\n<\/strong>Plastique, renforc\u00e9 de fibre de verre<\/p>\n<p><strong>Poids utilisateur max.<br \/>\n<\/strong>Max. 120 kg<\/p>\n<p><strong>Si\u00e8ge<br \/>\n<\/strong>Support de si\u00e8ge : plastique, Coussin : mousse PU<\/p>\n<p><strong>Surface d&rsquo;assise<\/strong><br \/>\n34 x 32 cm<\/p>\n<p><strong>Hauteur de si\u00e8ge<br \/>\n<\/strong>Standard : 51 \u2013 84 cm<br \/>\nHigh : 60 \u2013 93 cm<\/p>\n<p>&nbsp;<\/p>\n","protected":false},"excerpt":{"rendered":"<p>Le Muvman Industry est id\u00e9al pour les activit\u00e9s de travail qui n\u00e9cessitent principalement de rester debout. Le si\u00e8ge actif debout offre une ergonomie maximale au lieu de travail et est sp\u00e9cialement con\u00e7u pour une utilisation dans la production, l&rsquo;assemblage ainsi que dans les laboratoires, les zones ESD et m\u00eame les salles blanches (version ESD). Le [&hellip;]<\/p>\n","protected":false},"featured_media":140444,"comment_status":"open","ping_status":"closed","template":"","meta":{"_acf_changed":false},"pwb-brand":[84],"product_brand":[],"product_cat":[261,265,288,207,198],"product_tag":[],"class_list":{"0":"post-150145","1":"product","2":"type-product","3":"status-publish","4":"has-post-thumbnail","6":"pwb-brand-aeris","7":"product_cat-chaises-esd","8":"product_cat-chaises-pour-salles-blanches-medicales","9":"product_cat-sieges-assis-debout-ergonomiques","10":"product_cat-sieges-ergonomiques-specifiques","11":"product_cat-tabourets","12":"tm-has-options","14":"first","15":"onbackorder","16":"taxable","17":"shipping-taxable","18":"purchasable","19":"product-type-variable","20":"has-default-attributes"},"acf":[],"brands":[{"id":84,"name":"Aeris","slug":"aeris"}],"_links":{"self":[{"href":"https:\/\/sitz.ch\/fr\/wp-json\/wp\/v2\/product\/150145","targetHints":{"allow":["GET"]}}],"collection":[{"href":"https:\/\/sitz.ch\/fr\/wp-json\/wp\/v2\/product"}],"about":[{"href":"https:\/\/sitz.ch\/fr\/wp-json\/wp\/v2\/types\/product"}],"replies":[{"embeddable":true,"href":"https:\/\/sitz.ch\/fr\/wp-json\/wp\/v2\/comments?post=150145"}],"version-history":[{"count":0,"href":"https:\/\/sitz.ch\/fr\/wp-json\/wp\/v2\/product\/150145\/revisions"}],"wp:featuredmedia":[{"embeddable":true,"href":"https:\/\/sitz.ch\/fr\/wp-json\/wp\/v2\/media\/140444"}],"wp:attachment":[{"href":"https:\/\/sitz.ch\/fr\/wp-json\/wp\/v2\/media?parent=150145"}],"wp:term":[{"taxonomy":"pwb-brand","embeddable":true,"href":"https:\/\/sitz.ch\/fr\/wp-json\/wp\/v2\/pwb-brand?post=150145"},{"taxonomy":"product_brand","embeddable":true,"href":"https:\/\/sitz.ch\/fr\/wp-json\/wp\/v2\/product_brand?post=150145"},{"taxonomy":"product_cat","embeddable":true,"href":"https:\/\/sitz.ch\/fr\/wp-json\/wp\/v2\/product_cat?post=150145"},{"taxonomy":"product_tag","embeddable":true,"href":"https:\/\/sitz.ch\/fr\/wp-json\/wp\/v2\/product_tag?post=150145"}],"curies":[{"name":"wp","href":"https:\/\/api.w.org\/{rel}","templated":true}]}}