{"id":150150,"date":"2020-06-03T13:33:23","date_gmt":"2020-06-03T11:33:23","guid":{"rendered":"https:\/\/sitz.ch\/produkt\/aeris-muvmat\/"},"modified":"2025-10-31T11:45:57","modified_gmt":"2025-10-31T10:45:57","slug":"aeris-muvmat","status":"publish","type":"product","link":"https:\/\/sitz.ch\/fr\/produit\/aeris-muvmat\/","title":{"rendered":"Aeris Muvmat"},"content":{"rendered":"\t\t<div data-elementor-type=\"product-post\" data-elementor-id=\"150150\" class=\"elementor elementor-150150 elementor-126176\" data-elementor-post-type=\"product\">\n\t\t\t\t<section class=\"elementor-element elementor-element-4369adc ergo-f-list e-flex e-con-boxed e-con e-parent\" data-id=\"4369adc\" data-element_type=\"container\" data-e-type=\"container\">\n\t\t\t\t\t<div class=\"e-con-inner\">\n\t\t<div class=\"elementor-element elementor-element-1d220f1 e-con-full e-flex e-con e-child\" data-id=\"1d220f1\" data-element_type=\"container\" data-e-type=\"container\">\n\t\t\t\t<div class=\"elementor-element elementor-element-86a347b elementor-widget elementor-widget-heading\" data-id=\"86a347b\" data-element_type=\"widget\" data-e-type=\"widget\" data-widget_type=\"heading.default\">\n\t\t\t\t<div class=\"elementor-widget-container\">\n\t\t\t\t\t<h3 class=\"elementor-heading-title elementor-size-default\">Surface 3D sp\u00e9ciale<\/h3>\t\t\t\t<\/div>\n\t\t\t\t<\/div>\n\t\t\t\t<div class=\"elementor-element elementor-element-c0cbe4b elementor-widget elementor-widget-text-editor\" data-id=\"c0cbe4b\" data-element_type=\"widget\" data-e-type=\"widget\" data-widget_type=\"text-editor.default\">\n\t\t\t\t<div class=\"elementor-widget-container\">\n\t\t\t\t\t\t\t\t\t<p>Le Aeris Muvmat se distingue des tapis en caoutchouc classiques gr\u00e2ce \u00e0 sa technologie avanc\u00e9e \u00e0 2 zones. Le tapis combine une mousse int\u00e9grale \u00e9lastique avec une structure topographique en 3D. La mousse \u00e9lastique offre un amorti agr\u00e9able et soulage les articulations, tandis que la structure 3D active vos zones r\u00e9flexes plantaires.<\/p>\n<p>Ce tapis anti-fatigue innovant s\u00e9duit par sa structure topographique 3D unique, qui donne aux pieds l&rsquo;impression de se tenir sur un sol forestier naturel.<\/p>\n\t\t\t\t\t\t\t\t<\/div>\n\t\t\t\t<\/div>\n\t\t\t\t<\/div>\n\t\t<div class=\"elementor-element elementor-element-b598d7e e-con-full e-flex e-con e-child\" data-id=\"b598d7e\" data-element_type=\"container\" data-e-type=\"container\">\n\t\t\t\t<div class=\"elementor-element elementor-element-59fc505 elementor-widget elementor-widget-image\" data-id=\"59fc505\" data-element_type=\"widget\" data-e-type=\"widget\" data-widget_type=\"image.default\">\n\t\t\t\t<div class=\"elementor-widget-container\">\n\t\t\t\t\t\t\t\t\t\t\t\t\t\t\t<img decoding=\"async\" width=\"600\" height=\"428\" src=\"https:\/\/sitz.ch\/wp-content\/uploads\/aeris-muvmat-3d-struktur-600x428.webp\" class=\"attachment-medium size-medium wp-image-143009\" alt=\"\" srcset=\"https:\/\/sitz.ch\/wp-content\/uploads\/aeris-muvmat-3d-struktur-600x428.webp 600w, https:\/\/sitz.ch\/wp-content\/uploads\/aeris-muvmat-3d-struktur-1024x730.webp 1024w, https:\/\/sitz.ch\/wp-content\/uploads\/aeris-muvmat-3d-struktur-768x547.webp 768w, https:\/\/sitz.ch\/wp-content\/uploads\/aeris-muvmat-3d-struktur-64x46.webp 64w, https:\/\/sitz.ch\/wp-content\/uploads\/aeris-muvmat-3d-struktur.webp 1500w\" sizes=\"(max-width: 600px) 100vw, 600px\" title=\"\">\t\t\t\t\t\t\t\t\t\t\t\t\t\t\t<\/div>\n\t\t\t\t<\/div>\n\t\t\t\t<\/div>\n\t\t\t\t\t<\/div>\n\t\t\t\t<\/section>\n\t\t<section class=\"elementor-element elementor-element-1d94a60 ergo-f-list e-flex e-con-boxed e-con e-parent\" data-id=\"1d94a60\" data-element_type=\"container\" data-e-type=\"container\">\n\t\t\t\t\t<div class=\"e-con-inner\">\n\t\t<div class=\"elementor-element elementor-element-6b2b506 e-con-full e-flex e-con e-child\" data-id=\"6b2b506\" data-element_type=\"container\" data-e-type=\"container\">\n\t\t\t\t<div class=\"elementor-element elementor-element-fc64cd1 elementor-widget elementor-widget-heading\" data-id=\"fc64cd1\" data-element_type=\"widget\" data-e-type=\"widget\" data-widget_type=\"heading.default\">\n\t\t\t\t<div class=\"elementor-widget-container\">\n\t\t\t\t\t<h3 class=\"elementor-heading-title elementor-size-default\">Confort et qualit\u00e9<\/h3>\t\t\t\t<\/div>\n\t\t\t\t<\/div>\n\t\t\t\t<div class=\"elementor-element elementor-element-d3cebc8 elementor-widget elementor-widget-text-editor\" data-id=\"d3cebc8\" data-element_type=\"widget\" data-e-type=\"widget\" data-widget_type=\"text-editor.default\">\n\t\t\t\t<div class=\"elementor-widget-container\">\n\t\t\t\t\t\t\t\t\t<p>La mousse \u00e9lastique et soulageante assure un confort debout agr\u00e9able tout en pr\u00e9servant les articulations. Le Muvmat d\u2019Aeris est polyvalent : que ce soit avec des chaussures, des chaussettes ou pieds nus.<\/p>\n<p>Pour prot\u00e9ger la tapis anti-fatigue des salissures, il est conseill\u00e9 d&rsquo;ajouter une housse. Celles-ci sont extr\u00eamement r\u00e9sistantes \u00e0 la salet\u00e9 et peuvent \u00eatre lav\u00e9es de mani\u00e8re \u00e9cologique \u00e0 30 degr\u00e9s. Gr\u00e2ce \u00e0 l&rsquo;\u00e9lastique int\u00e9gr\u00e9, la housse se place facilement sur le tapis.<\/p>\n\t\t\t\t\t\t\t\t<\/div>\n\t\t\t\t<\/div>\n\t\t\t\t<\/div>\n\t\t<div class=\"elementor-element elementor-element-5e9484e e-con-full e-flex e-con e-child\" data-id=\"5e9484e\" data-element_type=\"container\" data-e-type=\"container\">\n\t\t\t\t<div class=\"elementor-element elementor-element-eba692c elementor-widget elementor-widget-image\" data-id=\"eba692c\" data-element_type=\"widget\" data-e-type=\"widget\" data-widget_type=\"image.default\">\n\t\t\t\t<div class=\"elementor-widget-container\">\n\t\t\t\t\t\t\t\t\t\t\t\t\t\t\t<img decoding=\"async\" width=\"600\" height=\"428\" src=\"https:\/\/sitz.ch\/wp-content\/uploads\/aeris-muvmat-fussreflexzonen-600x428.webp\" class=\"attachment-medium size-medium wp-image-143012\" alt=\"\" srcset=\"https:\/\/sitz.ch\/wp-content\/uploads\/aeris-muvmat-fussreflexzonen-600x428.webp 600w, https:\/\/sitz.ch\/wp-content\/uploads\/aeris-muvmat-fussreflexzonen-1024x730.webp 1024w, https:\/\/sitz.ch\/wp-content\/uploads\/aeris-muvmat-fussreflexzonen-768x547.webp 768w, https:\/\/sitz.ch\/wp-content\/uploads\/aeris-muvmat-fussreflexzonen-1536x1094.webp 1536w, https:\/\/sitz.ch\/wp-content\/uploads\/aeris-muvmat-fussreflexzonen-2048x1459.webp 2048w, https:\/\/sitz.ch\/wp-content\/uploads\/aeris-muvmat-fussreflexzonen-64x46.webp 64w\" sizes=\"(max-width: 600px) 100vw, 600px\" title=\"\">\t\t\t\t\t\t\t\t\t\t\t\t\t\t\t<\/div>\n\t\t\t\t<\/div>\n\t\t\t\t<\/div>\n\t\t\t\t\t<\/div>\n\t\t\t\t<\/section>\n\t\t<section class=\"elementor-element elementor-element-36690d1 ergo-f-list e-flex e-con-boxed e-con e-parent\" data-id=\"36690d1\" data-element_type=\"container\" data-e-type=\"container\">\n\t\t\t\t\t<div class=\"e-con-inner\">\n\t\t<div class=\"elementor-element elementor-element-95c3ed8 e-con-full e-flex e-con e-child\" data-id=\"95c3ed8\" data-element_type=\"container\" data-e-type=\"container\">\n\t\t\t\t<div class=\"elementor-element elementor-element-9a7dfe7 elementor-widget elementor-widget-heading\" data-id=\"9a7dfe7\" data-element_type=\"widget\" data-e-type=\"widget\" data-widget_type=\"heading.default\">\n\t\t\t\t<div class=\"elementor-widget-container\">\n\t\t\t\t\t<h3 class=\"elementor-heading-title elementor-size-default\">Am\u00e9lioration de la concentration<\/h3>\t\t\t\t<\/div>\n\t\t\t\t<\/div>\n\t\t\t\t<div class=\"elementor-element elementor-element-b927436 elementor-widget elementor-widget-text-editor\" data-id=\"b927436\" data-element_type=\"widget\" data-e-type=\"widget\" data-widget_type=\"text-editor.default\">\n\t\t\t\t<div class=\"elementor-widget-container\">\n\t\t\t\t\t\t\t\t\t<p>La surface dynamique de l&rsquo;Aeris Muvmat encourage des mouvements continus et subtils lorsque vous \u00eates debout. Ces activit\u00e9s subtiles ne maintiennent pas seulement les muscles en mouvement, mais activent aussi l&rsquo;esprit. Des \u00e9tudes montrent que ces stimulations induites par des micro-mouvements peuvent consid\u00e9rablement am\u00e9liorer la capacit\u00e9 d&rsquo;apprentissage et la focalisation.<\/p>\n<p>En plus d&rsquo;am\u00e9liorer la concentration, l&rsquo;Aeris Muvmat aide \u00e9galement \u00e0 pr\u00e9venir les tensions corporelles. Ce soutien constant permet de rester frais et plein d&rsquo;\u00e9nergie m\u00eame apr\u00e8s de longues p\u00e9riodes de travail.<\/p>\n<p>Le tapis de sol assure, au bureau ou \u00e0 domicile, un bien-\u00eatre et une productivit\u00e9 soutenus, m\u00eame lors de p\u00e9riodes prolong\u00e9es en position debout. En favorisant le mouvement dans la vie quotidienne, l&rsquo;Aeris Muvmat propose les avantages d&rsquo;une position debout active. Ceux qui bougent leurs pieds restent \u00e9galement mentalement actifs.<\/p>\n\t\t\t\t\t\t\t\t<\/div>\n\t\t\t\t<\/div>\n\t\t\t\t<\/div>\n\t\t<div class=\"elementor-element elementor-element-d5a0fbe e-con-full e-flex e-con e-child\" data-id=\"d5a0fbe\" data-element_type=\"container\" data-e-type=\"container\">\n\t\t\t\t<div class=\"elementor-element elementor-element-6ee4ac0 elementor-widget elementor-widget-image\" data-id=\"6ee4ac0\" data-element_type=\"widget\" data-e-type=\"widget\" data-widget_type=\"image.default\">\n\t\t\t\t<div class=\"elementor-widget-container\">\n\t\t\t\t\t\t\t\t\t\t\t\t\t\t\t<img decoding=\"async\" width=\"400\" height=\"600\" src=\"https:\/\/sitz.ch\/wp-content\/uploads\/aeris-muvmat-stehmatte-stehtisch-400x600.webp\" class=\"attachment-medium size-medium wp-image-143021\" alt=\"\" srcset=\"https:\/\/sitz.ch\/wp-content\/uploads\/aeris-muvmat-stehmatte-stehtisch-400x600.webp 400w, https:\/\/sitz.ch\/wp-content\/uploads\/aeris-muvmat-stehmatte-stehtisch-683x1024.webp 683w, https:\/\/sitz.ch\/wp-content\/uploads\/aeris-muvmat-stehmatte-stehtisch-768x1152.webp 768w, https:\/\/sitz.ch\/wp-content\/uploads\/aeris-muvmat-stehmatte-stehtisch-1024x1536.webp 1024w, https:\/\/sitz.ch\/wp-content\/uploads\/aeris-muvmat-stehmatte-stehtisch-1365x2048.webp 1365w, https:\/\/sitz.ch\/wp-content\/uploads\/aeris-muvmat-stehmatte-stehtisch-600x900.webp 600w, https:\/\/sitz.ch\/wp-content\/uploads\/aeris-muvmat-stehmatte-stehtisch-64x96.webp 64w, https:\/\/sitz.ch\/wp-content\/uploads\/aeris-muvmat-stehmatte-stehtisch.webp 1650w\" sizes=\"(max-width: 400px) 100vw, 400px\" title=\"\">\t\t\t\t\t\t\t\t\t\t\t\t\t\t\t<\/div>\n\t\t\t\t<\/div>\n\t\t\t\t<\/div>\n\t\t\t\t\t<\/div>\n\t\t\t\t<\/section>\n\t\t<section class=\"elementor-element elementor-element-8dd0c07 ergo-f-list e-flex e-con-boxed e-con e-parent\" data-id=\"8dd0c07\" data-element_type=\"container\" data-e-type=\"container\">\n\t\t\t\t\t<div class=\"e-con-inner\">\n\t\t<div class=\"elementor-element elementor-element-d5510d5 e-con-full e-flex e-con e-child\" data-id=\"d5510d5\" data-element_type=\"container\" data-e-type=\"container\">\n\t\t\t\t<div class=\"elementor-element elementor-element-861613b elementor-widget elementor-widget-heading\" data-id=\"861613b\" data-element_type=\"widget\" data-e-type=\"widget\" data-widget_type=\"heading.default\">\n\t\t\t\t<div class=\"elementor-widget-container\">\n\t\t\t\t\t<h3 class=\"elementor-heading-title elementor-size-default\">Antid\u00e9rapant et s\u00fbr<\/h3>\t\t\t\t<\/div>\n\t\t\t\t<\/div>\n\t\t\t\t<div class=\"elementor-element elementor-element-d91c651 elementor-widget elementor-widget-text-editor\" data-id=\"d91c651\" data-element_type=\"widget\" data-e-type=\"widget\" data-widget_type=\"text-editor.default\">\n\t\t\t\t<div class=\"elementor-widget-container\">\n\t\t\t\t\t\t\t\t\t<p>Le verso du tapis de station debout est \u00e9quip\u00e9 de tampons antid\u00e9rapants de haute qualit\u00e9, garantissant une stabilit\u00e9 et une s\u00e9curit\u00e9 exceptionnelles. Ces tampons sont sp\u00e9cialement con\u00e7us pour offrir une prise ferme lorsqu&rsquo;ils sont soumis \u00e0 une pression, m\u00eame sur des sols glissants et lisses.<\/p>\n<p>Malgr\u00e9 son adh\u00e9rence s\u00fbre et sa stabilit\u00e9, le tapis anti-fatigue est remarquablement flexible dans son utilisation. Il se d\u00e9place et se repositionne facilement lorsque vous n&rsquo;en avez pas besoin. Cette caract\u00e9ristique le rend particuli\u00e8rement pratique pour une utilisation dans diff\u00e9rents environnements et sc\u00e9narios de travail. Que ce soit au bureau, dans l&rsquo;atelier ou en t\u00e9l\u00e9travail, le tapis peut \u00eatre facilement d\u00e9plac\u00e9 \u00e0 l&rsquo;endroit souhait\u00e9 et utilis\u00e9 en toute s\u00e9curit\u00e9.<\/p>\n\t\t\t\t\t\t\t\t<\/div>\n\t\t\t\t<\/div>\n\t\t\t\t<\/div>\n\t\t<div class=\"elementor-element elementor-element-950c739 e-con-full e-flex e-con e-child\" data-id=\"950c739\" data-element_type=\"container\" data-e-type=\"container\">\n\t\t\t\t<div class=\"elementor-element elementor-element-e4ce2d5 elementor-widget elementor-widget-image\" data-id=\"e4ce2d5\" data-element_type=\"widget\" data-e-type=\"widget\" data-widget_type=\"image.default\">\n\t\t\t\t<div class=\"elementor-widget-container\">\n\t\t\t\t\t\t\t\t\t\t\t\t\t\t\t<img decoding=\"async\" width=\"600\" height=\"448\" src=\"https:\/\/sitz.ch\/wp-content\/uploads\/aeris-muvmat-stehmatte-rutschfest-600x448.webp\" class=\"attachment-medium size-medium wp-image-143018\" alt=\"\" srcset=\"https:\/\/sitz.ch\/wp-content\/uploads\/aeris-muvmat-stehmatte-rutschfest-600x448.webp 600w, https:\/\/sitz.ch\/wp-content\/uploads\/aeris-muvmat-stehmatte-rutschfest-1024x765.webp 1024w, https:\/\/sitz.ch\/wp-content\/uploads\/aeris-muvmat-stehmatte-rutschfest-768x574.webp 768w, https:\/\/sitz.ch\/wp-content\/uploads\/aeris-muvmat-stehmatte-rutschfest-64x48.webp 64w, https:\/\/sitz.ch\/wp-content\/uploads\/aeris-muvmat-stehmatte-rutschfest.webp 1336w\" sizes=\"(max-width: 600px) 100vw, 600px\" title=\"\">\t\t\t\t\t\t\t\t\t\t\t\t\t\t\t<\/div>\n\t\t\t\t<\/div>\n\t\t\t\t<\/div>\n\t\t\t\t\t<\/div>\n\t\t\t\t<\/section>\n\t\t<section class=\"elementor-element elementor-element-09811db ergo-f-list e-flex e-con-boxed e-con e-parent\" data-id=\"09811db\" data-element_type=\"container\" data-e-type=\"container\">\n\t\t\t\t\t<div class=\"e-con-inner\">\n\t\t<div class=\"elementor-element elementor-element-3ed188c e-con-full e-flex e-con e-child\" data-id=\"3ed188c\" data-element_type=\"container\" data-e-type=\"container\">\n\t\t\t\t<div class=\"elementor-element elementor-element-1ae3205 elementor-widget elementor-widget-heading\" data-id=\"1ae3205\" data-element_type=\"widget\" data-e-type=\"widget\" data-widget_type=\"heading.default\">\n\t\t\t\t<div class=\"elementor-widget-container\">\n\t\t\t\t\t<h3 class=\"elementor-heading-title elementor-size-default\">Bords biseaut\u00e9s<\/h3>\t\t\t\t<\/div>\n\t\t\t\t<\/div>\n\t\t\t\t<div class=\"elementor-element elementor-element-22ffee0 elementor-widget elementor-widget-text-editor\" data-id=\"22ffee0\" data-element_type=\"widget\" data-e-type=\"widget\" data-widget_type=\"text-editor.default\">\n\t\t\t\t<div class=\"elementor-widget-container\">\n\t\t\t\t\t\t\t\t\t<p>Le tapis antifatigue se distingue par ses bords biseaut\u00e9s qui assurent une s\u00e9curit\u00e9 optimale. Ces surfaces sp\u00e9ciales pr\u00e9viennent les risques de tr\u00e9buchement et garantissent une position stable et s\u00fbre, m\u00eame en cas de changement fr\u00e9quent de position ou lors de longues p\u00e9riodes de station debout.<\/p>\n<p>Les bords inclin\u00e9s du tapis ne sont pas seulement esth\u00e9tiquement agr\u00e9ables, mais aussi fonctionnels. Ils permettent une transition fluide entre le sol et le tapis. Cette caract\u00e9ristique est particuli\u00e8rement importante dans les environnements de travail o\u00f9 le mouvement constant et la r\u00e9action rapide sont n\u00e9cessaires.<\/p>\n\t\t\t\t\t\t\t\t<\/div>\n\t\t\t\t<\/div>\n\t\t\t\t<\/div>\n\t\t<div class=\"elementor-element elementor-element-f44a819 e-con-full e-flex e-con e-child\" data-id=\"f44a819\" data-element_type=\"container\" data-e-type=\"container\">\n\t\t\t\t<div class=\"elementor-element elementor-element-455c6f2 elementor-widget elementor-widget-image\" data-id=\"455c6f2\" data-element_type=\"widget\" data-e-type=\"widget\" data-widget_type=\"image.default\">\n\t\t\t\t<div class=\"elementor-widget-container\">\n\t\t\t\t\t\t\t\t\t\t\t\t\t\t\t<img decoding=\"async\" width=\"600\" height=\"375\" src=\"https:\/\/sitz.ch\/wp-content\/uploads\/aeris-muvmat-trittsicherheit-abgeschraegte-kanten-600x375.webp\" class=\"attachment-medium size-medium wp-image-143024\" alt=\"\" srcset=\"https:\/\/sitz.ch\/wp-content\/uploads\/aeris-muvmat-trittsicherheit-abgeschraegte-kanten-600x375.webp 600w, https:\/\/sitz.ch\/wp-content\/uploads\/aeris-muvmat-trittsicherheit-abgeschraegte-kanten-1024x640.webp 1024w, https:\/\/sitz.ch\/wp-content\/uploads\/aeris-muvmat-trittsicherheit-abgeschraegte-kanten-768x480.webp 768w, https:\/\/sitz.ch\/wp-content\/uploads\/aeris-muvmat-trittsicherheit-abgeschraegte-kanten-64x40.webp 64w, https:\/\/sitz.ch\/wp-content\/uploads\/aeris-muvmat-trittsicherheit-abgeschraegte-kanten.webp 1500w\" sizes=\"(max-width: 600px) 100vw, 600px\" title=\"\">\t\t\t\t\t\t\t\t\t\t\t\t\t\t\t<\/div>\n\t\t\t\t<\/div>\n\t\t\t\t<\/div>\n\t\t\t\t\t<\/div>\n\t\t\t\t<\/section>\n\t\t<section class=\"elementor-element elementor-element-b92f93e e-flex e-con-boxed e-con e-parent\" data-id=\"b92f93e\" data-element_type=\"container\" data-e-type=\"container\" data-settings=\"{&quot;background_background&quot;:&quot;classic&quot;}\">\n\t\t\t\t\t<div class=\"e-con-inner\">\n\t\t\t\t<div class=\"elementor-element elementor-element-c9a39fe elementor-widget elementor-widget-heading\" data-id=\"c9a39fe\" data-element_type=\"widget\" data-e-type=\"widget\" data-widget_type=\"heading.default\">\n\t\t\t\t<div class=\"elementor-widget-container\">\n\t\t\t\t\t<div class=\"elementor-heading-title elementor-size-default\">Lorsqu'on travaille sur le tapis Aeris Muvmat, des temps de r\u00e9action jusqu'\u00e0 50 % plus rapides sont prouv\u00e9s par rapport \u00e0 la position debout sur une surface plane.<\/div>\t\t\t\t<\/div>\n\t\t\t\t<\/div>\n\t\t\t\t<div class=\"elementor-element elementor-element-a08f334 elementor-widget elementor-widget-heading\" data-id=\"a08f334\" data-element_type=\"widget\" data-e-type=\"widget\" data-widget_type=\"heading.default\">\n\t\t\t\t<div class=\"elementor-widget-container\">\n\t\t\t\t\t<div class=\"elementor-heading-title elementor-size-default\">Dr. Diana Henz, Institut des sciences du sport de l'Universit\u00e9 Johannes Gutenberg de Mayence<\/div>\t\t\t\t<\/div>\n\t\t\t\t<\/div>\n\t\t\t\t\t<\/div>\n\t\t\t\t<\/section>\n\t\t\t\t<\/div>\n\t\t","protected":false},"excerpt":{"rendered":"<p>Aeris Muvmat Tapis de Standing :<\/p>\n<p>Se tenir debout sur des sols durs repr\u00e9sente une lourde charge pour notre corps. C&rsquo;est pourquoi le tapis Aeris Muvmat a \u00e9t\u00e9 d\u00e9velopp\u00e9. Le tapis de poste de travail debout active et d\u00e9tend simultan\u00e9ment tout en gardant le corps en mouvement : comme sur un sol forestier.<\/p>\n<p>Gr\u00e2ce \u00e0 sa couche de surface r\u00e9sistante, l&rsquo;Aeris Muvmat est id\u00e9ale pour une utilisation avec des chaussures \u2013 mais elle convient \u00e9galement parfaitement aux amateurs de pieds nus. Outre le lieu de travail au bureau, elle peut \u00eatre utilis\u00e9e dans la production, le laboratoire, la th\u00e9rapie et m\u00eame \u00e0 la maison, partout o\u00f9 l&rsquo;on travaille debout pendant longtemps.<\/p>\n<p>CARACT\u00c9RISTIQUES DU PRODUIT<\/p>\n<p>Dimensions<br \/>\n(L) 91,5 cm x (P) 48 cm x (H) 3,5 cm<\/p>\n<p>Poids du produit<br \/>\n2,7 kg<\/p>\n<p>Mat\u00e9riaux<br \/>\nStructure interne : EPP<br \/>\nSurface de standing : mousse de polyur\u00e9thane int\u00e9grale<br \/>\nRev\u00eatement (optionnel) : 100 % polyester<\/p>\n","protected":false},"featured_media":141989,"comment_status":"open","ping_status":"closed","template":"","meta":{"_acf_changed":false},"pwb-brand":[84],"product_brand":[],"product_cat":[268,281,289,269,291],"product_tag":[],"class_list":{"0":"post-150150","1":"product","2":"type-product","3":"status-publish","4":"has-post-thumbnail","6":"pwb-brand-aeris","7":"product_cat-accessoires-ergonomiques","8":"product_cat-bureaux-assis-debout","9":"product_cat-equipements-de-fitness","10":"product_cat-repose-pieds","11":"product_cat-tapis-anti-fatigue-ergonomique","12":"tm-has-options","14":"first","15":"instock","16":"featured","17":"taxable","18":"shipping-taxable","19":"purchasable","20":"product-type-variable","21":"has-default-attributes"},"acf":[],"brands":[{"id":84,"name":"Aeris","slug":"aeris"}],"_links":{"self":[{"href":"https:\/\/sitz.ch\/fr\/wp-json\/wp\/v2\/product\/150150","targetHints":{"allow":["GET"]}}],"collection":[{"href":"https:\/\/sitz.ch\/fr\/wp-json\/wp\/v2\/product"}],"about":[{"href":"https:\/\/sitz.ch\/fr\/wp-json\/wp\/v2\/types\/product"}],"replies":[{"embeddable":true,"href":"https:\/\/sitz.ch\/fr\/wp-json\/wp\/v2\/comments?post=150150"}],"version-history":[{"count":2,"href":"https:\/\/sitz.ch\/fr\/wp-json\/wp\/v2\/product\/150150\/revisions"}],"predecessor-version":[{"id":156945,"href":"https:\/\/sitz.ch\/fr\/wp-json\/wp\/v2\/product\/150150\/revisions\/156945"}],"wp:featuredmedia":[{"embeddable":true,"href":"https:\/\/sitz.ch\/fr\/wp-json\/wp\/v2\/media\/141989"}],"wp:attachment":[{"href":"https:\/\/sitz.ch\/fr\/wp-json\/wp\/v2\/media?parent=150150"}],"wp:term":[{"taxonomy":"pwb-brand","embeddable":true,"href":"https:\/\/sitz.ch\/fr\/wp-json\/wp\/v2\/pwb-brand?post=150150"},{"taxonomy":"product_brand","embeddable":true,"href":"https:\/\/sitz.ch\/fr\/wp-json\/wp\/v2\/product_brand?post=150150"},{"taxonomy":"product_cat","embeddable":true,"href":"https:\/\/sitz.ch\/fr\/wp-json\/wp\/v2\/product_cat?post=150150"},{"taxonomy":"product_tag","embeddable":true,"href":"https:\/\/sitz.ch\/fr\/wp-json\/wp\/v2\/product_tag?post=150150"}],"curies":[{"name":"wp","href":"https:\/\/api.w.org\/{rel}","templated":true}]}}