{"id":150165,"date":"2020-06-15T16:38:45","date_gmt":"2020-06-15T14:38:45","guid":{"rendered":"https:\/\/sitz.ch\/produkt\/aeris-numo-pieds-en-bois\/"},"modified":"2020-06-15T16:38:45","modified_gmt":"2020-06-15T14:38:45","slug":"aeris-numo-pieds-en-bois","status":"publish","type":"product","link":"https:\/\/sitz.ch\/fr\/produit\/aeris-numo-pieds-en-bois\/","title":{"rendered":"Aeris Numo Pieds en Bois"},"content":{"rendered":"<p><strong>NUMO par aeris<\/strong><\/p>\n<p>Le Numo est disponible en diverses versions. Mais quelle que soit la version que vous choisissez, le Numo offre un soutien optimal gr\u00e2ce \u00e0 sa forme unique et son mouvement. Le fauteuil s&rsquo;adapte toujours parfaitement \u00e0 votre position assise, que ce soit pour \u00e9crire, lire, r\u00e9fl\u00e9chir ou manger.<\/p>\n<p>Le si\u00e8ge du Numo ainsi que son pi\u00e9tement conviennent aussi bien \u00e0 l&rsquo;int\u00e9rieur qu&rsquo;\u00e0 l&rsquo;ext\u00e9rieur. Vous avez donc un compagnon id\u00e9al, que ce soit au bureau, dans la cuisine, \u00e0 la table \u00e0 manger ou sur la terrasse, le balcon ou dans le jardin.<\/p>\n<p>En plus de la coque de si\u00e8ge ergonomique, un coussin d\u2019assise assorti est disponible. Coordonn\u00e9 en couleur ou en contraste saisissant. Gr\u00e2ce au rev\u00eatement antid\u00e9rapant du dessous, il offre non seulement un confort d&rsquo;assise accru mais aussi une stabilit\u00e9 optimale.<\/p>\n<p><strong>Garantie du fabricant<br \/>\n<\/strong>3 ans<\/p>\n","protected":false},"excerpt":{"rendered":"<p>NUMO par aeris Le Numo est disponible en diverses versions. Mais quelle que soit la version que vous choisissez, le Numo offre un soutien optimal gr\u00e2ce \u00e0 sa forme unique et son mouvement. Le fauteuil s&rsquo;adapte toujours parfaitement \u00e0 votre position assise, que ce soit pour \u00e9crire, lire, r\u00e9fl\u00e9chir ou manger. Le si\u00e8ge du Numo [&hellip;]<\/p>\n","protected":false},"featured_media":140600,"comment_status":"open","ping_status":"closed","template":"","meta":{"_acf_changed":false},"pwb-brand":[84],"product_brand":[],"product_cat":[275,198],"product_tag":[],"class_list":{"0":"post-150165","1":"product","2":"type-product","3":"status-publish","4":"has-post-thumbnail","6":"pwb-brand-aeris","7":"product_cat-chaises-pour-salle-a-manger-et-de-conference","8":"product_cat-tabourets","9":"tm-has-options","11":"first","12":"onbackorder","13":"featured","14":"taxable","15":"shipping-taxable","16":"purchasable","17":"product-type-variable","18":"has-default-attributes"},"acf":[],"brands":[{"id":84,"name":"Aeris","slug":"aeris"}],"_links":{"self":[{"href":"https:\/\/sitz.ch\/fr\/wp-json\/wp\/v2\/product\/150165","targetHints":{"allow":["GET"]}}],"collection":[{"href":"https:\/\/sitz.ch\/fr\/wp-json\/wp\/v2\/product"}],"about":[{"href":"https:\/\/sitz.ch\/fr\/wp-json\/wp\/v2\/types\/product"}],"replies":[{"embeddable":true,"href":"https:\/\/sitz.ch\/fr\/wp-json\/wp\/v2\/comments?post=150165"}],"version-history":[{"count":0,"href":"https:\/\/sitz.ch\/fr\/wp-json\/wp\/v2\/product\/150165\/revisions"}],"wp:featuredmedia":[{"embeddable":true,"href":"https:\/\/sitz.ch\/fr\/wp-json\/wp\/v2\/media\/140600"}],"wp:attachment":[{"href":"https:\/\/sitz.ch\/fr\/wp-json\/wp\/v2\/media?parent=150165"}],"wp:term":[{"taxonomy":"pwb-brand","embeddable":true,"href":"https:\/\/sitz.ch\/fr\/wp-json\/wp\/v2\/pwb-brand?post=150165"},{"taxonomy":"product_brand","embeddable":true,"href":"https:\/\/sitz.ch\/fr\/wp-json\/wp\/v2\/product_brand?post=150165"},{"taxonomy":"product_cat","embeddable":true,"href":"https:\/\/sitz.ch\/fr\/wp-json\/wp\/v2\/product_cat?post=150165"},{"taxonomy":"product_tag","embeddable":true,"href":"https:\/\/sitz.ch\/fr\/wp-json\/wp\/v2\/product_tag?post=150165"}],"curies":[{"name":"wp","href":"https:\/\/api.w.org\/{rel}","templated":true}]}}