{"id":150170,"date":"2020-06-15T14:24:51","date_gmt":"2020-06-15T12:24:51","guid":{"rendered":"https:\/\/sitz.ch\/produkt\/aeris-numo-cadre-de-traineau\/"},"modified":"2020-06-15T14:24:51","modified_gmt":"2020-06-15T12:24:51","slug":"aeris-numo-cadre-de-traineau","status":"publish","type":"product","link":"https:\/\/sitz.ch\/fr\/produit\/aeris-numo-cadre-de-traineau\/","title":{"rendered":"Aeris Numo Cadre de Tra\u00eeneau"},"content":{"rendered":"<p><strong>NUMO de aeris<\/strong><\/p>\n<p>Le Numo est disponible en diverses versions. Peu importe la version que vous choisissez, il offre un soutien optimal gr\u00e2ce \u00e0 sa forme unique et \u00e0 son mouvement. Le fauteuil s&rsquo;adapte parfaitement \u00e0 votre position assise, que ce soit pour \u00e9crire, lire, r\u00e9fl\u00e9chir ou manger.<\/p>\n<p>La chaise Numo ainsi que le pi\u00e8tement conviennent aussi bien pour l&rsquo;int\u00e9rieur que pour l&rsquo;ext\u00e9rieur. Vous avez donc le compagnon id\u00e9al, que ce soit au bureau, dans la cuisine, \u00e0 la table \u00e0 manger ou sur la terrasse, le balcon et le jardin.<\/p>\n<p>En plus de la coque de si\u00e8ge ergonomique, il existe un coussin d&rsquo;assise assorti. Harmonis\u00e9 en couleur ou comme un contraste \u00e9l\u00e9gant. Gr\u00e2ce \u00e0 son rev\u00eatement antid\u00e9rapant, il offre non seulement un confort d&rsquo;assise accru, mais \u00e9galement une stabilit\u00e9 optimale lorsque vous \u00eates assis.<\/p>\n<p><strong>Garantie du fabricant<br \/>\n<\/strong>3 ans<\/p>\n","protected":false},"excerpt":{"rendered":"<p>NUMO de aeris Le Numo est disponible en diverses versions. Peu importe la version que vous choisissez, il offre un soutien optimal gr\u00e2ce \u00e0 sa forme unique et \u00e0 son mouvement. Le fauteuil s&rsquo;adapte parfaitement \u00e0 votre position assise, que ce soit pour \u00e9crire, lire, r\u00e9fl\u00e9chir ou manger. La chaise Numo ainsi que le pi\u00e8tement [&hellip;]<\/p>\n","protected":false},"featured_media":140561,"comment_status":"open","ping_status":"closed","template":"","meta":{"_acf_changed":false},"pwb-brand":[84],"product_brand":[],"product_cat":[275,198],"product_tag":[],"class_list":{"0":"post-150170","1":"product","2":"type-product","3":"status-publish","4":"has-post-thumbnail","6":"pwb-brand-aeris","7":"product_cat-chaises-pour-salle-a-manger-et-de-conference","8":"product_cat-tabourets","9":"pa_bezug-fibre-synthetique-bleu-cura-2480-66166","10":"pa_bezug-fibre-synthetique-gris-cura-2480-60110","11":"pa_bezug-fibre-synthetique-gris-clair-cura-2480-60112","12":"pa_bezug-fibre-synthetique-noir-cura-2480-60999","13":"pa_bezug-fibre-synthetique-orange-cura-2480-63078","14":"pa_bezug-fibre-synthetique-vert-fougere-cura-2480-68261","15":"pa_bezug-fibre-synthetique-vert-pale-cura-2480-68186","16":"pa_bezug-fibre-synthetique-violet-clair-cura-2480-64194","17":"pa_bezug-sans-coussin-dassise","18":"tm-has-options","20":"first","21":"instock","22":"featured","23":"taxable","24":"shipping-taxable","25":"purchasable","26":"product-type-variable","27":"has-default-attributes"},"acf":[],"brands":[{"id":84,"name":"Aeris","slug":"aeris"}],"_links":{"self":[{"href":"https:\/\/sitz.ch\/fr\/wp-json\/wp\/v2\/product\/150170","targetHints":{"allow":["GET"]}}],"collection":[{"href":"https:\/\/sitz.ch\/fr\/wp-json\/wp\/v2\/product"}],"about":[{"href":"https:\/\/sitz.ch\/fr\/wp-json\/wp\/v2\/types\/product"}],"replies":[{"embeddable":true,"href":"https:\/\/sitz.ch\/fr\/wp-json\/wp\/v2\/comments?post=150170"}],"version-history":[{"count":0,"href":"https:\/\/sitz.ch\/fr\/wp-json\/wp\/v2\/product\/150170\/revisions"}],"wp:featuredmedia":[{"embeddable":true,"href":"https:\/\/sitz.ch\/fr\/wp-json\/wp\/v2\/media\/140561"}],"wp:attachment":[{"href":"https:\/\/sitz.ch\/fr\/wp-json\/wp\/v2\/media?parent=150170"}],"wp:term":[{"taxonomy":"pwb-brand","embeddable":true,"href":"https:\/\/sitz.ch\/fr\/wp-json\/wp\/v2\/pwb-brand?post=150170"},{"taxonomy":"product_brand","embeddable":true,"href":"https:\/\/sitz.ch\/fr\/wp-json\/wp\/v2\/product_brand?post=150170"},{"taxonomy":"product_cat","embeddable":true,"href":"https:\/\/sitz.ch\/fr\/wp-json\/wp\/v2\/product_cat?post=150170"},{"taxonomy":"product_tag","embeddable":true,"href":"https:\/\/sitz.ch\/fr\/wp-json\/wp\/v2\/product_tag?post=150170"}],"curies":[{"name":"wp","href":"https:\/\/api.w.org\/{rel}","templated":true}]}}