{"id":150269,"date":"2020-06-04T14:59:30","date_gmt":"2020-06-04T12:59:30","guid":{"rendered":"https:\/\/sitz.ch\/produkt\/aeris-swopper-cuir\/"},"modified":"2025-05-29T10:41:40","modified_gmt":"2025-05-29T08:41:40","slug":"aeris-swopper-cuir","status":"publish","type":"product","link":"https:\/\/sitz.ch\/fr\/produit\/aeris-swopper-cuir\/","title":{"rendered":"Aeris Swopper Cuir"},"content":{"rendered":"<p>Qu&rsquo;est-ce qui rend le Swopper d&rsquo;aeris si sp\u00e9cial ? Le Swopper, gr\u00e2ce \u00e0 sa technologie 3D, aide \u00e0 soulager les douleurs dorsales et encourage de petits mouvements dans tout le corps, vous \u00e9vitant ainsi de ressentir une sensation de raideur.<\/p>\n<p>Vous adoptez automatiquement une posture droite et pr\u00e9venez le manque de mouvement li\u00e9 \u00e0 un travail assis statique.<\/p>\n<p>Le Swopper d\u00e9tient le label T\u00dcV\/GS en tant que chaise d&rsquo;usage public, ce qui le rend id\u00e9al pour un usage au bureau ou dans des \u00e9tablissements publics.<\/p>\n<p><strong>Garantie du fabricant<br \/>\n<\/strong>3 ans<\/p>\n","protected":false},"excerpt":{"rendered":"<p>Qu&rsquo;est-ce qui rend le Swopper d&rsquo;aeris si sp\u00e9cial ? Le Swopper, gr\u00e2ce \u00e0 sa technologie 3D, aide \u00e0 soulager les douleurs dorsales et encourage de petits mouvements dans tout le corps, vous \u00e9vitant ainsi de ressentir une sensation de raideur. Vous adoptez automatiquement une posture droite et pr\u00e9venez le manque de mouvement li\u00e9 \u00e0 un [&hellip;]<\/p>\n","protected":false},"featured_media":142127,"comment_status":"open","ping_status":"closed","template":"","meta":{"_acf_changed":false},"pwb-brand":[84],"product_brand":[],"product_cat":[190,198],"product_tag":[],"class_list":{"0":"post-150269","1":"product","2":"type-product","3":"status-publish","4":"has-post-thumbnail","6":"pwb-brand-aeris","7":"product_cat-chaises-de-bureau","8":"product_cat-tabourets","9":"tm-has-options","11":"first","12":"instock","13":"featured","14":"taxable","15":"shipping-taxable","16":"purchasable","17":"product-type-variable","18":"has-default-attributes"},"acf":[],"brands":[{"id":84,"name":"Aeris","slug":"aeris"}],"_links":{"self":[{"href":"https:\/\/sitz.ch\/fr\/wp-json\/wp\/v2\/product\/150269","targetHints":{"allow":["GET"]}}],"collection":[{"href":"https:\/\/sitz.ch\/fr\/wp-json\/wp\/v2\/product"}],"about":[{"href":"https:\/\/sitz.ch\/fr\/wp-json\/wp\/v2\/types\/product"}],"replies":[{"embeddable":true,"href":"https:\/\/sitz.ch\/fr\/wp-json\/wp\/v2\/comments?post=150269"}],"version-history":[{"count":1,"href":"https:\/\/sitz.ch\/fr\/wp-json\/wp\/v2\/product\/150269\/revisions"}],"predecessor-version":[{"id":155267,"href":"https:\/\/sitz.ch\/fr\/wp-json\/wp\/v2\/product\/150269\/revisions\/155267"}],"wp:featuredmedia":[{"embeddable":true,"href":"https:\/\/sitz.ch\/fr\/wp-json\/wp\/v2\/media\/142127"}],"wp:attachment":[{"href":"https:\/\/sitz.ch\/fr\/wp-json\/wp\/v2\/media?parent=150269"}],"wp:term":[{"taxonomy":"pwb-brand","embeddable":true,"href":"https:\/\/sitz.ch\/fr\/wp-json\/wp\/v2\/pwb-brand?post=150269"},{"taxonomy":"product_brand","embeddable":true,"href":"https:\/\/sitz.ch\/fr\/wp-json\/wp\/v2\/product_brand?post=150269"},{"taxonomy":"product_cat","embeddable":true,"href":"https:\/\/sitz.ch\/fr\/wp-json\/wp\/v2\/product_cat?post=150269"},{"taxonomy":"product_tag","embeddable":true,"href":"https:\/\/sitz.ch\/fr\/wp-json\/wp\/v2\/product_tag?post=150269"}],"curies":[{"name":"wp","href":"https:\/\/api.w.org\/{rel}","templated":true}]}}