{"id":150308,"date":"2020-06-03T17:00:52","date_gmt":"2020-06-03T15:00:52","guid":{"rendered":"https:\/\/sitz.ch\/produkt\/aeris-swopper-tissu-laine-select\/"},"modified":"2025-05-29T10:41:53","modified_gmt":"2025-05-29T08:41:53","slug":"aeris-swopper-tissu-laine-select","status":"publish","type":"product","link":"https:\/\/sitz.ch\/fr\/produit\/aeris-swopper-tissu-laine-select\/","title":{"rendered":"Aeris Swopper Tissu Laine Select"},"content":{"rendered":"<p>Cette version du Swopper n&rsquo;est actuellement pas en stock. Nous serons ravis de le commander pour vous.<\/p>\n<p>&nbsp;<\/p>\n<p>Qu&rsquo;est-ce qui rend le Swopper d&rsquo;aeris si sp\u00e9cial ? Le Swopper aide avec sa technologie 3D \u00e0 soulager les douleurs dorsales et induit de l\u00e9gers mouvements dans tout le corps, \u00e9liminant ainsi la sensation de raideur.<\/p>\n<p>Il renonce aux caract\u00e9ristiques de confort conventionnelles telles que les accoudoirs ou les appuie-t\u00eate.<\/p>\n<p>Vous adoptez automatiquement une posture droite, ce qui pr\u00e9vient le manque de mouvement associ\u00e9 au travail s\u00e9dentaire.<\/p>\n<p>Le Swopper est certifi\u00e9 T\u00dcV\/GS en tant que chaise fonctionnelle, ce qui le rend id\u00e9al pour une utilisation dans des bureaux ou des institutions publiques.<\/p>\n<p><strong>Garantie du fabricant<br \/>\n<\/strong>3 ans<\/p>\n","protected":false},"excerpt":{"rendered":"<p>Cette version du Swopper n&rsquo;est actuellement pas en stock. Nous serons ravis de le commander pour vous. &nbsp; Qu&rsquo;est-ce qui rend le Swopper d&rsquo;aeris si sp\u00e9cial ? Le Swopper aide avec sa technologie 3D \u00e0 soulager les douleurs dorsales et induit de l\u00e9gers mouvements dans tout le corps, \u00e9liminant ainsi la sensation de raideur. Il [&hellip;]<\/p>\n","protected":false},"featured_media":140387,"comment_status":"open","ping_status":"closed","template":"","meta":{"_acf_changed":false},"pwb-brand":[84],"product_brand":[],"product_cat":[190,198],"product_tag":[],"class_list":{"0":"post-150308","1":"product","2":"type-product","3":"status-publish","4":"has-post-thumbnail","6":"pwb-brand-aeris","7":"product_cat-chaises-de-bureau","8":"product_cat-tabourets","9":"tm-has-options","11":"first","12":"outofstock","13":"featured","14":"taxable","15":"shipping-taxable","16":"purchasable","17":"product-type-variable","18":"has-default-attributes"},"acf":[],"brands":[{"id":84,"name":"Aeris","slug":"aeris"}],"_links":{"self":[{"href":"https:\/\/sitz.ch\/fr\/wp-json\/wp\/v2\/product\/150308","targetHints":{"allow":["GET"]}}],"collection":[{"href":"https:\/\/sitz.ch\/fr\/wp-json\/wp\/v2\/product"}],"about":[{"href":"https:\/\/sitz.ch\/fr\/wp-json\/wp\/v2\/types\/product"}],"replies":[{"embeddable":true,"href":"https:\/\/sitz.ch\/fr\/wp-json\/wp\/v2\/comments?post=150308"}],"version-history":[{"count":1,"href":"https:\/\/sitz.ch\/fr\/wp-json\/wp\/v2\/product\/150308\/revisions"}],"predecessor-version":[{"id":155268,"href":"https:\/\/sitz.ch\/fr\/wp-json\/wp\/v2\/product\/150308\/revisions\/155268"}],"wp:featuredmedia":[{"embeddable":true,"href":"https:\/\/sitz.ch\/fr\/wp-json\/wp\/v2\/media\/140387"}],"wp:attachment":[{"href":"https:\/\/sitz.ch\/fr\/wp-json\/wp\/v2\/media?parent=150308"}],"wp:term":[{"taxonomy":"pwb-brand","embeddable":true,"href":"https:\/\/sitz.ch\/fr\/wp-json\/wp\/v2\/pwb-brand?post=150308"},{"taxonomy":"product_brand","embeddable":true,"href":"https:\/\/sitz.ch\/fr\/wp-json\/wp\/v2\/product_brand?post=150308"},{"taxonomy":"product_cat","embeddable":true,"href":"https:\/\/sitz.ch\/fr\/wp-json\/wp\/v2\/product_cat?post=150308"},{"taxonomy":"product_tag","embeddable":true,"href":"https:\/\/sitz.ch\/fr\/wp-json\/wp\/v2\/product_tag?post=150308"}],"curies":[{"name":"wp","href":"https:\/\/api.w.org\/{rel}","templated":true}]}}