{"id":150382,"date":"2016-11-12T00:06:43","date_gmt":"2016-11-11T23:06:43","guid":{"rendered":"https:\/\/sitz.ch\/produkt\/anatom-comfort-support-de-lecture\/"},"modified":"2016-11-12T00:06:43","modified_gmt":"2016-11-11T23:06:43","slug":"anatom-comfort-support-de-lecture","status":"publish","type":"product","link":"https:\/\/sitz.ch\/fr\/produit\/anatom-comfort-support-de-lecture\/","title":{"rendered":"Anatom Comfort Support de lecture"},"content":{"rendered":"<p>SUPPORT CONFORT<\/p>\n<p>Ind\u00e9pendant &#8211; plus de libert\u00e9.<\/p>\n<p>Que vous lisiez, \u00e9criviez ou mangiez &#8211; au lit ou dans un fauteuil &#8211; le support Confort est votre fid\u00e8le alli\u00e9, adaptable \u00e0 presque toutes les situations et offrant la stabilit\u00e9 n\u00e9cessaire.<\/p>\n<p>H : 78 cm, L : 74 cm, P : 60 cm<\/p>\n<p>disponible avec roulettes (base ronde ou base en V) et sur patins (fixe) base en V<\/p>\n<p>&nbsp;<\/p>\n","protected":false},"excerpt":{"rendered":"<p>SUPPORT CONFORT Ind\u00e9pendant &#8211; plus de libert\u00e9. Que vous lisiez, \u00e9criviez ou mangiez &#8211; au lit ou dans un fauteuil &#8211; le support Confort est votre fid\u00e8le alli\u00e9, adaptable \u00e0 presque toutes les situations et offrant la stabilit\u00e9 n\u00e9cessaire. H : 78 cm, L : 74 cm, P : 60 cm disponible avec roulettes (base [&hellip;]<\/p>\n","protected":false},"featured_media":138101,"comment_status":"open","ping_status":"closed","template":"","meta":{"_acf_changed":false},"pwb-brand":[97],"product_brand":[],"product_cat":[268,280,276,278,279,274],"product_tag":[],"class_list":{"0":"post-150382","1":"product","2":"type-product","3":"status-publish","4":"has-post-thumbnail","6":"pwb-brand-anatom","7":"product_cat-accessoires-ergonomiques","8":"product_cat-fauteuil-releveur-electrique","9":"product_cat-fauteuils-relax","10":"product_cat-fauteuils-relax-electriques","11":"product_cat-fauteuils-relax-manuels","12":"product_cat-supports-de-documents-supports-pour-ordinateurs-portables","13":"tm-has-options","15":"first","16":"instock","17":"featured","18":"taxable","19":"shipping-taxable","20":"purchasable","21":"product-type-variable","22":"has-default-attributes"},"acf":[],"brands":[{"id":97,"name":"Anatom","slug":"anatom"}],"_links":{"self":[{"href":"https:\/\/sitz.ch\/fr\/wp-json\/wp\/v2\/product\/150382","targetHints":{"allow":["GET"]}}],"collection":[{"href":"https:\/\/sitz.ch\/fr\/wp-json\/wp\/v2\/product"}],"about":[{"href":"https:\/\/sitz.ch\/fr\/wp-json\/wp\/v2\/types\/product"}],"replies":[{"embeddable":true,"href":"https:\/\/sitz.ch\/fr\/wp-json\/wp\/v2\/comments?post=150382"}],"version-history":[{"count":0,"href":"https:\/\/sitz.ch\/fr\/wp-json\/wp\/v2\/product\/150382\/revisions"}],"wp:featuredmedia":[{"embeddable":true,"href":"https:\/\/sitz.ch\/fr\/wp-json\/wp\/v2\/media\/138101"}],"wp:attachment":[{"href":"https:\/\/sitz.ch\/fr\/wp-json\/wp\/v2\/media?parent=150382"}],"wp:term":[{"taxonomy":"pwb-brand","embeddable":true,"href":"https:\/\/sitz.ch\/fr\/wp-json\/wp\/v2\/pwb-brand?post=150382"},{"taxonomy":"product_brand","embeddable":true,"href":"https:\/\/sitz.ch\/fr\/wp-json\/wp\/v2\/product_brand?post=150382"},{"taxonomy":"product_cat","embeddable":true,"href":"https:\/\/sitz.ch\/fr\/wp-json\/wp\/v2\/product_cat?post=150382"},{"taxonomy":"product_tag","embeddable":true,"href":"https:\/\/sitz.ch\/fr\/wp-json\/wp\/v2\/product_tag?post=150382"}],"curies":[{"name":"wp","href":"https:\/\/api.w.org\/{rel}","templated":true}]}}