{"id":150386,"date":"2016-11-12T00:04:12","date_gmt":"2016-11-11T23:04:12","guid":{"rendered":"https:\/\/sitz.ch\/produkt\/anatom-support-de-lecture-sur-roulettes\/"},"modified":"2016-11-12T00:04:12","modified_gmt":"2016-11-11T23:04:12","slug":"anatom-support-de-lecture-sur-roulettes","status":"publish","type":"product","link":"https:\/\/sitz.ch\/fr\/produit\/anatom-support-de-lecture-sur-roulettes\/","title":{"rendered":"Anatom Support de lecture sur roulettes"},"content":{"rendered":"<p>Le support de lecture polyvalent est enfin \u00e0 nouveau disponible.<\/p>\n<p>Construction robuste et r\u00e9sistante de v\u00e9ritable qualit\u00e9 suisse.<\/p>\n<p>Lors de la lecture, des soins corporels et de la d\u00e9tente, le support de lecture Anatom fait gagner beaucoup de temps au personnel soignant et permets au patient de faire bien des choses auxquelles il devrait autrement renoncer. Ce support de lecture polyvalent est une v\u00e9ritable aide et un soulagement pour les patients alit\u00e9s et pour toutes les personnes qui doivent m\u00e9nager leur dos ou leurs poignets et mains.<\/p>\n<p>Id\u00e9al aussi pour lire un livre en position allong\u00e9e (sans avoir \u00e0 tenir le livre avec les mains).<\/p>\n<p>Pied en m\u00e9tal laqu\u00e9 noir, mont\u00e9 sur roulettes<\/p>\n<p>r\u00e9glable en hauteur en continu<\/p>\n<p>Acryglass avec bord antid\u00e9rapant, pivotant \u00e0 360\u00b0 et r\u00e9glable en divers angles<\/p>\n","protected":false},"excerpt":{"rendered":"<p>Le support de lecture polyvalent est enfin \u00e0 nouveau disponible. Construction robuste et r\u00e9sistante de v\u00e9ritable qualit\u00e9 suisse. Lors de la lecture, des soins corporels et de la d\u00e9tente, le support de lecture Anatom fait gagner beaucoup de temps au personnel soignant et permets au patient de faire bien des choses auxquelles il devrait autrement [&hellip;]<\/p>\n","protected":false},"featured_media":142805,"comment_status":"open","ping_status":"closed","template":"","meta":{"_acf_changed":false},"pwb-brand":[97],"product_brand":[],"product_cat":[268,280,276,278,279,274],"product_tag":[],"class_list":{"0":"post-150386","1":"product","2":"type-product","3":"status-publish","4":"has-post-thumbnail","6":"pwb-brand-anatom","7":"product_cat-accessoires-ergonomiques","8":"product_cat-fauteuil-releveur-electrique","9":"product_cat-fauteuils-relax","10":"product_cat-fauteuils-relax-electriques","11":"product_cat-fauteuils-relax-manuels","12":"product_cat-supports-de-documents-supports-pour-ordinateurs-portables","13":"tm-has-options","15":"first","16":"onbackorder","17":"featured","18":"taxable","19":"shipping-taxable","20":"purchasable","21":"product-type-variable","22":"has-default-attributes"},"acf":[],"brands":[{"id":97,"name":"Anatom","slug":"anatom"}],"_links":{"self":[{"href":"https:\/\/sitz.ch\/fr\/wp-json\/wp\/v2\/product\/150386","targetHints":{"allow":["GET"]}}],"collection":[{"href":"https:\/\/sitz.ch\/fr\/wp-json\/wp\/v2\/product"}],"about":[{"href":"https:\/\/sitz.ch\/fr\/wp-json\/wp\/v2\/types\/product"}],"replies":[{"embeddable":true,"href":"https:\/\/sitz.ch\/fr\/wp-json\/wp\/v2\/comments?post=150386"}],"version-history":[{"count":0,"href":"https:\/\/sitz.ch\/fr\/wp-json\/wp\/v2\/product\/150386\/revisions"}],"wp:featuredmedia":[{"embeddable":true,"href":"https:\/\/sitz.ch\/fr\/wp-json\/wp\/v2\/media\/142805"}],"wp:attachment":[{"href":"https:\/\/sitz.ch\/fr\/wp-json\/wp\/v2\/media?parent=150386"}],"wp:term":[{"taxonomy":"pwb-brand","embeddable":true,"href":"https:\/\/sitz.ch\/fr\/wp-json\/wp\/v2\/pwb-brand?post=150386"},{"taxonomy":"product_brand","embeddable":true,"href":"https:\/\/sitz.ch\/fr\/wp-json\/wp\/v2\/product_brand?post=150386"},{"taxonomy":"product_cat","embeddable":true,"href":"https:\/\/sitz.ch\/fr\/wp-json\/wp\/v2\/product_cat?post=150386"},{"taxonomy":"product_tag","embeddable":true,"href":"https:\/\/sitz.ch\/fr\/wp-json\/wp\/v2\/product_tag?post=150386"}],"curies":[{"name":"wp","href":"https:\/\/api.w.org\/{rel}","templated":true}]}}