{"id":150388,"date":"2024-06-24T10:15:14","date_gmt":"2024-06-24T08:15:14","guid":{"rendered":"https:\/\/sitz.ch\/produkt\/anatom-mesa-version-standard-structure-de-table\/"},"modified":"2025-05-29T11:03:44","modified_gmt":"2025-05-29T09:03:44","slug":"anatom-mesa-version-standard-structure-de-table","status":"publish","type":"product","link":"https:\/\/sitz.ch\/fr\/produit\/anatom-mesa-version-standard-structure-de-table\/","title":{"rendered":"Anatom Mesa Version Standard Structure de table"},"content":{"rendered":"<h2>MESA &#8211; le pi\u00e8tement qui ne laisse aucun souhait ouvert<\/h2>\n<p><b>Stable, rapide, silencieux et personnalis\u00e9<br \/>\n<\/b>La table assis-debout MESA fait partie de la derni\u00e8re g\u00e9n\u00e9ration de tables r\u00e9glables en hauteur \u00e9lectriquement et \u00e9tablit de nouveaux standards dans le monde des tables assis-debout.<b><\/b><\/p>\n<p><strong>Nouveau dispositif de commande avec de nombreuses possibilit\u00e9s de programmation<br \/>\n<\/strong>M\u00e9moire, limitation en hauteur et en profondeur, protection anti-collision activable ou d\u00e9sactivable avec niveaux de sensibilit\u00e9 r\u00e9glables, calibration de l&rsquo;affichage et auto-ajustement apr\u00e8s une coupure de courant.<\/p>\n<p><strong>Nouveau ou r\u00e9novation<br \/>\n<\/strong>Vous souhaitez profiter des avantages du travail moderne avec une table de travail r\u00e9glable en hauteur, mais vous ne pouvez ou ne voulez pas vous s\u00e9parer de votre table actuelle ?<br \/>\nQuelle que soit la forme ou la taille de votre table existante, le pi\u00e8tement MESA s&rsquo;adapte toujours. En quelques minutes, votre table fixe actuelle peut \u00eatre transform\u00e9e en une table r\u00e9glable en hauteur.<\/p>\n<p>&nbsp;<\/p>\n<h3><strong>Donn\u00e9es techniques :<\/strong><\/h3>\n<p><strong>Capacit\u00e9 de charge <\/strong>125 kg<br \/>\n<strong>Vitesse max. <\/strong>38 mm\/seconde<br \/>\n<strong>Niveau sonore <\/strong>37 dB (connexions de plateau avec appui en caoutchouc)<br \/>\n<strong>Tension d&rsquo;alimentation <\/strong>100-240 Volts<br \/>\n<strong>S\u00e9curit\u00e9 <\/strong>Protection anti-collision en haut et en bas et protection contre la surcharge<br \/>\n<strong>Taille <\/strong>Min. 600 mm \u00d7 700 mm | Max. 2500 mm \u00d7 1000 mm (L\u00d7P)<br \/>\n<strong>Plage de r\u00e9glage en hauteur <\/strong>620 mm\u20131270 mm<br \/>\n<strong>Couleurs du cadre <\/strong>Argent RAL 7045 | Noir RAL 9005 | Blanc RAL 9016<br \/>\n<strong>Pieds <\/strong>Patins de nivellement ou roulettes avec frein de blocage<\/p>\n<p><strong>Garantie <\/strong>3 ans<\/p>\n","protected":false},"excerpt":{"rendered":"<p>MESA &#8211; le pi\u00e8tement qui ne laisse aucun souhait ouvert Stable, rapide, silencieux et personnalis\u00e9 La table assis-debout MESA fait partie de la derni\u00e8re g\u00e9n\u00e9ration de tables r\u00e9glables en hauteur \u00e9lectriquement et \u00e9tablit de nouveaux standards dans le monde des tables assis-debout. Nouveau dispositif de commande avec de nombreuses possibilit\u00e9s de programmation M\u00e9moire, limitation en [&hellip;]<\/p>\n","protected":false},"featured_media":142991,"comment_status":"open","ping_status":"closed","template":"","meta":{"_acf_changed":false},"pwb-brand":[97],"product_brand":[],"product_cat":[281,284,285],"product_tag":[],"class_list":{"0":"post-150388","1":"product","2":"type-product","3":"status-publish","4":"has-post-thumbnail","6":"pwb-brand-anatom","7":"product_cat-bureaux-assis-debout","8":"product_cat-bureaux-angle","9":"product_cat-bureaux-electriques-reglables","10":"tm-has-options","12":"first","13":"instock","14":"sale","15":"featured","16":"taxable","17":"shipping-taxable","18":"purchasable","19":"product-type-variable","20":"has-default-attributes"},"acf":[],"brands":[{"id":97,"name":"Anatom","slug":"anatom"}],"_links":{"self":[{"href":"https:\/\/sitz.ch\/fr\/wp-json\/wp\/v2\/product\/150388","targetHints":{"allow":["GET"]}}],"collection":[{"href":"https:\/\/sitz.ch\/fr\/wp-json\/wp\/v2\/product"}],"about":[{"href":"https:\/\/sitz.ch\/fr\/wp-json\/wp\/v2\/types\/product"}],"replies":[{"embeddable":true,"href":"https:\/\/sitz.ch\/fr\/wp-json\/wp\/v2\/comments?post=150388"}],"version-history":[{"count":1,"href":"https:\/\/sitz.ch\/fr\/wp-json\/wp\/v2\/product\/150388\/revisions"}],"predecessor-version":[{"id":155361,"href":"https:\/\/sitz.ch\/fr\/wp-json\/wp\/v2\/product\/150388\/revisions\/155361"}],"wp:featuredmedia":[{"embeddable":true,"href":"https:\/\/sitz.ch\/fr\/wp-json\/wp\/v2\/media\/142991"}],"wp:attachment":[{"href":"https:\/\/sitz.ch\/fr\/wp-json\/wp\/v2\/media?parent=150388"}],"wp:term":[{"taxonomy":"pwb-brand","embeddable":true,"href":"https:\/\/sitz.ch\/fr\/wp-json\/wp\/v2\/pwb-brand?post=150388"},{"taxonomy":"product_brand","embeddable":true,"href":"https:\/\/sitz.ch\/fr\/wp-json\/wp\/v2\/product_brand?post=150388"},{"taxonomy":"product_cat","embeddable":true,"href":"https:\/\/sitz.ch\/fr\/wp-json\/wp\/v2\/product_cat?post=150388"},{"taxonomy":"product_tag","embeddable":true,"href":"https:\/\/sitz.ch\/fr\/wp-json\/wp\/v2\/product_tag?post=150388"}],"curies":[{"name":"wp","href":"https:\/\/api.w.org\/{rel}","templated":true}]}}