{"id":150416,"date":"2021-01-03T13:03:21","date_gmt":"2021-01-03T12:03:21","guid":{"rendered":"https:\/\/sitz.ch\/produkt\/anatom-silya-standard\/"},"modified":"2021-01-03T13:03:21","modified_gmt":"2021-01-03T12:03:21","slug":"anatom-silya-standard","status":"publish","type":"product","link":"https:\/\/sitz.ch\/fr\/produit\/anatom-silya-standard\/","title":{"rendered":"Anatom Silya Standard"},"content":{"rendered":"<p>Chaise de travail Silya Standard, avec m\u00e9canisme \u00e0 trois leviers, r\u00e9glage en hauteur en continu, inclinaison du si\u00e8ge r\u00e9glable en continu et dossier ajustable tridimensionnellement. Base en aluminium noir, rev\u00eatement en tissu Cactus en quatre couleurs<\/p>\n<p>Silya \u2013 pour une assise active et relaxante. \u00c0 l&rsquo;aide de simples ajustements, vous pouvez modifier la hauteur et l&rsquo;angle du dossier, de l&rsquo;assise et des accoudoirs. Avec les effets positifs correspondants pour le cou, les \u00e9paules, le dos et les jambes.<\/p>\n<p>Plage de r\u00e9glage de 46 \u2013 62 cm<\/p>\n<p><strong><br \/>\nSILYA \u2013 un produit suisse<\/strong> Cette chaise incarne l\u2019exp\u00e9rience accumul\u00e9e pendant des ann\u00e9es par des sp\u00e9cialistes reconnus. C&rsquo;est une chaise universelle pour tout type de travail, aussi bien au bureau qu&rsquo;\u00e0 la maison, qui facilite l\u2019adaptation \u00e0 une meilleure posture. Elle est fabriqu\u00e9e en Suisse par Anatom GmbH.<\/p>\n<p><strong>Garantie du fabricant<br \/>\n<\/strong>5 ans<\/p>\n","protected":false},"excerpt":{"rendered":"<p>Chaise de travail Silya Standard, avec m\u00e9canisme \u00e0 trois leviers, r\u00e9glage en hauteur en continu, inclinaison du si\u00e8ge r\u00e9glable en continu et dossier ajustable tridimensionnellement. Base en aluminium noir, rev\u00eatement en tissu Cactus en quatre couleurs Silya \u2013 pour une assise active et relaxante. \u00c0 l&rsquo;aide de simples ajustements, vous pouvez modifier la hauteur et [&hellip;]<\/p>\n","protected":false},"featured_media":140897,"comment_status":"open","ping_status":"closed","template":"","meta":{"_acf_changed":false},"pwb-brand":[97],"product_brand":[],"product_cat":[193,190],"product_tag":[],"class_list":{"0":"post-150416","1":"product","2":"type-product","3":"status-publish","4":"has-post-thumbnail","6":"pwb-brand-anatom","7":"product_cat-chaise-de-bureau-classique","8":"product_cat-chaises-de-bureau","9":"product_shipping_class-livraison-gratuite","10":"tm-has-options","12":"first","13":"onbackorder","14":"featured","15":"taxable","16":"shipping-taxable","17":"purchasable","18":"product-type-variable","19":"has-default-attributes"},"acf":[],"brands":[{"id":97,"name":"Anatom","slug":"anatom"}],"_links":{"self":[{"href":"https:\/\/sitz.ch\/fr\/wp-json\/wp\/v2\/product\/150416","targetHints":{"allow":["GET"]}}],"collection":[{"href":"https:\/\/sitz.ch\/fr\/wp-json\/wp\/v2\/product"}],"about":[{"href":"https:\/\/sitz.ch\/fr\/wp-json\/wp\/v2\/types\/product"}],"replies":[{"embeddable":true,"href":"https:\/\/sitz.ch\/fr\/wp-json\/wp\/v2\/comments?post=150416"}],"version-history":[{"count":0,"href":"https:\/\/sitz.ch\/fr\/wp-json\/wp\/v2\/product\/150416\/revisions"}],"wp:featuredmedia":[{"embeddable":true,"href":"https:\/\/sitz.ch\/fr\/wp-json\/wp\/v2\/media\/140897"}],"wp:attachment":[{"href":"https:\/\/sitz.ch\/fr\/wp-json\/wp\/v2\/media?parent=150416"}],"wp:term":[{"taxonomy":"pwb-brand","embeddable":true,"href":"https:\/\/sitz.ch\/fr\/wp-json\/wp\/v2\/pwb-brand?post=150416"},{"taxonomy":"product_brand","embeddable":true,"href":"https:\/\/sitz.ch\/fr\/wp-json\/wp\/v2\/product_brand?post=150416"},{"taxonomy":"product_cat","embeddable":true,"href":"https:\/\/sitz.ch\/fr\/wp-json\/wp\/v2\/product_cat?post=150416"},{"taxonomy":"product_tag","embeddable":true,"href":"https:\/\/sitz.ch\/fr\/wp-json\/wp\/v2\/product_tag?post=150416"}],"curies":[{"name":"wp","href":"https:\/\/api.w.org\/{rel}","templated":true}]}}