{"id":150421,"date":"2021-01-03T12:55:31","date_gmt":"2021-01-03T11:55:31","guid":{"rendered":"https:\/\/sitz.ch\/produkt\/anatom-silya-synchron\/"},"modified":"2021-01-03T12:55:31","modified_gmt":"2021-01-03T11:55:31","slug":"anatom-silya-synchron","status":"publish","type":"product","link":"https:\/\/sitz.ch\/fr\/produit\/anatom-silya-synchron\/","title":{"rendered":"Anatom Silya Synchron"},"content":{"rendered":"<p>Chaise de travail Silya Synchron, avec m\u00e9canisme synchrone et r\u00e9glage s\u00e9par\u00e9 de l&rsquo;inclinaison du si\u00e8ge, avec r\u00e9glage de la profondeur d&rsquo;assise, r\u00e9glage continu de la hauteur et dossier r\u00e9glable en hauteur. Pi\u00e9tement en aluminium poli, rev\u00eatement en tissu Cactus disponible en quatre couleurs<\/p>\n<p>Silya \u2013 assise active, assise d\u00e9tendue. Avec quelques gestes simples, ajustez la hauteur et l&rsquo;inclinaison du dossier, de l&rsquo;assise et des accoudoirs. Avec des effets positifs sur le cou, les \u00e9paules, le dos et les jambes.<\/p>\n<p>Plage de r\u00e9glage de 46 \u2013 62 cm<\/p>\n<p>&nbsp;<\/p>\n<p><strong>SILYA \u2013 un produit suisse<\/strong> Ce fauteuil int\u00e8gre plusieurs ann\u00e9es d&rsquo;expertise de sp\u00e9cialistes reconnus. C&rsquo;est une chaise adapt\u00e9e \u00e0 tous les espaces de travail, aussi bien au bureau qu&rsquo;\u00e0 la maison, facilitant l&rsquo;adaptation \u00e0 une meilleure assise. Elle est fabriqu\u00e9e en Suisse par Anatom GmbH.<\/p>\n<p><strong>Garantie du fabricant<br \/> <br \/>\n<\/strong>5 ans<\/p>\n","protected":false},"excerpt":{"rendered":"<p>Chaise de travail Silya Synchron, avec m\u00e9canisme synchrone et r\u00e9glage s\u00e9par\u00e9 de l&rsquo;inclinaison du si\u00e8ge, avec r\u00e9glage de la profondeur d&rsquo;assise, r\u00e9glage continu de la hauteur et dossier r\u00e9glable en hauteur. Pi\u00e9tement en aluminium poli, rev\u00eatement en tissu Cactus disponible en quatre couleurs Silya \u2013 assise active, assise d\u00e9tendue. Avec quelques gestes simples, ajustez la [&hellip;]<\/p>\n","protected":false},"featured_media":140879,"comment_status":"open","ping_status":"closed","template":"","meta":{"_acf_changed":false},"pwb-brand":[97],"product_brand":[],"product_cat":[193,190],"product_tag":[],"class_list":{"0":"post-150421","1":"product","2":"type-product","3":"status-publish","4":"has-post-thumbnail","6":"pwb-brand-anatom","7":"product_cat-chaise-de-bureau-classique","8":"product_cat-chaises-de-bureau","9":"product_shipping_class-livraison-gratuite","10":"tm-has-options","12":"first","13":"onbackorder","14":"featured","15":"taxable","16":"shipping-taxable","17":"purchasable","18":"product-type-variable","19":"has-default-attributes"},"acf":[],"brands":[{"id":97,"name":"Anatom","slug":"anatom"}],"_links":{"self":[{"href":"https:\/\/sitz.ch\/fr\/wp-json\/wp\/v2\/product\/150421","targetHints":{"allow":["GET"]}}],"collection":[{"href":"https:\/\/sitz.ch\/fr\/wp-json\/wp\/v2\/product"}],"about":[{"href":"https:\/\/sitz.ch\/fr\/wp-json\/wp\/v2\/types\/product"}],"replies":[{"embeddable":true,"href":"https:\/\/sitz.ch\/fr\/wp-json\/wp\/v2\/comments?post=150421"}],"version-history":[{"count":0,"href":"https:\/\/sitz.ch\/fr\/wp-json\/wp\/v2\/product\/150421\/revisions"}],"wp:featuredmedia":[{"embeddable":true,"href":"https:\/\/sitz.ch\/fr\/wp-json\/wp\/v2\/media\/140879"}],"wp:attachment":[{"href":"https:\/\/sitz.ch\/fr\/wp-json\/wp\/v2\/media?parent=150421"}],"wp:term":[{"taxonomy":"pwb-brand","embeddable":true,"href":"https:\/\/sitz.ch\/fr\/wp-json\/wp\/v2\/pwb-brand?post=150421"},{"taxonomy":"product_brand","embeddable":true,"href":"https:\/\/sitz.ch\/fr\/wp-json\/wp\/v2\/product_brand?post=150421"},{"taxonomy":"product_cat","embeddable":true,"href":"https:\/\/sitz.ch\/fr\/wp-json\/wp\/v2\/product_cat?post=150421"},{"taxonomy":"product_tag","embeddable":true,"href":"https:\/\/sitz.ch\/fr\/wp-json\/wp\/v2\/product_tag?post=150421"}],"curies":[{"name":"wp","href":"https:\/\/api.w.org\/{rel}","templated":true}]}}