{"id":150426,"date":"2016-11-12T00:05:05","date_gmt":"2016-11-11T23:05:05","guid":{"rendered":"https:\/\/sitz.ch\/produkt\/anatom-coussin-incline-4cm-et-8cm\/"},"modified":"2016-11-12T00:05:05","modified_gmt":"2016-11-11T23:05:05","slug":"anatom-coussin-incline-4cm-et-8cm","status":"publish","type":"product","link":"https:\/\/sitz.ch\/fr\/produit\/anatom-coussin-incline-4cm-et-8cm\/","title":{"rendered":"Anatom Coussin inclin\u00e9 4cm et 8cm"},"content":{"rendered":"<p>Coussin d&rsquo;assise en forme de coin noir 4cm ou 8cm &#8211; id\u00e9al pour une utilisation en voiture.<\/p>\n<p>Soulage les douleurs dorsales et les tensions. Un soulagement pour la colonne vert\u00e9brale et les disques intervert\u00e9braux. Le coussin d&rsquo;assise est \u00e9quip\u00e9 d&rsquo;un \u00e9lastique de fixation.<br \/>\nDimensions : L : 37 x P : 38 cm<br \/>\nHauteur : 1-4 cm ou 1-8 cm<br \/>\nCouleur : noir<\/p>\n","protected":false},"excerpt":{"rendered":"<p>Coussin d&rsquo;assise en forme de coin noir 4cm ou 8cm &#8211; id\u00e9al pour une utilisation en voiture. Soulage les douleurs dorsales et les tensions. Un soulagement pour la colonne vert\u00e9brale et les disques intervert\u00e9braux. Le coussin d&rsquo;assise est \u00e9quip\u00e9 d&rsquo;un \u00e9lastique de fixation. Dimensions : L : 37 x P : 38 cm Hauteur : [&hellip;]<\/p>\n","protected":false},"featured_media":138005,"comment_status":"open","ping_status":"closed","template":"","meta":{"_acf_changed":false},"pwb-brand":[97],"product_brand":[],"product_cat":[268,273],"product_tag":[],"class_list":{"0":"post-150426","1":"product","2":"type-product","3":"status-publish","4":"has-post-thumbnail","6":"pwb-brand-anatom","7":"product_cat-accessoires-ergonomiques","8":"product_cat-soutiens-lombaires-coussins-dassise","9":"tm-has-options","11":"first","12":"instock","13":"featured","14":"taxable","15":"shipping-taxable","16":"purchasable","17":"product-type-variable","18":"has-default-attributes"},"acf":[],"brands":[{"id":97,"name":"Anatom","slug":"anatom"}],"_links":{"self":[{"href":"https:\/\/sitz.ch\/fr\/wp-json\/wp\/v2\/product\/150426","targetHints":{"allow":["GET"]}}],"collection":[{"href":"https:\/\/sitz.ch\/fr\/wp-json\/wp\/v2\/product"}],"about":[{"href":"https:\/\/sitz.ch\/fr\/wp-json\/wp\/v2\/types\/product"}],"replies":[{"embeddable":true,"href":"https:\/\/sitz.ch\/fr\/wp-json\/wp\/v2\/comments?post=150426"}],"version-history":[{"count":0,"href":"https:\/\/sitz.ch\/fr\/wp-json\/wp\/v2\/product\/150426\/revisions"}],"wp:featuredmedia":[{"embeddable":true,"href":"https:\/\/sitz.ch\/fr\/wp-json\/wp\/v2\/media\/138005"}],"wp:attachment":[{"href":"https:\/\/sitz.ch\/fr\/wp-json\/wp\/v2\/media?parent=150426"}],"wp:term":[{"taxonomy":"pwb-brand","embeddable":true,"href":"https:\/\/sitz.ch\/fr\/wp-json\/wp\/v2\/pwb-brand?post=150426"},{"taxonomy":"product_brand","embeddable":true,"href":"https:\/\/sitz.ch\/fr\/wp-json\/wp\/v2\/product_brand?post=150426"},{"taxonomy":"product_cat","embeddable":true,"href":"https:\/\/sitz.ch\/fr\/wp-json\/wp\/v2\/product_cat?post=150426"},{"taxonomy":"product_tag","embeddable":true,"href":"https:\/\/sitz.ch\/fr\/wp-json\/wp\/v2\/product_tag?post=150426"}],"curies":[{"name":"wp","href":"https:\/\/api.w.org\/{rel}","templated":true}]}}