{"id":150429,"date":"2016-11-12T00:18:31","date_gmt":"2016-11-11T23:18:31","guid":{"rendered":"https:\/\/sitz.ch\/produkt\/backapp-smart-roulettes\/"},"modified":"2016-11-12T00:18:31","modified_gmt":"2016-11-11T23:18:31","slug":"backapp-smart-roulettes","status":"publish","type":"product","link":"https:\/\/sitz.ch\/fr\/produit\/backapp-smart-roulettes\/","title":{"rendered":"Backapp (Smart, Roulettes)"},"content":{"rendered":"<p>Sur le si\u00e8ge back app, on s\u2019assoit confortablement sur une selle ergonomique, avec un mouvement actif et dynamique. En s\u2019\u00e9quilibrant, les muscles du dos travaillent, surtout dans la r\u00e9gion lombaire, et sont ainsi entra\u00een\u00e9s et renforc\u00e9s en douceur.<\/p>\n<p>Rev\u00eatement en microfibre<\/p>\n<p>r\u00e9glable en hauteur, optimal pour une utilisation avec un pupitre<\/p>\n<p>Anneau de base de 60 cm<\/p>\n","protected":false},"excerpt":{"rendered":"<p>Sur le si\u00e8ge back app, on s\u2019assoit confortablement sur une selle ergonomique, avec un mouvement actif et dynamique. En s\u2019\u00e9quilibrant, les muscles du dos travaillent, surtout dans la r\u00e9gion lombaire, et sont ainsi entra\u00een\u00e9s et renforc\u00e9s en douceur. Rev\u00eatement en microfibre r\u00e9glable en hauteur, optimal pour une utilisation avec un pupitre Anneau de base de [&hellip;]<\/p>\n","protected":false},"featured_media":138434,"comment_status":"open","ping_status":"closed","template":"","meta":{"_acf_changed":false},"pwb-brand":[101],"product_brand":[],"product_cat":[190,198],"product_tag":[],"class_list":{"0":"post-150429","1":"product","2":"type-product","3":"status-publish","4":"has-post-thumbnail","6":"pwb-brand-backapp","7":"product_cat-chaises-de-bureau","8":"product_cat-tabourets","9":"tm-has-options","11":"first","12":"onbackorder","13":"featured","14":"taxable","15":"shipping-taxable","16":"purchasable","17":"product-type-variable","18":"has-default-attributes"},"acf":[],"brands":[{"id":101,"name":"Backapp","slug":"backapp"}],"_links":{"self":[{"href":"https:\/\/sitz.ch\/fr\/wp-json\/wp\/v2\/product\/150429","targetHints":{"allow":["GET"]}}],"collection":[{"href":"https:\/\/sitz.ch\/fr\/wp-json\/wp\/v2\/product"}],"about":[{"href":"https:\/\/sitz.ch\/fr\/wp-json\/wp\/v2\/types\/product"}],"replies":[{"embeddable":true,"href":"https:\/\/sitz.ch\/fr\/wp-json\/wp\/v2\/comments?post=150429"}],"version-history":[{"count":0,"href":"https:\/\/sitz.ch\/fr\/wp-json\/wp\/v2\/product\/150429\/revisions"}],"wp:featuredmedia":[{"embeddable":true,"href":"https:\/\/sitz.ch\/fr\/wp-json\/wp\/v2\/media\/138434"}],"wp:attachment":[{"href":"https:\/\/sitz.ch\/fr\/wp-json\/wp\/v2\/media?parent=150429"}],"wp:term":[{"taxonomy":"pwb-brand","embeddable":true,"href":"https:\/\/sitz.ch\/fr\/wp-json\/wp\/v2\/pwb-brand?post=150429"},{"taxonomy":"product_brand","embeddable":true,"href":"https:\/\/sitz.ch\/fr\/wp-json\/wp\/v2\/product_brand?post=150429"},{"taxonomy":"product_cat","embeddable":true,"href":"https:\/\/sitz.ch\/fr\/wp-json\/wp\/v2\/product_cat?post=150429"},{"taxonomy":"product_tag","embeddable":true,"href":"https:\/\/sitz.ch\/fr\/wp-json\/wp\/v2\/product_tag?post=150429"}],"curies":[{"name":"wp","href":"https:\/\/api.w.org\/{rel}","templated":true}]}}