{"id":150448,"date":"2016-11-12T00:23:05","date_gmt":"2016-11-11T23:23:05","guid":{"rendered":"https:\/\/sitz.ch\/produkt\/bakkerelkhuizen-ergo-q-330-support-pour-ordinateur-portable\/"},"modified":"2016-11-12T00:23:05","modified_gmt":"2016-11-11T23:23:05","slug":"bakkerelkhuizen-ergo-q-330-support-pour-ordinateur-portable","status":"publish","type":"product","link":"https:\/\/sitz.ch\/fr\/produit\/bakkerelkhuizen-ergo-q-330-support-pour-ordinateur-portable\/","title":{"rendered":"BakkerElkhuizen Ergo-Q 330 Support pour ordinateur portable"},"content":{"rendered":"<p>Le support pour ordinateur portable <strong>Ergo-Q 330<\/strong> am\u00e9liore le confort lors du travail sur un ordinateur portable. Gr\u00e2ce \u00e0 ce support, l&rsquo;appareil peut \u00eatre positionn\u00e9 \u00e0 hauteur des yeux. Le <strong>porte-documents int\u00e9gr\u00e9<\/strong> facilite \u00e9galement le travail. Un support pour ordinateur portable contribue de mani\u00e8re significative \u00e0 l&rsquo;am\u00e9lioration de la posture corporelle, r\u00e9duisant ainsi les tensions dans la r\u00e9gion du cou et des \u00e9paules.<\/p>\n<p>Donn\u00e9es :<\/p>\n<p>Hauteur r\u00e9glable : 11-19cm<\/p>\n<p>Poids : 485g<\/p>\n<p>Taille : Id\u00e9al pour 13-16 pouces (repli\u00e9 1.3cm d&rsquo;\u00e9paisseur)<\/p>\n<p>Utilisation : T\u00e9l\u00e9travail, d\u00e9placements, bureau<\/p>\n","protected":false},"excerpt":{"rendered":"<p>Le support pour ordinateur portable Ergo-Q 330 am\u00e9liore le confort lors du travail sur un ordinateur portable. Gr\u00e2ce \u00e0 ce support, l&rsquo;appareil peut \u00eatre positionn\u00e9 \u00e0 hauteur des yeux. Le porte-documents int\u00e9gr\u00e9 facilite \u00e9galement le travail. Un support pour ordinateur portable contribue de mani\u00e8re significative \u00e0 l&rsquo;am\u00e9lioration de la posture corporelle, r\u00e9duisant ainsi les tensions [&hellip;]<\/p>\n","protected":false},"featured_media":138560,"comment_status":"open","ping_status":"closed","template":"","meta":{"_acf_changed":false},"pwb-brand":[98],"product_brand":[],"product_cat":[268,274],"product_tag":[],"class_list":{"0":"post-150448","1":"product","2":"type-product","3":"status-publish","4":"has-post-thumbnail","6":"pwb-brand-bakkerelkhuizen","7":"product_cat-accessoires-ergonomiques","8":"product_cat-supports-de-documents-supports-pour-ordinateurs-portables","9":"tm-has-options","11":"first","12":"instock","13":"featured","14":"taxable","15":"shipping-taxable","16":"purchasable","17":"product-type-variable","18":"has-default-attributes"},"acf":[],"brands":[{"id":98,"name":"BakkerElkhuizen","slug":"bakkerelkhuizen"}],"_links":{"self":[{"href":"https:\/\/sitz.ch\/fr\/wp-json\/wp\/v2\/product\/150448","targetHints":{"allow":["GET"]}}],"collection":[{"href":"https:\/\/sitz.ch\/fr\/wp-json\/wp\/v2\/product"}],"about":[{"href":"https:\/\/sitz.ch\/fr\/wp-json\/wp\/v2\/types\/product"}],"replies":[{"embeddable":true,"href":"https:\/\/sitz.ch\/fr\/wp-json\/wp\/v2\/comments?post=150448"}],"version-history":[{"count":0,"href":"https:\/\/sitz.ch\/fr\/wp-json\/wp\/v2\/product\/150448\/revisions"}],"wp:featuredmedia":[{"embeddable":true,"href":"https:\/\/sitz.ch\/fr\/wp-json\/wp\/v2\/media\/138560"}],"wp:attachment":[{"href":"https:\/\/sitz.ch\/fr\/wp-json\/wp\/v2\/media?parent=150448"}],"wp:term":[{"taxonomy":"pwb-brand","embeddable":true,"href":"https:\/\/sitz.ch\/fr\/wp-json\/wp\/v2\/pwb-brand?post=150448"},{"taxonomy":"product_brand","embeddable":true,"href":"https:\/\/sitz.ch\/fr\/wp-json\/wp\/v2\/product_brand?post=150448"},{"taxonomy":"product_cat","embeddable":true,"href":"https:\/\/sitz.ch\/fr\/wp-json\/wp\/v2\/product_cat?post=150448"},{"taxonomy":"product_tag","embeddable":true,"href":"https:\/\/sitz.ch\/fr\/wp-json\/wp\/v2\/product_tag?post=150448"}],"curies":[{"name":"wp","href":"https:\/\/api.w.org\/{rel}","templated":true}]}}