{"id":150450,"date":"2016-11-12T00:06:09","date_gmt":"2016-11-11T23:06:09","guid":{"rendered":"https:\/\/sitz.ch\/produkt\/bakkerelkhuizen-flexdesk-640-supports-de-documents\/"},"modified":"2016-11-12T00:06:09","modified_gmt":"2016-11-11T23:06:09","slug":"bakkerelkhuizen-flexdesk-640-supports-de-documents","status":"publish","type":"product","link":"https:\/\/sitz.ch\/fr\/produit\/bakkerelkhuizen-flexdesk-640-supports-de-documents\/","title":{"rendered":"BakkerElkhuizen FlexDesk 640 Supports de documents"},"content":{"rendered":"<p>&nbsp;<\/p>\n<p>Le support de documents Bakker Elkhuizen FlexDesk 640 permet un travail \u00e0 l&rsquo;\u00e9cran efficace et optimis\u00e9. Fabriqu\u00e9 en acrylique transparent. Couleur de la surface de d\u00e9p\u00f4t : gris.<\/p>\n<p>AVANTAGES :<\/p>\n<ul>\n<li>Multifonctionnel et peu encombrant : Peut \u00eatre utilis\u00e9 comme support de documents et surface d&rsquo;\u00e9criture.<\/li>\n<li>Extensible et r\u00e9glable en hauteur, peut \u00eatre ajust\u00e9 de mani\u00e8re optimale \u00e0 l&rsquo;\u00e9cran.<\/li>\n<li>R\u00e9duit la fatigue du cou et des yeux, pr\u00e9vient les douleurs cervicales et les maux de t\u00eate.<\/li>\n<li>Permet un travail efficace et pr\u00e9cis.<\/li>\n<li>Compartiment pratique pour les fournitures d&rsquo;\u00e9criture.<\/li>\n<li>Tr\u00e8s stable, mat\u00e9riau : acrylique<\/li>\n<li>Largeur int\u00e9rieure 48 cm<\/li>\n<\/ul>\n<p>Dimensions :<\/p>\n<p>Largeur : 52,0 cm, Profondeur : 39,0 cm, Hauteur : 11-17 cm<\/p>\n<p>Distance sous le devant : 5,5 cm<\/p>\n<p>&nbsp;<\/p>\n","protected":false},"excerpt":{"rendered":"<p>&nbsp; Le support de documents Bakker Elkhuizen FlexDesk 640 permet un travail \u00e0 l&rsquo;\u00e9cran efficace et optimis\u00e9. Fabriqu\u00e9 en acrylique transparent. Couleur de la surface de d\u00e9p\u00f4t : gris. AVANTAGES : Multifonctionnel et peu encombrant : Peut \u00eatre utilis\u00e9 comme support de documents et surface d&rsquo;\u00e9criture. Extensible et r\u00e9glable en hauteur, peut \u00eatre ajust\u00e9 de [&hellip;]<\/p>\n","protected":false},"featured_media":138047,"comment_status":"open","ping_status":"closed","template":"","meta":{"_acf_changed":false},"pwb-brand":[98],"product_brand":[],"product_cat":[268,274],"product_tag":[],"class_list":{"0":"post-150450","1":"product","2":"type-product","3":"status-publish","4":"has-post-thumbnail","6":"pwb-brand-bakkerelkhuizen","7":"product_cat-accessoires-ergonomiques","8":"product_cat-supports-de-documents-supports-pour-ordinateurs-portables","9":"tm-has-options","11":"first","12":"instock","13":"featured","14":"taxable","15":"shipping-taxable","16":"purchasable","17":"product-type-variable","18":"has-default-attributes"},"acf":[],"brands":[{"id":98,"name":"BakkerElkhuizen","slug":"bakkerelkhuizen"}],"_links":{"self":[{"href":"https:\/\/sitz.ch\/fr\/wp-json\/wp\/v2\/product\/150450","targetHints":{"allow":["GET"]}}],"collection":[{"href":"https:\/\/sitz.ch\/fr\/wp-json\/wp\/v2\/product"}],"about":[{"href":"https:\/\/sitz.ch\/fr\/wp-json\/wp\/v2\/types\/product"}],"replies":[{"embeddable":true,"href":"https:\/\/sitz.ch\/fr\/wp-json\/wp\/v2\/comments?post=150450"}],"version-history":[{"count":0,"href":"https:\/\/sitz.ch\/fr\/wp-json\/wp\/v2\/product\/150450\/revisions"}],"wp:featuredmedia":[{"embeddable":true,"href":"https:\/\/sitz.ch\/fr\/wp-json\/wp\/v2\/media\/138047"}],"wp:attachment":[{"href":"https:\/\/sitz.ch\/fr\/wp-json\/wp\/v2\/media?parent=150450"}],"wp:term":[{"taxonomy":"pwb-brand","embeddable":true,"href":"https:\/\/sitz.ch\/fr\/wp-json\/wp\/v2\/pwb-brand?post=150450"},{"taxonomy":"product_brand","embeddable":true,"href":"https:\/\/sitz.ch\/fr\/wp-json\/wp\/v2\/product_brand?post=150450"},{"taxonomy":"product_cat","embeddable":true,"href":"https:\/\/sitz.ch\/fr\/wp-json\/wp\/v2\/product_cat?post=150450"},{"taxonomy":"product_tag","embeddable":true,"href":"https:\/\/sitz.ch\/fr\/wp-json\/wp\/v2\/product_tag?post=150450"}],"curies":[{"name":"wp","href":"https:\/\/api.w.org\/{rel}","templated":true}]}}