{"id":150452,"date":"2016-11-12T00:06:11","date_gmt":"2016-11-11T23:06:11","guid":{"rendered":"https:\/\/sitz.ch\/produkt\/bakkerelkhuizen-q-doc-415-supports-de-documents\/"},"modified":"2016-11-12T00:06:11","modified_gmt":"2016-11-11T23:06:11","slug":"bakkerelkhuizen-q-doc-415-supports-de-documents","status":"publish","type":"product","link":"https:\/\/sitz.ch\/fr\/produit\/bakkerelkhuizen-q-doc-415-supports-de-documents\/","title":{"rendered":"BakkerElkhuizen Q-doc 415 Supports de documents"},"content":{"rendered":"<p>Le support de documents Q-doc 415 de Bakker Elkhuizen est tr\u00e8s stable et peut contenir des documents jusqu&rsquo;au format A3. Il am\u00e9liore la posture de travail et permet un travail concentr\u00e9 et pr\u00e9cis.<\/p>\n<p>Avantages :<\/p>\n<ul>\n<li>7 niveaux de r\u00e9glage en hauteur pour un angle de vue optimal et une transition fluide vers l&rsquo;\u00e9cran.<\/li>\n<li>Permet un travail confortable et efficace : chemins visuels courts entre le document, l&rsquo;\u00e9cran et le clavier.<\/li>\n<li>Un clavier compact peut \u00eatre plac\u00e9 en dessous.<\/li>\n<li>R\u00e9duit la tension sur le cou et les yeux, pr\u00e9vient les douleurs cervicales et les maux de t\u00eate.<\/li>\n<li>R\u00e9pond aux exigences des directives europ\u00e9ennes pour le travail sain sur \u00e9cran.<\/li>\n<li>Design clair et attrayant.<\/li>\n<li>Mat\u00e9riau : acrylique poli<\/li>\n<li>Largeur int\u00e9rieure 36 cm (le clavier ne rentre pas sous le support de documents)<\/li>\n<\/ul>\n<p>Dimensions :<\/p>\n<p>Largeur : 39.0 cm, Profondeur : 27.5 cm, Hauteur du bord sup\u00e9rieur : 12.0-24.0 cm<\/p>\n<p>Distance sous le bord avant : 4.3 cm, Angle d&rsquo;inclinaison : 12\u00b0-46\u00b0 (7 niveaux)<\/p>\n<p>Poids : 1350 G<\/p>\n","protected":false},"excerpt":{"rendered":"<p>Le support de documents Q-doc 415 de Bakker Elkhuizen est tr\u00e8s stable et peut contenir des documents jusqu&rsquo;au format A3. Il am\u00e9liore la posture de travail et permet un travail concentr\u00e9 et pr\u00e9cis. Avantages : 7 niveaux de r\u00e9glage en hauteur pour un angle de vue optimal et une transition fluide vers l&rsquo;\u00e9cran. Permet un [&hellip;]<\/p>\n","protected":false},"featured_media":138059,"comment_status":"open","ping_status":"closed","template":"","meta":{"_acf_changed":false},"pwb-brand":[98],"product_brand":[],"product_cat":[268,274],"product_tag":[],"class_list":{"0":"post-150452","1":"product","2":"type-product","3":"status-publish","4":"has-post-thumbnail","6":"pwb-brand-bakkerelkhuizen","7":"product_cat-accessoires-ergonomiques","8":"product_cat-supports-de-documents-supports-pour-ordinateurs-portables","9":"tm-has-options","11":"first","12":"instock","13":"sale","14":"featured","15":"taxable","16":"shipping-taxable","17":"purchasable","18":"product-type-variable","19":"has-default-attributes"},"acf":[],"brands":[{"id":98,"name":"BakkerElkhuizen","slug":"bakkerelkhuizen"}],"_links":{"self":[{"href":"https:\/\/sitz.ch\/fr\/wp-json\/wp\/v2\/product\/150452","targetHints":{"allow":["GET"]}}],"collection":[{"href":"https:\/\/sitz.ch\/fr\/wp-json\/wp\/v2\/product"}],"about":[{"href":"https:\/\/sitz.ch\/fr\/wp-json\/wp\/v2\/types\/product"}],"replies":[{"embeddable":true,"href":"https:\/\/sitz.ch\/fr\/wp-json\/wp\/v2\/comments?post=150452"}],"version-history":[{"count":0,"href":"https:\/\/sitz.ch\/fr\/wp-json\/wp\/v2\/product\/150452\/revisions"}],"wp:featuredmedia":[{"embeddable":true,"href":"https:\/\/sitz.ch\/fr\/wp-json\/wp\/v2\/media\/138059"}],"wp:attachment":[{"href":"https:\/\/sitz.ch\/fr\/wp-json\/wp\/v2\/media?parent=150452"}],"wp:term":[{"taxonomy":"pwb-brand","embeddable":true,"href":"https:\/\/sitz.ch\/fr\/wp-json\/wp\/v2\/pwb-brand?post=150452"},{"taxonomy":"product_brand","embeddable":true,"href":"https:\/\/sitz.ch\/fr\/wp-json\/wp\/v2\/product_brand?post=150452"},{"taxonomy":"product_cat","embeddable":true,"href":"https:\/\/sitz.ch\/fr\/wp-json\/wp\/v2\/product_cat?post=150452"},{"taxonomy":"product_tag","embeddable":true,"href":"https:\/\/sitz.ch\/fr\/wp-json\/wp\/v2\/product_tag?post=150452"}],"curies":[{"name":"wp","href":"https:\/\/api.w.org\/{rel}","templated":true}]}}