{"id":150454,"date":"2016-11-12T00:06:13","date_gmt":"2016-11-11T23:06:13","guid":{"rendered":"https:\/\/sitz.ch\/produkt\/bakkerelkhuizen-q-doc-515-support-de-documents\/"},"modified":"2016-11-12T00:06:13","modified_gmt":"2016-11-11T23:06:13","slug":"bakkerelkhuizen-q-doc-515-support-de-documents","status":"publish","type":"product","link":"https:\/\/sitz.ch\/fr\/produit\/bakkerelkhuizen-q-doc-515-support-de-documents\/","title":{"rendered":"BakkerElkhuizen Q-doc 515 Support de documents"},"content":{"rendered":"<p>Nous ne r\u00e9alisons souvent pas que nous bougeons notre cou et notre t\u00eate de mani\u00e8re non naturelle. Si vous travaillez en ligne, placez vos documents entre l&rsquo;\u00e9cran et le clavier.<\/p>\n<p>Cela \u00e9vite des mouvements inhabituels de la t\u00eate et du cou.<\/p>\n<p>De plus, vous travaillez ainsi de mani\u00e8re plus efficace et confortable, ce qui augmente votre productivit\u00e9 lors de la saisie de donn\u00e9es. Le Q-Doc 515 ne convient pas seulement pour des feuilles individuelles au format A4, mais aussi pour des classeurs lourds ou des livres \u00e9pais.<\/p>\n<p>Vous pouvez ajuster l&rsquo;angle de vue id\u00e9al vous-m\u00eame. Ce support dispose de sept niveaux. Le Q-Doc 515 Satin est en acrylique mat (satin\u00e9).<\/p>\n<p>Il favorise une meilleure posture de travail et un travail concentr\u00e9 et pr\u00e9cis.<\/p>\n<p>Avantages :<\/p>\n<ul>\n<li>7 niveaux de r\u00e9glage en hauteur pour un angle de vue optimal et une transition sans faille vers l&rsquo;\u00e9cran.<\/li>\n<li>Tr\u00e8s stable, convient \u00e9galement pour des documents lourds comme les classeurs.<\/li>\n<li>R\u00e9duit la tension dans le cou et les yeux, pr\u00e9vient les douleurs cervicales et les maux de t\u00eate.<\/li>\n<li>Permet un travail confortable et efficace gr\u00e2ce aux courts trajets pour les yeux entre le document, l&rsquo;\u00e9cran et le clavier.<\/li>\n<li>Emplacement pour un clavier standard sous le porte-documents.<\/li>\n<li>R\u00e9pond aux exigences des directives europ\u00e9ennes pour un travail sain \u00e0 l&rsquo;\u00e9cran.<\/li>\n<li>Design attrayant.<\/li>\n<li>Mat\u00e9riau : acrylique poli.<\/li>\n<li>Largeur int\u00e9rieure\u00a0 48cm<\/li>\n<\/ul>\n<p>Dimensions :<\/p>\n<p>Largeur : 51.5 cm, Profondeur : 29.0 cm, Hauteur bord sup\u00e9rieur : 12.0-24.0 cm<\/p>\n<p>Distance sous le bord avant : 4.5 cm, Angle r\u00e9glable : 12\u00b0-46\u00b0 (7 niveaux)<\/p>\n<p>Poids : 1500 g<\/p>\n","protected":false},"excerpt":{"rendered":"<p>Nous ne r\u00e9alisons souvent pas que nous bougeons notre cou et notre t\u00eate de mani\u00e8re non naturelle. Si vous travaillez en ligne, placez vos documents entre l&rsquo;\u00e9cran et le clavier. Cela \u00e9vite des mouvements inhabituels de la t\u00eate et du cou. De plus, vous travaillez ainsi de mani\u00e8re plus efficace et confortable, ce qui augmente [&hellip;]<\/p>\n","protected":false},"featured_media":138068,"comment_status":"open","ping_status":"closed","template":"","meta":{"_acf_changed":false},"pwb-brand":[98],"product_brand":[],"product_cat":[268,274],"product_tag":[],"class_list":{"0":"post-150454","1":"product","2":"type-product","3":"status-publish","4":"has-post-thumbnail","6":"pwb-brand-bakkerelkhuizen","7":"product_cat-accessoires-ergonomiques","8":"product_cat-supports-de-documents-supports-pour-ordinateurs-portables","9":"tm-has-options","11":"first","12":"instock","13":"sale","14":"featured","15":"taxable","16":"shipping-taxable","17":"purchasable","18":"product-type-variable","19":"has-default-attributes"},"acf":[],"brands":[{"id":98,"name":"BakkerElkhuizen","slug":"bakkerelkhuizen"}],"_links":{"self":[{"href":"https:\/\/sitz.ch\/fr\/wp-json\/wp\/v2\/product\/150454","targetHints":{"allow":["GET"]}}],"collection":[{"href":"https:\/\/sitz.ch\/fr\/wp-json\/wp\/v2\/product"}],"about":[{"href":"https:\/\/sitz.ch\/fr\/wp-json\/wp\/v2\/types\/product"}],"replies":[{"embeddable":true,"href":"https:\/\/sitz.ch\/fr\/wp-json\/wp\/v2\/comments?post=150454"}],"version-history":[{"count":0,"href":"https:\/\/sitz.ch\/fr\/wp-json\/wp\/v2\/product\/150454\/revisions"}],"wp:featuredmedia":[{"embeddable":true,"href":"https:\/\/sitz.ch\/fr\/wp-json\/wp\/v2\/media\/138068"}],"wp:attachment":[{"href":"https:\/\/sitz.ch\/fr\/wp-json\/wp\/v2\/media?parent=150454"}],"wp:term":[{"taxonomy":"pwb-brand","embeddable":true,"href":"https:\/\/sitz.ch\/fr\/wp-json\/wp\/v2\/pwb-brand?post=150454"},{"taxonomy":"product_brand","embeddable":true,"href":"https:\/\/sitz.ch\/fr\/wp-json\/wp\/v2\/product_brand?post=150454"},{"taxonomy":"product_cat","embeddable":true,"href":"https:\/\/sitz.ch\/fr\/wp-json\/wp\/v2\/product_cat?post=150454"},{"taxonomy":"product_tag","embeddable":true,"href":"https:\/\/sitz.ch\/fr\/wp-json\/wp\/v2\/product_tag?post=150454"}],"curies":[{"name":"wp","href":"https:\/\/api.w.org\/{rel}","templated":true}]}}