{"id":150456,"date":"2024-09-01T11:14:59","date_gmt":"2024-09-01T09:14:59","guid":{"rendered":"https:\/\/sitz.ch\/produkt\/bergardi-aurelia-medical-dentaire\/"},"modified":"2024-09-01T11:14:59","modified_gmt":"2024-09-01T09:14:59","slug":"bergardi-aurelia-medical-dentaire","status":"publish","type":"product","link":"https:\/\/sitz.ch\/fr\/produit\/bergardi-aurelia-medical-dentaire\/","title":{"rendered":"Bergardi Aurelia M\u00e9dical Dentaire"},"content":{"rendered":"<p>Saddle Medical-Dental de Bergardi<br \/>\nCette r\u00e9volution assise innovante entra\u00eene ton dos en effectuant des mouvements actifs du bassin.<br \/>\nLa m\u00e9canique de mouvement nouvellement d\u00e9velopp\u00e9e assure cette sensation d&rsquo;assise unique et d\u00e9tendue.<br \/>\nLes mouvements actifs favorisent ta circulation sanguine ainsi que l&rsquo;apport en nutriments et en oxyg\u00e8ne au cerveau et aux disques intervert\u00e9braux. Apporte sant\u00e9 et bien-\u00eatre \u00e9galement \u00e0 ton lieu de travail.<\/p>\n<p>\u00c9quipement de s\u00e9rie Medical-Dental :<\/p>\n<ul>\n<li>Fabriqu\u00e9 et d\u00e9velopp\u00e9 avec du cuir m\u00e9dical pour un nettoyage et une d\u00e9sinfection optimaux avec des rev\u00eatements sans couture<\/li>\n<li>R\u00e9glage en continu de la hauteur d&rsquo;assise de 49 cm \u00e0 65 cm<\/li>\n<li>Base de pieds en aluminium poli de 53 cm<\/li>\n<li>Roulettes universelles noires, douces, adapt\u00e9es \u00e0 tous les sols<\/li>\n<\/ul>\n<p>&nbsp;<\/p>\n","protected":false},"excerpt":{"rendered":"<p>Saddle Medical-Dental de Bergardi Cette r\u00e9volution assise innovante entra\u00eene ton dos en effectuant des mouvements actifs du bassin. La m\u00e9canique de mouvement nouvellement d\u00e9velopp\u00e9e assure cette sensation d&rsquo;assise unique et d\u00e9tendue. Les mouvements actifs favorisent ta circulation sanguine ainsi que l&rsquo;apport en nutriments et en oxyg\u00e8ne au cerveau et aux disques intervert\u00e9braux. Apporte sant\u00e9 et [&hellip;]<\/p>\n","protected":false},"featured_media":143459,"comment_status":"open","ping_status":"closed","template":"","meta":{"_acf_changed":false},"pwb-brand":[153],"product_brand":[],"product_cat":[190,265,207,198,204],"product_tag":[],"class_list":{"0":"post-150456","1":"product","2":"type-product","3":"status-publish","4":"has-post-thumbnail","6":"pwb-brand-bergardi","7":"product_cat-chaises-de-bureau","8":"product_cat-chaises-pour-salles-blanches-medicales","9":"product_cat-sieges-ergonomiques-specifiques","10":"product_cat-tabourets","11":"product_cat-tabourets-de-selle","12":"product_shipping_class-livraison-gratuite","13":"tm-has-options","15":"first","16":"instock","17":"featured","18":"taxable","19":"shipping-taxable","20":"purchasable","21":"product-type-variable","22":"has-default-attributes"},"acf":[],"brands":[{"id":153,"name":"Bergardi","slug":"bergardi"}],"_links":{"self":[{"href":"https:\/\/sitz.ch\/fr\/wp-json\/wp\/v2\/product\/150456","targetHints":{"allow":["GET"]}}],"collection":[{"href":"https:\/\/sitz.ch\/fr\/wp-json\/wp\/v2\/product"}],"about":[{"href":"https:\/\/sitz.ch\/fr\/wp-json\/wp\/v2\/types\/product"}],"replies":[{"embeddable":true,"href":"https:\/\/sitz.ch\/fr\/wp-json\/wp\/v2\/comments?post=150456"}],"version-history":[{"count":0,"href":"https:\/\/sitz.ch\/fr\/wp-json\/wp\/v2\/product\/150456\/revisions"}],"wp:featuredmedia":[{"embeddable":true,"href":"https:\/\/sitz.ch\/fr\/wp-json\/wp\/v2\/media\/143459"}],"wp:attachment":[{"href":"https:\/\/sitz.ch\/fr\/wp-json\/wp\/v2\/media?parent=150456"}],"wp:term":[{"taxonomy":"pwb-brand","embeddable":true,"href":"https:\/\/sitz.ch\/fr\/wp-json\/wp\/v2\/pwb-brand?post=150456"},{"taxonomy":"product_brand","embeddable":true,"href":"https:\/\/sitz.ch\/fr\/wp-json\/wp\/v2\/product_brand?post=150456"},{"taxonomy":"product_cat","embeddable":true,"href":"https:\/\/sitz.ch\/fr\/wp-json\/wp\/v2\/product_cat?post=150456"},{"taxonomy":"product_tag","embeddable":true,"href":"https:\/\/sitz.ch\/fr\/wp-json\/wp\/v2\/product_tag?post=150456"}],"curies":[{"name":"wp","href":"https:\/\/api.w.org\/{rel}","templated":true}]}}