{"id":150534,"date":"2016-11-12T00:06:45","date_gmt":"2016-11-11T23:06:45","guid":{"rendered":"https:\/\/sitz.ch\/produkt\/dataflex-ergo-fold-ii-hylite-51-388\/"},"modified":"2016-11-12T00:06:45","modified_gmt":"2016-11-11T23:06:45","slug":"dataflex-ergo-fold-ii-hylite-51-388","status":"publish","type":"product","link":"https:\/\/sitz.ch\/fr\/produit\/dataflex-ergo-fold-ii-hylite-51-388\/","title":{"rendered":"Dataflex Ergo Fold II Hylite 51.388"},"content":{"rendered":"<p><span style=\"line-height: 115%;\">Le support de portable ErgoFold est un support ajustable en hauteur, fabriqu\u00e9 en Hylite. Le Hylite est un mat\u00e9riau ultra-l\u00e9ger, compos\u00e9 de 2 fines couches d&rsquo;aluminium avec une couche interm\u00e9diaire en plastique thermoplastique PP. Le support dispose d&rsquo;un m\u00e9canisme de pliage ing\u00e9nieux, permettant \u00e0 l&rsquo;ErgoFold de se replier en un paquet de seulement 6 mm d&rsquo;\u00e9paisseur. Il est livr\u00e9 avec une housse.<\/span><\/p>\n<p>Quels sont les avantages des accessoires appropri\u00e9s pour portable\u202f?<\/p>\n<p>&#8211; Un support pour portable \u00e9l\u00e8ve l&rsquo;\u00e9cran \u00e0 la hauteur recommand\u00e9e pour optimaliser le travail (bord sup\u00e9rieur de l&rsquo;\u00e9cran entre 5 et 10 cm sous le niveau des yeux). Cela pr\u00e9vient les tensions au niveau de la nuque.<\/p>\n<p>Poids : 285 grammes<\/p>\n<p>Hauteur : 0.6 cm \u2013 21 cm (pli\u00e9\/en service)<\/p>\n<p>Profondeur : 24 cm<\/p>\n<p>Largeur : 23 cm<\/p>\n","protected":false},"excerpt":{"rendered":"<p>Le support de portable ErgoFold est un support ajustable en hauteur, fabriqu\u00e9 en Hylite. Le Hylite est un mat\u00e9riau ultra-l\u00e9ger, compos\u00e9 de 2 fines couches d&rsquo;aluminium avec une couche interm\u00e9diaire en plastique thermoplastique PP. Le support dispose d&rsquo;un m\u00e9canisme de pliage ing\u00e9nieux, permettant \u00e0 l&rsquo;ErgoFold de se replier en un paquet de seulement 6 mm [&hellip;]<\/p>\n","protected":false},"featured_media":138107,"comment_status":"open","ping_status":"closed","template":"","meta":{"_acf_changed":false},"pwb-brand":[117],"product_brand":[],"product_cat":[268,274],"product_tag":[],"class_list":{"0":"post-150534","1":"product","2":"type-product","3":"status-publish","4":"has-post-thumbnail","6":"pwb-brand-dataflex","7":"product_cat-accessoires-ergonomiques","8":"product_cat-supports-de-documents-supports-pour-ordinateurs-portables","9":"tm-has-options","11":"first","12":"instock","13":"featured","14":"taxable","15":"shipping-taxable","16":"purchasable","17":"product-type-variable","18":"has-default-attributes"},"acf":[],"brands":[{"id":117,"name":"Dataflex","slug":"dataflex"}],"_links":{"self":[{"href":"https:\/\/sitz.ch\/fr\/wp-json\/wp\/v2\/product\/150534","targetHints":{"allow":["GET"]}}],"collection":[{"href":"https:\/\/sitz.ch\/fr\/wp-json\/wp\/v2\/product"}],"about":[{"href":"https:\/\/sitz.ch\/fr\/wp-json\/wp\/v2\/types\/product"}],"replies":[{"embeddable":true,"href":"https:\/\/sitz.ch\/fr\/wp-json\/wp\/v2\/comments?post=150534"}],"version-history":[{"count":0,"href":"https:\/\/sitz.ch\/fr\/wp-json\/wp\/v2\/product\/150534\/revisions"}],"wp:featuredmedia":[{"embeddable":true,"href":"https:\/\/sitz.ch\/fr\/wp-json\/wp\/v2\/media\/138107"}],"wp:attachment":[{"href":"https:\/\/sitz.ch\/fr\/wp-json\/wp\/v2\/media?parent=150534"}],"wp:term":[{"taxonomy":"pwb-brand","embeddable":true,"href":"https:\/\/sitz.ch\/fr\/wp-json\/wp\/v2\/pwb-brand?post=150534"},{"taxonomy":"product_brand","embeddable":true,"href":"https:\/\/sitz.ch\/fr\/wp-json\/wp\/v2\/product_brand?post=150534"},{"taxonomy":"product_cat","embeddable":true,"href":"https:\/\/sitz.ch\/fr\/wp-json\/wp\/v2\/product_cat?post=150534"},{"taxonomy":"product_tag","embeddable":true,"href":"https:\/\/sitz.ch\/fr\/wp-json\/wp\/v2\/product_tag?post=150534"}],"curies":[{"name":"wp","href":"https:\/\/api.w.org\/{rel}","templated":true}]}}