{"id":150561,"date":"2016-11-12T00:15:13","date_gmt":"2016-11-11T23:15:13","guid":{"rendered":"https:\/\/sitz.ch\/produkt\/elsa-tissus-pour-coussin-de-visage\/"},"modified":"2016-11-12T00:15:13","modified_gmt":"2016-11-11T23:15:13","slug":"elsa-tissus-pour-coussin-de-visage","status":"publish","type":"product","link":"https:\/\/sitz.ch\/fr\/produit\/elsa-tissus-pour-coussin-de-visage\/","title":{"rendered":"Elsa Tissus pour coussin de visage"},"content":{"rendered":"<p><span style=\"font-size: medium;\">Linges pour appuie-t\u00eate<\/span><\/p>\n<p><span style=\"font-size: small;\">pour une utilisation hygi\u00e9nique en cabinet. 100% microfibre,<\/span><\/p>\n<p>25 x 30 cm, lavable \u00e0 60\u00b0.<\/p>\n<p>Paquet de 10 pi\u00e8ces<\/p>\n<p>&nbsp;<\/p>\n<p>D\u00e9lai de livraison environ 1 semaine<\/p>\n<p>&nbsp;<\/p>\n<p>Veuillez noter que pour des raisons d&rsquo;hygi\u00e8ne, aucun droit de retour ne peut \u00eatre accord\u00e9 pour ce produit.<br \/>\nEn cas de questions, nous recommandons de prendre contact au pr\u00e9alable.<\/p>\n","protected":false},"excerpt":{"rendered":"<p>Linges pour appuie-t\u00eate pour une utilisation hygi\u00e9nique en cabinet. 100% microfibre, 25 x 30 cm, lavable \u00e0 60\u00b0. Paquet de 10 pi\u00e8ces &nbsp; D\u00e9lai de livraison environ 1 semaine &nbsp; Veuillez noter que pour des raisons d&rsquo;hygi\u00e8ne, aucun droit de retour ne peut \u00eatre accord\u00e9 pour ce produit. En cas de questions, nous recommandons de [&hellip;]<\/p>\n","protected":false},"featured_media":142169,"comment_status":"open","ping_status":"closed","template":"","meta":{"_acf_changed":false},"pwb-brand":[110],"product_brand":[],"product_cat":[290,268,271,289,360,361],"product_tag":[],"class_list":{"0":"post-150561","1":"product","2":"type-product","3":"status-publish","4":"has-post-thumbnail","6":"pwb-brand-elsa","7":"product_cat-accessoires-de-fitness","8":"product_cat-accessoires-ergonomiques","9":"product_cat-coussins","10":"product_cat-equipements-de-fitness","11":"product_cat-warenkorb-popup-mit-warnung-fr","12":"product_cat-zahlung-auf-rechnung-nicht-verfuegbar-fr","13":"tm-has-options","15":"first","16":"onbackorder","17":"taxable","18":"shipping-taxable","19":"purchasable","20":"product-type-variable","21":"has-default-attributes"},"acf":[],"brands":[{"id":110,"name":"Elsa","slug":"elsa"}],"_links":{"self":[{"href":"https:\/\/sitz.ch\/fr\/wp-json\/wp\/v2\/product\/150561","targetHints":{"allow":["GET"]}}],"collection":[{"href":"https:\/\/sitz.ch\/fr\/wp-json\/wp\/v2\/product"}],"about":[{"href":"https:\/\/sitz.ch\/fr\/wp-json\/wp\/v2\/types\/product"}],"replies":[{"embeddable":true,"href":"https:\/\/sitz.ch\/fr\/wp-json\/wp\/v2\/comments?post=150561"}],"version-history":[{"count":0,"href":"https:\/\/sitz.ch\/fr\/wp-json\/wp\/v2\/product\/150561\/revisions"}],"wp:featuredmedia":[{"embeddable":true,"href":"https:\/\/sitz.ch\/fr\/wp-json\/wp\/v2\/media\/142169"}],"wp:attachment":[{"href":"https:\/\/sitz.ch\/fr\/wp-json\/wp\/v2\/media?parent=150561"}],"wp:term":[{"taxonomy":"pwb-brand","embeddable":true,"href":"https:\/\/sitz.ch\/fr\/wp-json\/wp\/v2\/pwb-brand?post=150561"},{"taxonomy":"product_brand","embeddable":true,"href":"https:\/\/sitz.ch\/fr\/wp-json\/wp\/v2\/product_brand?post=150561"},{"taxonomy":"product_cat","embeddable":true,"href":"https:\/\/sitz.ch\/fr\/wp-json\/wp\/v2\/product_cat?post=150561"},{"taxonomy":"product_tag","embeddable":true,"href":"https:\/\/sitz.ch\/fr\/wp-json\/wp\/v2\/product_tag?post=150561"}],"curies":[{"name":"wp","href":"https:\/\/api.w.org\/{rel}","templated":true}]}}