{"id":150571,"date":"2016-11-12T00:14:44","date_gmt":"2016-11-11T23:14:44","guid":{"rendered":"https:\/\/sitz.ch\/produkt\/elsa-coussin-en-biseau-special-37x37cm-noir\/"},"modified":"2016-11-12T00:14:44","modified_gmt":"2016-11-11T23:14:44","slug":"elsa-coussin-en-biseau-special-37x37cm-noir","status":"publish","type":"product","link":"https:\/\/sitz.ch\/fr\/produit\/elsa-coussin-en-biseau-special-37x37cm-noir\/","title":{"rendered":"Elsa Coussin en biseau Sp\u00e9cial 37x37cm Noir"},"content":{"rendered":"<p><span style=\"font-size: medium;\">elsa-Coussin orthop\u00e9dique &#8211; facilitez-vous la posture assise !<\/span><\/p>\n<p><span style=\"font-size: small;\"><span style=\"font-family: Arial;\">Dimensions (Largeur x Profondeur x Hauteur avant\/arri\u00e8re) :\u00a037 x\u00a037 x\u00a01\/8 cm<\/span><\/span><\/p>\n<p>Le coussin elsa est disponible en 2<strong>\u00a0variantes<\/strong> :<\/p>\n<ol>\n<li>Coussin <strong>SPECIAL<\/strong>avec insert en mousse visco\u00e9lastique. S&rsquo;adapte au corps, pr\u00e9vient les points de pression, soutient la circulation sanguine dans les jambes.<\/li>\n<li>Coussin <strong>AB<\/strong>avec partie coccyx amovible. Id\u00e9al en cas de blessures ou d&rsquo;h\u00e9morro\u00efdes.<\/li>\n<\/ol>\n<p><strong>Rev\u00eatements<\/strong><\/p>\n<ul>\n<li>Rev\u00eatement avec picots<\/li>\n<li>Coloris : Noir<\/li>\n<\/ul>\n","protected":false},"excerpt":{"rendered":"<p>elsa-Coussin orthop\u00e9dique &#8211; facilitez-vous la posture assise ! Dimensions (Largeur x Profondeur x Hauteur avant\/arri\u00e8re) :\u00a037 x\u00a037 x\u00a01\/8 cm Le coussin elsa est disponible en 2\u00a0variantes : Coussin SPECIALavec insert en mousse visco\u00e9lastique. S&rsquo;adapte au corps, pr\u00e9vient les points de pression, soutient la circulation sanguine dans les jambes. Coussin ABavec partie coccyx amovible. Id\u00e9al en [&hellip;]<\/p>\n","protected":false},"featured_media":138320,"comment_status":"open","ping_status":"closed","template":"","meta":{"_acf_changed":false},"pwb-brand":[110],"product_brand":[],"product_cat":[268,273],"product_tag":[],"class_list":{"0":"post-150571","1":"product","2":"type-product","3":"status-publish","4":"has-post-thumbnail","6":"pwb-brand-elsa","7":"product_cat-accessoires-ergonomiques","8":"product_cat-soutiens-lombaires-coussins-dassise","9":"tm-has-options","11":"first","12":"instock","13":"featured","14":"taxable","15":"shipping-taxable","16":"purchasable","17":"product-type-variable","18":"has-default-attributes"},"acf":[],"brands":[{"id":110,"name":"Elsa","slug":"elsa"}],"_links":{"self":[{"href":"https:\/\/sitz.ch\/fr\/wp-json\/wp\/v2\/product\/150571","targetHints":{"allow":["GET"]}}],"collection":[{"href":"https:\/\/sitz.ch\/fr\/wp-json\/wp\/v2\/product"}],"about":[{"href":"https:\/\/sitz.ch\/fr\/wp-json\/wp\/v2\/types\/product"}],"replies":[{"embeddable":true,"href":"https:\/\/sitz.ch\/fr\/wp-json\/wp\/v2\/comments?post=150571"}],"version-history":[{"count":0,"href":"https:\/\/sitz.ch\/fr\/wp-json\/wp\/v2\/product\/150571\/revisions"}],"wp:featuredmedia":[{"embeddable":true,"href":"https:\/\/sitz.ch\/fr\/wp-json\/wp\/v2\/media\/138320"}],"wp:attachment":[{"href":"https:\/\/sitz.ch\/fr\/wp-json\/wp\/v2\/media?parent=150571"}],"wp:term":[{"taxonomy":"pwb-brand","embeddable":true,"href":"https:\/\/sitz.ch\/fr\/wp-json\/wp\/v2\/pwb-brand?post=150571"},{"taxonomy":"product_brand","embeddable":true,"href":"https:\/\/sitz.ch\/fr\/wp-json\/wp\/v2\/product_brand?post=150571"},{"taxonomy":"product_cat","embeddable":true,"href":"https:\/\/sitz.ch\/fr\/wp-json\/wp\/v2\/product_cat?post=150571"},{"taxonomy":"product_tag","embeddable":true,"href":"https:\/\/sitz.ch\/fr\/wp-json\/wp\/v2\/product_tag?post=150571"}],"curies":[{"name":"wp","href":"https:\/\/api.w.org\/{rel}","templated":true}]}}