{"id":150574,"date":"2016-11-12T00:15:01","date_gmt":"2016-11-11T23:15:01","guid":{"rendered":"https:\/\/sitz.ch\/produkt\/elsa-rouleau-pour-les-genoux\/"},"modified":"2016-11-12T00:15:01","modified_gmt":"2016-11-11T23:15:01","slug":"elsa-rouleau-pour-les-genoux","status":"publish","type":"product","link":"https:\/\/sitz.ch\/fr\/produit\/elsa-rouleau-pour-les-genoux\/","title":{"rendered":"Elsa Rouleau pour les genoux"},"content":{"rendered":"<p><strong><span style=\"font-size: 18px;\">elsa-Rouleau pour genoux &#8211; Aide au positionnement pour genoux<\/span><\/strong><\/p>\n<p><span style=\"font-size: small;\"><span style=\"font-family: Arial;\">Dimensions (Longueur x Diam\u00e8tre) : 60 x 18 cm<\/span><\/span><\/p>\n<p>(pas de mousse min\u00e9rale elsa\u00ae)<\/p>\n<p>&nbsp;<\/p>\n<p>Les rouleaux pour genoux ne sont pas lavables, seulement la housse.<\/p>\n<p>&nbsp;<\/p>\n<p>Sur commande : d\u00e9lai de livraison env. 1 semaine<\/p>\n<p>Attention : pour des raisons d&rsquo;hygi\u00e8ne, ces produits ne peuvent pas \u00eatre retourn\u00e9s.<\/p>\n","protected":false},"excerpt":{"rendered":"<p>elsa-Rouleau pour genoux &#8211; Aide au positionnement pour genoux Dimensions (Longueur x Diam\u00e8tre) : 60 x 18 cm (pas de mousse min\u00e9rale elsa\u00ae) &nbsp; Les rouleaux pour genoux ne sont pas lavables, seulement la housse. &nbsp; Sur commande : d\u00e9lai de livraison env. 1 semaine Attention : pour des raisons d&rsquo;hygi\u00e8ne, ces produits ne peuvent [&hellip;]<\/p>\n","protected":false},"featured_media":142172,"comment_status":"open","ping_status":"closed","template":"","meta":{"_acf_changed":false},"pwb-brand":[110],"product_brand":[],"product_cat":[268,271,360,361],"product_tag":[],"class_list":{"0":"post-150574","1":"product","2":"type-product","3":"status-publish","4":"has-post-thumbnail","6":"pwb-brand-elsa","7":"product_cat-accessoires-ergonomiques","8":"product_cat-coussins","9":"product_cat-warenkorb-popup-mit-warnung-fr","10":"product_cat-zahlung-auf-rechnung-nicht-verfuegbar-fr","11":"tm-has-styled-variations","12":"tm-has-options","14":"first","15":"onbackorder","16":"taxable","17":"shipping-taxable","18":"purchasable","19":"product-type-variable"},"acf":[],"brands":[{"id":110,"name":"Elsa","slug":"elsa"}],"_links":{"self":[{"href":"https:\/\/sitz.ch\/fr\/wp-json\/wp\/v2\/product\/150574","targetHints":{"allow":["GET"]}}],"collection":[{"href":"https:\/\/sitz.ch\/fr\/wp-json\/wp\/v2\/product"}],"about":[{"href":"https:\/\/sitz.ch\/fr\/wp-json\/wp\/v2\/types\/product"}],"replies":[{"embeddable":true,"href":"https:\/\/sitz.ch\/fr\/wp-json\/wp\/v2\/comments?post=150574"}],"version-history":[{"count":0,"href":"https:\/\/sitz.ch\/fr\/wp-json\/wp\/v2\/product\/150574\/revisions"}],"wp:featuredmedia":[{"embeddable":true,"href":"https:\/\/sitz.ch\/fr\/wp-json\/wp\/v2\/media\/142172"}],"wp:attachment":[{"href":"https:\/\/sitz.ch\/fr\/wp-json\/wp\/v2\/media?parent=150574"}],"wp:term":[{"taxonomy":"pwb-brand","embeddable":true,"href":"https:\/\/sitz.ch\/fr\/wp-json\/wp\/v2\/pwb-brand?post=150574"},{"taxonomy":"product_brand","embeddable":true,"href":"https:\/\/sitz.ch\/fr\/wp-json\/wp\/v2\/product_brand?post=150574"},{"taxonomy":"product_cat","embeddable":true,"href":"https:\/\/sitz.ch\/fr\/wp-json\/wp\/v2\/product_cat?post=150574"},{"taxonomy":"product_tag","embeddable":true,"href":"https:\/\/sitz.ch\/fr\/wp-json\/wp\/v2\/product_tag?post=150574"}],"curies":[{"name":"wp","href":"https:\/\/api.w.org\/{rel}","templated":true}]}}