{"id":150599,"date":"2016-11-12T00:15:36","date_gmt":"2016-11-11T23:15:36","guid":{"rendered":"https:\/\/sitz.ch\/produkt\/elsa-repose-poignet-pour-souris\/"},"modified":"2016-11-12T00:15:36","modified_gmt":"2016-11-11T23:15:36","slug":"elsa-repose-poignet-pour-souris","status":"publish","type":"product","link":"https:\/\/sitz.ch\/fr\/produit\/elsa-repose-poignet-pour-souris\/","title":{"rendered":"Elsa Repose-poignet pour souris"},"content":{"rendered":"<h3><span style=\"font-size: medium;\">Repose-main pour souris PC &#8211; la petite version id\u00e9ale pour ceux qui utilisent souvent la souris.<\/span><\/h3>\n<h1><strong><span style=\"font-size: small;\"><span style=\"font-family: Arial;\">Repose-souris PC avec housse en velours \u00e0 picots<br \/>\n(20cm de large, 11cm de profondeur)<\/span><\/span><\/strong><\/h1>\n<p>Sur commande. D\u00e9lai de livraison d&rsquo;environ 1 semaine<\/p>\n<p>&nbsp;<\/p>\n<p>Veuillez noter que pour des raisons d&rsquo;hygi\u00e8ne, ce produit ne peut en aucun cas \u00eatre retourn\u00e9.<br \/>\nNous recommandons de nous contacter \u00e0 l&rsquo;avance pour toute question.<\/p>\n","protected":false},"excerpt":{"rendered":"<p>Repose-main pour souris PC &#8211; la petite version id\u00e9ale pour ceux qui utilisent souvent la souris. Repose-souris PC avec housse en velours \u00e0 picots (20cm de large, 11cm de profondeur) Sur commande. D\u00e9lai de livraison d&rsquo;environ 1 semaine &nbsp; Veuillez noter que pour des raisons d&rsquo;hygi\u00e8ne, ce produit ne peut en aucun cas \u00eatre retourn\u00e9. [&hellip;]<\/p>\n","protected":false},"featured_media":142151,"comment_status":"open","ping_status":"closed","template":"","meta":{"_acf_changed":false},"pwb-brand":[110],"product_brand":[],"product_cat":[268,270,360],"product_tag":[],"class_list":{"0":"post-150599","1":"product","2":"type-product","3":"status-publish","4":"has-post-thumbnail","6":"pwb-brand-elsa","7":"product_cat-accessoires-ergonomiques","8":"product_cat-repose-poignets","9":"product_cat-warenkorb-popup-mit-warnung-fr","10":"tm-has-options","12":"first","13":"onbackorder","14":"taxable","15":"shipping-taxable","16":"purchasable","17":"product-type-variable","18":"has-default-attributes"},"acf":[],"brands":[{"id":110,"name":"Elsa","slug":"elsa"}],"_links":{"self":[{"href":"https:\/\/sitz.ch\/fr\/wp-json\/wp\/v2\/product\/150599","targetHints":{"allow":["GET"]}}],"collection":[{"href":"https:\/\/sitz.ch\/fr\/wp-json\/wp\/v2\/product"}],"about":[{"href":"https:\/\/sitz.ch\/fr\/wp-json\/wp\/v2\/types\/product"}],"replies":[{"embeddable":true,"href":"https:\/\/sitz.ch\/fr\/wp-json\/wp\/v2\/comments?post=150599"}],"version-history":[{"count":0,"href":"https:\/\/sitz.ch\/fr\/wp-json\/wp\/v2\/product\/150599\/revisions"}],"wp:featuredmedia":[{"embeddable":true,"href":"https:\/\/sitz.ch\/fr\/wp-json\/wp\/v2\/media\/142151"}],"wp:attachment":[{"href":"https:\/\/sitz.ch\/fr\/wp-json\/wp\/v2\/media?parent=150599"}],"wp:term":[{"taxonomy":"pwb-brand","embeddable":true,"href":"https:\/\/sitz.ch\/fr\/wp-json\/wp\/v2\/pwb-brand?post=150599"},{"taxonomy":"product_brand","embeddable":true,"href":"https:\/\/sitz.ch\/fr\/wp-json\/wp\/v2\/product_brand?post=150599"},{"taxonomy":"product_cat","embeddable":true,"href":"https:\/\/sitz.ch\/fr\/wp-json\/wp\/v2\/product_cat?post=150599"},{"taxonomy":"product_tag","embeddable":true,"href":"https:\/\/sitz.ch\/fr\/wp-json\/wp\/v2\/product_tag?post=150599"}],"curies":[{"name":"wp","href":"https:\/\/api.w.org\/{rel}","templated":true}]}}