{"id":150625,"date":"2018-06-04T06:53:28","date_gmt":"2018-06-04T04:53:28","guid":{"rendered":"https:\/\/sitz.ch\/produkt\/ergoflow-bureau-assis-debout-electrique\/"},"modified":"2025-02-26T18:35:07","modified_gmt":"2025-02-26T17:35:07","slug":"ergoflow-bureau-assis-debout-electrique","status":"publish","type":"product","link":"https:\/\/sitz.ch\/fr\/produit\/ergoflow-bureau-assis-debout-electrique\/","title":{"rendered":"Ergoflow Bureau assis-debout \u00e9lectrique"},"content":{"rendered":"<p><b>avec colonne angulaire, qualit\u00e9 et stabilit\u00e9 TOP<\/b><\/p>\n<p><b>ErgoFlow Bureau assis-debout<\/b><br \/> <br \/>\nLe professionnel des bureaux r\u00e9glables en hauteur pour usage priv\u00e9 et professionnel.<\/p>\n<p>Tr\u00e8s simple et rapide \u00e0 assembler. L&rsquo;ensemble du cadre est pr\u00eat \u00e0 l&#8217;emploi en 15 minutes.<br \/> <br \/>\nLe cadre est exp\u00e9di\u00e9 dans un carton vers vous.<\/p>\n<p>stabilit\u00e9 exceptionnelle et confort d&rsquo;utilisation excellent.<br \/> <br \/>\nr\u00e9glage en hauteur \u00e9lectrique (65\u2013130 cm sans plateau)<br \/> <br \/>\nr\u00e9glable en largeur de 105-170 cm (adapt\u00e9 \u00e0 tous les plateaux)<br \/> <br \/>\ncapacit\u00e9 de charge : 80 kg avec protection anti-collision int\u00e9gr\u00e9e<\/p>\n<p>Le cadre est disponible en stock en :<br \/> <br \/>\nnoir<br \/> <br \/>\nargent<br \/> <br \/>\nblanc<\/p>\n<p>Aucune traverse g\u00eanante et totale libert\u00e9 de mouvement pour les jambes. Le caisson de tiroirs peut donc \u00eatre plac\u00e9 sous la table.<\/p>\n","protected":false},"excerpt":{"rendered":"<p>avec colonne angulaire, qualit\u00e9 et stabilit\u00e9 TOP ErgoFlow Bureau assis-debout Le professionnel des bureaux r\u00e9glables en hauteur pour usage priv\u00e9 et professionnel. Tr\u00e8s simple et rapide \u00e0 assembler. L&rsquo;ensemble du cadre est pr\u00eat \u00e0 l&#8217;emploi en 15 minutes. Le cadre est exp\u00e9di\u00e9 dans un carton vers vous. stabilit\u00e9 exceptionnelle et confort d&rsquo;utilisation excellent. r\u00e9glage en [&hellip;]<\/p>\n","protected":false},"featured_media":138785,"comment_status":"open","ping_status":"closed","template":"","meta":{"_acf_changed":false},"pwb-brand":[96],"product_brand":[],"product_cat":[281,285],"product_tag":[],"class_list":{"0":"post-150625","1":"product","2":"type-product","3":"status-publish","4":"has-post-thumbnail","6":"pwb-brand-ergoflow","7":"product_cat-bureaux-assis-debout","8":"product_cat-bureaux-electriques-reglables","9":"tm-has-options","11":"first","12":"instock","13":"sale","14":"featured","15":"taxable","16":"shipping-taxable","17":"purchasable","18":"product-type-variable","19":"has-default-attributes"},"acf":[],"brands":[{"id":96,"name":"Ergoflow","slug":"ergoflow"}],"_links":{"self":[{"href":"https:\/\/sitz.ch\/fr\/wp-json\/wp\/v2\/product\/150625","targetHints":{"allow":["GET"]}}],"collection":[{"href":"https:\/\/sitz.ch\/fr\/wp-json\/wp\/v2\/product"}],"about":[{"href":"https:\/\/sitz.ch\/fr\/wp-json\/wp\/v2\/types\/product"}],"replies":[{"embeddable":true,"href":"https:\/\/sitz.ch\/fr\/wp-json\/wp\/v2\/comments?post=150625"}],"version-history":[{"count":0,"href":"https:\/\/sitz.ch\/fr\/wp-json\/wp\/v2\/product\/150625\/revisions"}],"wp:featuredmedia":[{"embeddable":true,"href":"https:\/\/sitz.ch\/fr\/wp-json\/wp\/v2\/media\/138785"}],"wp:attachment":[{"href":"https:\/\/sitz.ch\/fr\/wp-json\/wp\/v2\/media?parent=150625"}],"wp:term":[{"taxonomy":"pwb-brand","embeddable":true,"href":"https:\/\/sitz.ch\/fr\/wp-json\/wp\/v2\/pwb-brand?post=150625"},{"taxonomy":"product_brand","embeddable":true,"href":"https:\/\/sitz.ch\/fr\/wp-json\/wp\/v2\/product_brand?post=150625"},{"taxonomy":"product_cat","embeddable":true,"href":"https:\/\/sitz.ch\/fr\/wp-json\/wp\/v2\/product_cat?post=150625"},{"taxonomy":"product_tag","embeddable":true,"href":"https:\/\/sitz.ch\/fr\/wp-json\/wp\/v2\/product_tag?post=150625"}],"curies":[{"name":"wp","href":"https:\/\/api.w.org\/{rel}","templated":true}]}}