{"id":150658,"date":"2016-11-12T00:07:25","date_gmt":"2016-11-11T23:07:25","guid":{"rendered":"https:\/\/sitz.ch\/produkt\/ergopoint-e-slide-flexx-en-acrylique\/"},"modified":"2016-11-12T00:07:25","modified_gmt":"2016-11-11T23:07:25","slug":"ergopoint-e-slide-flexx-en-acrylique","status":"publish","type":"product","link":"https:\/\/sitz.ch\/fr\/produit\/ergopoint-e-slide-flexx-en-acrylique\/","title":{"rendered":"ErgoPoint E-Slide Flexx En Acrylique"},"content":{"rendered":"<p>Le E-Slide Flexx est un support de documents\/rehausseur de bureau et aide \u00e0 la lecture en plexiglas, offrant un large \u00e9ventail de r\u00e9glages. L&rsquo;ajustement se fait facilement et sans probl\u00e8me pendant le travail. Vous n&rsquo;avez pas besoin de ranger vos documents. Les mouvements inutiles de flexion et de torsion du haut du corps sont \u00e9vit\u00e9s, \u00e9pargnant la colonne vert\u00e9brale cervicale, les muscles du cou et les yeux. Gr\u00e2ce \u00e0 la polyvalence de ses r\u00e9glages, l&rsquo;E-Slide Flexx devient un \u00e9l\u00e9ment de mobilier sur la table dont vous ne voudrez plus vous passer. Id\u00e9al pour des ajustements et r\u00e9glages fr\u00e9quents.<br \/>\nIl peut accueillir des plans de b\u00e2timent de grand format ou des tableaux Excel au format A3 sans g\u00eaner ou occuper le clavier.<br \/>\nSon design transparent et sa facilit\u00e9 de r\u00e9glage convainquent \u00e9galement.<\/p>\n<p>Dimensions :<\/p>\n<p>Hauteur 6,5 cm \/ arri\u00e8re jusqu\u2019\u00e0 14 cm,<\/p>\n<p>Largeur 57 cm, Profondeur 30 cm<\/p>\n<p>Mat\u00e9riel : Plexiglas<\/p>\n<p>Utilisation :<\/p>\n<p>pour poste de travail PC, support de livre ou aide \u00e0 la lecture<\/p>\n<p><strong>Tr\u00e8s facile \u00e0 r\u00e9gler en hauteur, de compl\u00e8tement plat \u00e0 inclin\u00e9.<\/strong><\/p>\n","protected":false},"excerpt":{"rendered":"<p>Le E-Slide Flexx est un support de documents\/rehausseur de bureau et aide \u00e0 la lecture en plexiglas, offrant un large \u00e9ventail de r\u00e9glages. L&rsquo;ajustement se fait facilement et sans probl\u00e8me pendant le travail. Vous n&rsquo;avez pas besoin de ranger vos documents. Les mouvements inutiles de flexion et de torsion du haut du corps sont \u00e9vit\u00e9s, [&hellip;]<\/p>\n","protected":false},"featured_media":138167,"comment_status":"open","ping_status":"closed","template":"","meta":{"_acf_changed":false},"pwb-brand":[94],"product_brand":[],"product_cat":[268,274],"product_tag":[],"class_list":{"0":"post-150658","1":"product","2":"type-product","3":"status-publish","4":"has-post-thumbnail","6":"pwb-brand-ergopoint","7":"product_cat-accessoires-ergonomiques","8":"product_cat-supports-de-documents-supports-pour-ordinateurs-portables","9":"tm-has-options","11":"first","12":"instock","13":"featured","14":"taxable","15":"shipping-taxable","16":"purchasable","17":"product-type-variable","18":"has-default-attributes"},"acf":[],"brands":[{"id":94,"name":"ErgoPoint","slug":"ergopoint"}],"_links":{"self":[{"href":"https:\/\/sitz.ch\/fr\/wp-json\/wp\/v2\/product\/150658","targetHints":{"allow":["GET"]}}],"collection":[{"href":"https:\/\/sitz.ch\/fr\/wp-json\/wp\/v2\/product"}],"about":[{"href":"https:\/\/sitz.ch\/fr\/wp-json\/wp\/v2\/types\/product"}],"replies":[{"embeddable":true,"href":"https:\/\/sitz.ch\/fr\/wp-json\/wp\/v2\/comments?post=150658"}],"version-history":[{"count":0,"href":"https:\/\/sitz.ch\/fr\/wp-json\/wp\/v2\/product\/150658\/revisions"}],"wp:featuredmedia":[{"embeddable":true,"href":"https:\/\/sitz.ch\/fr\/wp-json\/wp\/v2\/media\/138167"}],"wp:attachment":[{"href":"https:\/\/sitz.ch\/fr\/wp-json\/wp\/v2\/media?parent=150658"}],"wp:term":[{"taxonomy":"pwb-brand","embeddable":true,"href":"https:\/\/sitz.ch\/fr\/wp-json\/wp\/v2\/pwb-brand?post=150658"},{"taxonomy":"product_brand","embeddable":true,"href":"https:\/\/sitz.ch\/fr\/wp-json\/wp\/v2\/product_brand?post=150658"},{"taxonomy":"product_cat","embeddable":true,"href":"https:\/\/sitz.ch\/fr\/wp-json\/wp\/v2\/product_cat?post=150658"},{"taxonomy":"product_tag","embeddable":true,"href":"https:\/\/sitz.ch\/fr\/wp-json\/wp\/v2\/product_tag?post=150658"}],"curies":[{"name":"wp","href":"https:\/\/api.w.org\/{rel}","templated":true}]}}