{"id":150660,"date":"2018-01-01T10:23:58","date_gmt":"2018-01-01T09:23:58","guid":{"rendered":"https:\/\/sitz.ch\/produkt\/ergopoint-e-slide-pluss-en-acrylique\/"},"modified":"2018-01-01T10:23:58","modified_gmt":"2018-01-01T09:23:58","slug":"ergopoint-e-slide-pluss-en-acrylique","status":"publish","type":"product","link":"https:\/\/sitz.ch\/fr\/produit\/ergopoint-e-slide-pluss-en-acrylique\/","title":{"rendered":"ErgoPoint E-Slide Pluss En Acrylique"},"content":{"rendered":"<p>Vous souhaitez travailler sur votre ordinateur portable ou votre PC tout en prenant des notes ? Alors l&rsquo;E-Slide Pluss est id\u00e9al pour vous, offrant en plus un espace de travail plus grand et un poste de travail bien organis\u00e9. Il vous soutient \u00e9galement lorsque vous devez travailler avec des documents papiers.<\/p>\n<p>Le porte-documents\/support de bureau E-Slide Pluss en verre acrylique correspond au nouveau concept ergonomique \u00ab\u00a0Travail centr\u00e9 sur le corps\u00a0\u00bb.<\/p>\n<p>Le porte-documents peut \u00eatre facilement tir\u00e9 par-dessus le clavier ou le clavier peut \u00eatre gliss\u00e9 en dessous. De cette fa\u00e7on, vous obtenez un espace libre pour les dossiers et les documents. Simple, pratique et indispensable. Une fois que vous aurez utilis\u00e9 ce porte-documents, vous ne pourrez plus vous en passer.<\/p>\n<p>Utilisation :<\/p>\n<p>Poste de travail PC<\/p>\n<p>Dimensions du support de clavier :<\/p>\n<p>Longueur : 46 cm x Largeur : 7,5 cm x Hauteur : 2 cm<\/p>\n<p>Mat\u00e9riaux :<\/p>\n<p>Gel, rev\u00eatement en fibres synth\u00e9tiques<\/p>\n<p>Dimensions et mat\u00e9riau :<\/p>\n<p>Hauteur 6\/14cm, Largeur 57cm, Profondeur 30.5cm<\/p>\n<p>Mat\u00e9riau : Verre acrylique<\/p>\n<p>Utilisation :<\/p>\n<p>pour poste de travail PC<\/p>\n<p>Ce porte-documents s&rsquo;adapte \u00e0 tous les claviers<\/p>\n","protected":false},"excerpt":{"rendered":"<p>Vous souhaitez travailler sur votre ordinateur portable ou votre PC tout en prenant des notes ? Alors l&rsquo;E-Slide Pluss est id\u00e9al pour vous, offrant en plus un espace de travail plus grand et un poste de travail bien organis\u00e9. Il vous soutient \u00e9galement lorsque vous devez travailler avec des documents papiers. Le porte-documents\/support de bureau [&hellip;]<\/p>\n","protected":false},"featured_media":139490,"comment_status":"open","ping_status":"closed","template":"","meta":{"_acf_changed":false},"pwb-brand":[94],"product_brand":[],"product_cat":[268,274],"product_tag":[],"class_list":{"0":"post-150660","1":"product","2":"type-product","3":"status-publish","4":"has-post-thumbnail","6":"pwb-brand-ergopoint","7":"product_cat-accessoires-ergonomiques","8":"product_cat-supports-de-documents-supports-pour-ordinateurs-portables","9":"tm-has-options","11":"first","12":"instock","13":"sale","14":"featured","15":"taxable","16":"shipping-taxable","17":"purchasable","18":"product-type-variable","19":"has-default-attributes"},"acf":[],"brands":[{"id":94,"name":"ErgoPoint","slug":"ergopoint"}],"_links":{"self":[{"href":"https:\/\/sitz.ch\/fr\/wp-json\/wp\/v2\/product\/150660","targetHints":{"allow":["GET"]}}],"collection":[{"href":"https:\/\/sitz.ch\/fr\/wp-json\/wp\/v2\/product"}],"about":[{"href":"https:\/\/sitz.ch\/fr\/wp-json\/wp\/v2\/types\/product"}],"replies":[{"embeddable":true,"href":"https:\/\/sitz.ch\/fr\/wp-json\/wp\/v2\/comments?post=150660"}],"version-history":[{"count":0,"href":"https:\/\/sitz.ch\/fr\/wp-json\/wp\/v2\/product\/150660\/revisions"}],"wp:featuredmedia":[{"embeddable":true,"href":"https:\/\/sitz.ch\/fr\/wp-json\/wp\/v2\/media\/139490"}],"wp:attachment":[{"href":"https:\/\/sitz.ch\/fr\/wp-json\/wp\/v2\/media?parent=150660"}],"wp:term":[{"taxonomy":"pwb-brand","embeddable":true,"href":"https:\/\/sitz.ch\/fr\/wp-json\/wp\/v2\/pwb-brand?post=150660"},{"taxonomy":"product_brand","embeddable":true,"href":"https:\/\/sitz.ch\/fr\/wp-json\/wp\/v2\/product_brand?post=150660"},{"taxonomy":"product_cat","embeddable":true,"href":"https:\/\/sitz.ch\/fr\/wp-json\/wp\/v2\/product_cat?post=150660"},{"taxonomy":"product_tag","embeddable":true,"href":"https:\/\/sitz.ch\/fr\/wp-json\/wp\/v2\/product_tag?post=150660"}],"curies":[{"name":"wp","href":"https:\/\/api.w.org\/{rel}","templated":true}]}}