{"id":150668,"date":"2023-03-27T10:25:35","date_gmt":"2023-03-27T08:25:35","guid":{"rendered":"https:\/\/sitz.ch\/produkt\/ergopoint-repose-poignet-plat\/"},"modified":"2023-03-27T10:25:35","modified_gmt":"2023-03-27T08:25:35","slug":"ergopoint-repose-poignet-plat","status":"publish","type":"product","link":"https:\/\/sitz.ch\/fr\/produit\/ergopoint-repose-poignet-plat\/","title":{"rendered":"ErgoPoint Repose-poignet plat"},"content":{"rendered":"<p>Le repose-poignet ErgoPoint plat a \u00e9t\u00e9 sp\u00e9cialement con\u00e7u pour les claviers de design. Le coussin en gel extra plat soutient de mani\u00e8re optimale les claviers bas tels que les claviers Apple ou de design.<br \/>\nGr\u00e2ce \u00e0 sa forme plate, il emp\u00eache la flexion du poignet et offre une transition fluide vers le clavier.<\/p>\n<p>Pour soulager les poignets et les \u00e9paules.<\/p>\n<p>Utilisation :<br \/>\nClavier PC<\/p>\n<p>Dimensions du support de clavier :<br \/>\nLongueur : 46 cm x Largeur : 7,5 cm x Hauteur 1 cm<\/p>\n<p>Mat\u00e9riau :<br \/>\nGel, rev\u00eatement en fibre synth\u00e9tique noire<\/p>\n","protected":false},"excerpt":{"rendered":"<p>Le repose-poignet ErgoPoint plat a \u00e9t\u00e9 sp\u00e9cialement con\u00e7u pour les claviers de design. Le coussin en gel extra plat soutient de mani\u00e8re optimale les claviers bas tels que les claviers Apple ou de design. Gr\u00e2ce \u00e0 sa forme plate, il emp\u00eache la flexion du poignet et offre une transition fluide vers le clavier. Pour soulager [&hellip;]<\/p>\n","protected":false},"featured_media":142454,"comment_status":"open","ping_status":"closed","template":"","meta":{"_acf_changed":false},"pwb-brand":[94],"product_brand":[],"product_cat":[268,270],"product_tag":[],"class_list":{"0":"post-150668","1":"product","2":"type-product","3":"status-publish","4":"has-post-thumbnail","6":"pwb-brand-ergopoint","7":"product_cat-accessoires-ergonomiques","8":"product_cat-repose-poignets","9":"tm-has-options","11":"first","12":"instock","13":"sale","14":"featured","15":"taxable","16":"shipping-taxable","17":"purchasable","18":"product-type-variable","19":"has-default-attributes"},"acf":[],"brands":[{"id":94,"name":"ErgoPoint","slug":"ergopoint"}],"_links":{"self":[{"href":"https:\/\/sitz.ch\/fr\/wp-json\/wp\/v2\/product\/150668","targetHints":{"allow":["GET"]}}],"collection":[{"href":"https:\/\/sitz.ch\/fr\/wp-json\/wp\/v2\/product"}],"about":[{"href":"https:\/\/sitz.ch\/fr\/wp-json\/wp\/v2\/types\/product"}],"replies":[{"embeddable":true,"href":"https:\/\/sitz.ch\/fr\/wp-json\/wp\/v2\/comments?post=150668"}],"version-history":[{"count":0,"href":"https:\/\/sitz.ch\/fr\/wp-json\/wp\/v2\/product\/150668\/revisions"}],"wp:featuredmedia":[{"embeddable":true,"href":"https:\/\/sitz.ch\/fr\/wp-json\/wp\/v2\/media\/142454"}],"wp:attachment":[{"href":"https:\/\/sitz.ch\/fr\/wp-json\/wp\/v2\/media?parent=150668"}],"wp:term":[{"taxonomy":"pwb-brand","embeddable":true,"href":"https:\/\/sitz.ch\/fr\/wp-json\/wp\/v2\/pwb-brand?post=150668"},{"taxonomy":"product_brand","embeddable":true,"href":"https:\/\/sitz.ch\/fr\/wp-json\/wp\/v2\/product_brand?post=150668"},{"taxonomy":"product_cat","embeddable":true,"href":"https:\/\/sitz.ch\/fr\/wp-json\/wp\/v2\/product_cat?post=150668"},{"taxonomy":"product_tag","embeddable":true,"href":"https:\/\/sitz.ch\/fr\/wp-json\/wp\/v2\/product_tag?post=150668"}],"curies":[{"name":"wp","href":"https:\/\/api.w.org\/{rel}","templated":true}]}}