{"id":150670,"date":"2020-03-19T14:52:24","date_gmt":"2020-03-19T13:52:24","guid":{"rendered":"https:\/\/sitz.ch\/produkt\/ergopoint-repose-poignet-en-gel-pour-souris-et-clavier\/"},"modified":"2025-02-26T18:49:59","modified_gmt":"2025-02-26T17:49:59","slug":"ergopoint-repose-poignet-en-gel-pour-souris-et-clavier","status":"publish","type":"product","link":"https:\/\/sitz.ch\/fr\/produit\/ergopoint-repose-poignet-en-gel-pour-souris-et-clavier\/","title":{"rendered":"ErgoPoint Repose-poignet en gel pour souris et clavier"},"content":{"rendered":"<p>\u00c0 chaque ensemble de repose-poignets, nous envoyons \u00e9galement notre guide d&rsquo;ergonomie. Vous y trouverez des conseils pr\u00e9cieux pour bien am\u00e9nager et r\u00e9gler votre poste de travail \u00e0 domicile.<\/p>\n<p>Les repose-poignets avec gel cr\u00e9\u00e9s par ErgoPoint aident vos poignets et \u00e9paules \u00e0 travailler de mani\u00e8re d\u00e9tendue. Si vous travaillez longtemps devant l&rsquo;ordinateur, une surcharge des bras et des \u00e9paules peut rapidement survenir. Gr\u00e2ce aux ensembles en gel anthracite pour clavier et souris, vous n&rsquo;avez plus \u00e0 vous en soucier.<\/p>\n<p>Pour soulager les poignets et les \u00e9paules.<\/p>\n<p>Utilisation :<br \/>\nPoste de travail PC<\/p>\n<p>Dimensions du support clavier :<br \/>\nLongueur : 46 cm x Largeur : 7,5 cm x Hauteur : 2 cm<\/p>\n<p>Mat\u00e9riau :<br \/>\nGel, Housse en fibre synth\u00e9tique<\/p>\n","protected":false},"excerpt":{"rendered":"<p>\u00c0 chaque ensemble de repose-poignets, nous envoyons \u00e9galement notre guide d&rsquo;ergonomie. Vous y trouverez des conseils pr\u00e9cieux pour bien am\u00e9nager et r\u00e9gler votre poste de travail \u00e0 domicile. Les repose-poignets avec gel cr\u00e9\u00e9s par ErgoPoint aident vos poignets et \u00e9paules \u00e0 travailler de mani\u00e8re d\u00e9tendue. Si vous travaillez longtemps devant l&rsquo;ordinateur, une surcharge des bras [&hellip;]<\/p>\n","protected":false},"featured_media":138731,"comment_status":"open","ping_status":"closed","template":"","meta":{"_acf_changed":false},"pwb-brand":[94],"product_brand":[],"product_cat":[268,270],"product_tag":[],"class_list":{"0":"post-150670","1":"product","2":"type-product","3":"status-publish","4":"has-post-thumbnail","6":"pwb-brand-ergopoint","7":"product_cat-accessoires-ergonomiques","8":"product_cat-repose-poignets","9":"tm-has-options","11":"first","12":"instock","13":"sale","14":"featured","15":"taxable","16":"shipping-taxable","17":"purchasable","18":"product-type-variable","19":"has-default-attributes"},"acf":[],"brands":[{"id":94,"name":"ErgoPoint","slug":"ergopoint"}],"_links":{"self":[{"href":"https:\/\/sitz.ch\/fr\/wp-json\/wp\/v2\/product\/150670","targetHints":{"allow":["GET"]}}],"collection":[{"href":"https:\/\/sitz.ch\/fr\/wp-json\/wp\/v2\/product"}],"about":[{"href":"https:\/\/sitz.ch\/fr\/wp-json\/wp\/v2\/types\/product"}],"replies":[{"embeddable":true,"href":"https:\/\/sitz.ch\/fr\/wp-json\/wp\/v2\/comments?post=150670"}],"version-history":[{"count":0,"href":"https:\/\/sitz.ch\/fr\/wp-json\/wp\/v2\/product\/150670\/revisions"}],"wp:featuredmedia":[{"embeddable":true,"href":"https:\/\/sitz.ch\/fr\/wp-json\/wp\/v2\/media\/138731"}],"wp:attachment":[{"href":"https:\/\/sitz.ch\/fr\/wp-json\/wp\/v2\/media?parent=150670"}],"wp:term":[{"taxonomy":"pwb-brand","embeddable":true,"href":"https:\/\/sitz.ch\/fr\/wp-json\/wp\/v2\/pwb-brand?post=150670"},{"taxonomy":"product_brand","embeddable":true,"href":"https:\/\/sitz.ch\/fr\/wp-json\/wp\/v2\/product_brand?post=150670"},{"taxonomy":"product_cat","embeddable":true,"href":"https:\/\/sitz.ch\/fr\/wp-json\/wp\/v2\/product_cat?post=150670"},{"taxonomy":"product_tag","embeddable":true,"href":"https:\/\/sitz.ch\/fr\/wp-json\/wp\/v2\/product_tag?post=150670"}],"curies":[{"name":"wp","href":"https:\/\/api.w.org\/{rel}","templated":true}]}}