{"id":150676,"date":"2016-11-12T00:04:49","date_gmt":"2016-11-11T23:04:49","guid":{"rendered":"https:\/\/sitz.ch\/produkt\/ergopoint-coussin-triangulaire-pour-voiture-6cm\/"},"modified":"2025-09-10T09:36:20","modified_gmt":"2025-09-10T07:36:20","slug":"ergopoint-coussin-triangulaire-pour-voiture-6cm","status":"publish","type":"product","link":"https:\/\/sitz.ch\/fr\/produit\/ergopoint-coussin-triangulaire-pour-voiture-6cm\/","title":{"rendered":"ErgoPoint Coussin Triangulaire Pour Voiture 6cm"},"content":{"rendered":"<p>Coussin de si\u00e8ge en coin sp\u00e9cialement con\u00e7u pour les si\u00e8ges de voiture avec bord arrondi<\/p>\n<p>Coussin en coin sans ajustement anatomique<\/p>\n<p>Dimensions : env. 37\/37\/1 \u2013 6<\/p>\n<p>Couleurs : anthracite\/noir<\/p>\n","protected":false},"excerpt":{"rendered":"<p>Coussin de si\u00e8ge en coin sp\u00e9cialement con\u00e7u pour les si\u00e8ges de voiture avec bord arrondi Coussin en coin sans ajustement anatomique Dimensions : env. 37\/37\/1 \u2013 6 Couleurs : anthracite\/noir<\/p>\n","protected":false},"featured_media":138002,"comment_status":"open","ping_status":"closed","template":"","meta":{"_acf_changed":false},"pwb-brand":[94],"product_brand":[],"product_cat":[268,273],"product_tag":[],"class_list":{"0":"post-150676","1":"product","2":"type-product","3":"status-publish","4":"has-post-thumbnail","6":"pwb-brand-ergopoint","7":"product_cat-accessoires-ergonomiques","8":"product_cat-soutiens-lombaires-coussins-dassise","9":"tm-has-options","11":"first","12":"instock","13":"featured","14":"taxable","15":"shipping-taxable","16":"purchasable","17":"product-type-variable","18":"has-default-attributes"},"acf":[],"brands":[{"id":94,"name":"ErgoPoint","slug":"ergopoint"}],"_links":{"self":[{"href":"https:\/\/sitz.ch\/fr\/wp-json\/wp\/v2\/product\/150676","targetHints":{"allow":["GET"]}}],"collection":[{"href":"https:\/\/sitz.ch\/fr\/wp-json\/wp\/v2\/product"}],"about":[{"href":"https:\/\/sitz.ch\/fr\/wp-json\/wp\/v2\/types\/product"}],"replies":[{"embeddable":true,"href":"https:\/\/sitz.ch\/fr\/wp-json\/wp\/v2\/comments?post=150676"}],"version-history":[{"count":0,"href":"https:\/\/sitz.ch\/fr\/wp-json\/wp\/v2\/product\/150676\/revisions"}],"wp:featuredmedia":[{"embeddable":true,"href":"https:\/\/sitz.ch\/fr\/wp-json\/wp\/v2\/media\/138002"}],"wp:attachment":[{"href":"https:\/\/sitz.ch\/fr\/wp-json\/wp\/v2\/media?parent=150676"}],"wp:term":[{"taxonomy":"pwb-brand","embeddable":true,"href":"https:\/\/sitz.ch\/fr\/wp-json\/wp\/v2\/pwb-brand?post=150676"},{"taxonomy":"product_brand","embeddable":true,"href":"https:\/\/sitz.ch\/fr\/wp-json\/wp\/v2\/product_brand?post=150676"},{"taxonomy":"product_cat","embeddable":true,"href":"https:\/\/sitz.ch\/fr\/wp-json\/wp\/v2\/product_cat?post=150676"},{"taxonomy":"product_tag","embeddable":true,"href":"https:\/\/sitz.ch\/fr\/wp-json\/wp\/v2\/product_tag?post=150676"}],"curies":[{"name":"wp","href":"https:\/\/api.w.org\/{rel}","templated":true}]}}