{"id":150678,"date":"2016-11-12T00:05:21","date_gmt":"2016-11-11T23:05:21","guid":{"rendered":"https:\/\/sitz.ch\/produkt\/ergopoint-coussin-lombaire\/"},"modified":"2025-02-26T19:18:23","modified_gmt":"2025-02-26T18:18:23","slug":"ergopoint-coussin-lombaire","status":"publish","type":"product","link":"https:\/\/sitz.ch\/fr\/produit\/ergopoint-coussin-lombaire\/","title":{"rendered":"ErgoPoint Coussin Lombaire"},"content":{"rendered":"<p>Ces supports dorsaux disposent de <strong>coques de support orthop\u00e9diques et ergonomiques<\/strong>. Gr\u00e2ce \u00e0 leur position anatomiquement correcte, ils soutiennent la colonne vert\u00e9brale et la musculature dorsale lors de la position assise. Les douleurs sont att\u00e9nu\u00e9es.<\/p>\n<p>Utilisation :<\/p>\n<p>dans le v\u00e9hicule, \u00e0 la maison, sur la chaise de bureau ou au lit<\/p>\n<p>Disponible en noir<\/p>\n<p>Le support dorsal est \u00e9quip\u00e9 d&rsquo;une sangle de fixation \u00e0 l&rsquo;arri\u00e8re<\/p>\n","protected":false},"excerpt":{"rendered":"<p>Ces supports dorsaux disposent de coques de support orthop\u00e9diques et ergonomiques. Gr\u00e2ce \u00e0 leur position anatomiquement correcte, ils soutiennent la colonne vert\u00e9brale et la musculature dorsale lors de la position assise. Les douleurs sont att\u00e9nu\u00e9es. Utilisation : dans le v\u00e9hicule, \u00e0 la maison, sur la chaise de bureau ou au lit Disponible en noir Le [&hellip;]<\/p>\n","protected":false},"featured_media":138011,"comment_status":"open","ping_status":"closed","template":"","meta":{"_acf_changed":false},"pwb-brand":[],"product_brand":[],"product_cat":[268,273],"product_tag":[],"class_list":{"0":"post-150678","1":"product","2":"type-product","3":"status-publish","4":"has-post-thumbnail","6":"product_cat-accessoires-ergonomiques","7":"product_cat-soutiens-lombaires-coussins-dassise","8":"tm-has-options","10":"first","11":"instock","12":"featured","13":"taxable","14":"shipping-taxable","15":"purchasable","16":"product-type-variable","17":"has-default-attributes"},"acf":[],"brands":[],"_links":{"self":[{"href":"https:\/\/sitz.ch\/fr\/wp-json\/wp\/v2\/product\/150678","targetHints":{"allow":["GET"]}}],"collection":[{"href":"https:\/\/sitz.ch\/fr\/wp-json\/wp\/v2\/product"}],"about":[{"href":"https:\/\/sitz.ch\/fr\/wp-json\/wp\/v2\/types\/product"}],"replies":[{"embeddable":true,"href":"https:\/\/sitz.ch\/fr\/wp-json\/wp\/v2\/comments?post=150678"}],"version-history":[{"count":0,"href":"https:\/\/sitz.ch\/fr\/wp-json\/wp\/v2\/product\/150678\/revisions"}],"wp:featuredmedia":[{"embeddable":true,"href":"https:\/\/sitz.ch\/fr\/wp-json\/wp\/v2\/media\/138011"}],"wp:attachment":[{"href":"https:\/\/sitz.ch\/fr\/wp-json\/wp\/v2\/media?parent=150678"}],"wp:term":[{"taxonomy":"pwb-brand","embeddable":true,"href":"https:\/\/sitz.ch\/fr\/wp-json\/wp\/v2\/pwb-brand?post=150678"},{"taxonomy":"product_brand","embeddable":true,"href":"https:\/\/sitz.ch\/fr\/wp-json\/wp\/v2\/product_brand?post=150678"},{"taxonomy":"product_cat","embeddable":true,"href":"https:\/\/sitz.ch\/fr\/wp-json\/wp\/v2\/product_cat?post=150678"},{"taxonomy":"product_tag","embeddable":true,"href":"https:\/\/sitz.ch\/fr\/wp-json\/wp\/v2\/product_tag?post=150678"}],"curies":[{"name":"wp","href":"https:\/\/api.w.org\/{rel}","templated":true}]}}