{"id":150680,"date":"2016-11-11T23:30:20","date_gmt":"2016-11-11T22:30:20","guid":{"rendered":"https:\/\/sitz.ch\/produkt\/ergopoint-coussin-lombaire-avec-coussin-dassise\/"},"modified":"2025-02-26T19:19:41","modified_gmt":"2025-02-26T18:19:41","slug":"ergopoint-coussin-lombaire-avec-coussin-dassise","status":"publish","type":"product","link":"https:\/\/sitz.ch\/fr\/produit\/ergopoint-coussin-lombaire-avec-coussin-dassise\/","title":{"rendered":"ErgoPoint Coussin Lombaire avec Coussin d&rsquo;assise"},"content":{"rendered":"<p>Les supports dorsaux en 2 parties soutiennent une musculature dorsale faible, pr\u00e9viennent une mauvaise posture assise et la fatigue dorsale. Contre les probl\u00e8mes de disques intervert\u00e9braux et le lumbago.<\/p>\n<p>Le support dorsal se place simplement sur une surface d&rsquo;assise existante<br \/>(si\u00e8ge auto, fauteuil rembourr\u00e9, chaise de bureau,)<\/p>\n<p>Cela garantit d\u00e9j\u00e0 une position assise anatomiquement correcte, rendant possible une assise prolong\u00e9e sans fatigue. Gr\u00e2ce au nouveau m\u00e9canisme de connexion entre le dossier et la partie assise, la cuvette peut \u00eatre ajust\u00e9e facilement \u00e0 sa propre taille corporelle. Le bon r\u00e9glage est atteint lorsqu&rsquo;on ressent le maximum d&rsquo;effet de soutien. Les formes du dos, le poids et les tailles corporelles varient tellement qu&rsquo;ils n\u00e9cessitent \u00e9galement un ajustement personnel.<\/p>\n<p>La housse en tissu est disponible en trois couleurs (noir, bordeaux). Sur la housse facile d&rsquo;entretien (amovible et lavable), on est confortablement assis et bien s\u00fbr parfaitement soutenu. Pli\u00e9e, la structure en 2 parties prend tr\u00e8s peu de place et \u00e9tant \u00abl\u00e9g\u00e8re\u00bb (environ 2,7KG), elle est id\u00e9ale pour \u00eatre utilis\u00e9e de chaise en chaise.<\/p>\n<p>\u00e9galement adapt\u00e9e \u00e0 tous les chauffeurs, pilotes&#8230;<\/p>\n","protected":false},"excerpt":{"rendered":"<p>Les supports dorsaux en 2 parties soutiennent une musculature dorsale faible, pr\u00e9viennent une mauvaise posture assise et la fatigue dorsale. Contre les probl\u00e8mes de disques intervert\u00e9braux et le lumbago. Le support dorsal se place simplement sur une surface d&rsquo;assise existante(si\u00e8ge auto, fauteuil rembourr\u00e9, chaise de bureau,) Cela garantit d\u00e9j\u00e0 une position assise anatomiquement correcte, rendant [&hellip;]<\/p>\n","protected":false},"featured_media":137915,"comment_status":"open","ping_status":"closed","template":"","meta":{"_acf_changed":false},"pwb-brand":[94],"product_brand":[],"product_cat":[268,273],"product_tag":[],"class_list":{"0":"post-150680","1":"product","2":"type-product","3":"status-publish","4":"has-post-thumbnail","6":"pwb-brand-ergopoint","7":"product_cat-accessoires-ergonomiques","8":"product_cat-soutiens-lombaires-coussins-dassise","9":"tm-has-options","11":"first","12":"instock","13":"featured","14":"taxable","15":"shipping-taxable","16":"purchasable","17":"product-type-variable","18":"has-default-attributes"},"acf":[],"brands":[{"id":94,"name":"ErgoPoint","slug":"ergopoint"}],"_links":{"self":[{"href":"https:\/\/sitz.ch\/fr\/wp-json\/wp\/v2\/product\/150680","targetHints":{"allow":["GET"]}}],"collection":[{"href":"https:\/\/sitz.ch\/fr\/wp-json\/wp\/v2\/product"}],"about":[{"href":"https:\/\/sitz.ch\/fr\/wp-json\/wp\/v2\/types\/product"}],"replies":[{"embeddable":true,"href":"https:\/\/sitz.ch\/fr\/wp-json\/wp\/v2\/comments?post=150680"}],"version-history":[{"count":0,"href":"https:\/\/sitz.ch\/fr\/wp-json\/wp\/v2\/product\/150680\/revisions"}],"wp:featuredmedia":[{"embeddable":true,"href":"https:\/\/sitz.ch\/fr\/wp-json\/wp\/v2\/media\/137915"}],"wp:attachment":[{"href":"https:\/\/sitz.ch\/fr\/wp-json\/wp\/v2\/media?parent=150680"}],"wp:term":[{"taxonomy":"pwb-brand","embeddable":true,"href":"https:\/\/sitz.ch\/fr\/wp-json\/wp\/v2\/pwb-brand?post=150680"},{"taxonomy":"product_brand","embeddable":true,"href":"https:\/\/sitz.ch\/fr\/wp-json\/wp\/v2\/product_brand?post=150680"},{"taxonomy":"product_cat","embeddable":true,"href":"https:\/\/sitz.ch\/fr\/wp-json\/wp\/v2\/product_cat?post=150680"},{"taxonomy":"product_tag","embeddable":true,"href":"https:\/\/sitz.ch\/fr\/wp-json\/wp\/v2\/product_tag?post=150680"}],"curies":[{"name":"wp","href":"https:\/\/api.w.org\/{rel}","templated":true}]}}