{"id":150683,"date":"2023-05-08T09:37:31","date_gmt":"2023-05-08T07:37:31","guid":{"rendered":"https:\/\/sitz.ch\/produkt\/ergopoint-muekava-support-de-lecture\/"},"modified":"2025-02-26T19:20:06","modified_gmt":"2025-02-26T18:20:06","slug":"ergopoint-muekava-support-de-lecture","status":"publish","type":"product","link":"https:\/\/sitz.ch\/fr\/produit\/ergopoint-muekava-support-de-lecture\/","title":{"rendered":"ErgoPoint M\u00fckava Support de lecture"},"content":{"rendered":"<p>Pupitre de lecture M\u00fckava<\/p>\n<p>&nbsp;<\/p>\n<ul>\n<li>Socle pivotant<\/li>\n<li>Socle r\u00e9glable en inclinaison \u00e0 trois points et donc en hauteur<\/li>\n<li>Surface de travail ajustable en angle, inclinaison et rotation<\/li>\n<li>Surface de travail utilisable comme tableau blanc (sans trace) (support de stylo inclus \u00e0 l&rsquo;arri\u00e8re)<\/li>\n<li>Surface de travail magn\u00e9tique (incl. 2 aimants fix\u00e9s \u00e0 l&rsquo;arri\u00e8re)<\/li>\n<li>Surface de travail avec un l\u00e9ger rebord pour documents, livres, etc.<\/li>\n<li>2 \u00e9lastiques lat\u00e9raux. R\u00e9glables en hauteur (fix\u00e9s \u00e0 l&rsquo;arri\u00e8re)<\/li>\n<li>Le pupitre peut \u00eatre branch\u00e9 \u00e0 l&rsquo;\u00e9lectricit\u00e9 (fournit du courant 5V 4A)\n<ul>\n<li>Lampe de lecture incluse<\/li>\n<li>C\u00e2ble de chargement pour Iphone et Android inclus<\/li>\n<\/ul>\n<\/li>\n<li>inclut 2 tapis antid\u00e9rapants en caoutchouc (magn\u00e9tiques) pour t\u00e9l\u00e9phone ou tablette<\/li>\n<li>disponible en option avec roulettes<\/li>\n<\/ul>\n<p>&nbsp;<\/p>\n<p>Dimensions :<\/p>\n<p>Largeur : 730mm<br \/>\nProfondeur : 170mm<br \/>\nHauteur : 540mm<br \/>\nPoids : 6.5kgs<\/p>\n<p><img decoding=\"async\" class=\"alignnone size-full wp-image-132089\" src=\"https:\/\/sitz.ch\/wp-content\/uploads\/MK-55-TSRS-cut-sheet-v2.jpg\" alt=\"\" width=\"331\" height=\"358\" title=\"\"><\/p>\n","protected":false},"excerpt":{"rendered":"<p>Pupitre de lecture M\u00fckava &nbsp; Socle pivotant Socle r\u00e9glable en inclinaison \u00e0 trois points et donc en hauteur Surface de travail ajustable en angle, inclinaison et rotation Surface de travail utilisable comme tableau blanc (sans trace) (support de stylo inclus \u00e0 l&rsquo;arri\u00e8re) Surface de travail magn\u00e9tique (incl. 2 aimants fix\u00e9s \u00e0 l&rsquo;arri\u00e8re) Surface de travail [&hellip;]<\/p>\n","protected":false},"featured_media":142475,"comment_status":"open","ping_status":"closed","template":"","meta":{"_acf_changed":false},"pwb-brand":[94],"product_brand":[],"product_cat":[268,280,276,278,279,274],"product_tag":[],"class_list":{"0":"post-150683","1":"product","2":"type-product","3":"status-publish","4":"has-post-thumbnail","6":"pwb-brand-ergopoint","7":"product_cat-accessoires-ergonomiques","8":"product_cat-fauteuil-releveur-electrique","9":"product_cat-fauteuils-relax","10":"product_cat-fauteuils-relax-electriques","11":"product_cat-fauteuils-relax-manuels","12":"product_cat-supports-de-documents-supports-pour-ordinateurs-portables","13":"tm-has-options","15":"first","16":"instock","17":"sale","18":"featured","19":"taxable","20":"shipping-taxable","21":"purchasable","22":"product-type-variable","23":"has-default-attributes"},"acf":[],"brands":[{"id":94,"name":"ErgoPoint","slug":"ergopoint"}],"_links":{"self":[{"href":"https:\/\/sitz.ch\/fr\/wp-json\/wp\/v2\/product\/150683","targetHints":{"allow":["GET"]}}],"collection":[{"href":"https:\/\/sitz.ch\/fr\/wp-json\/wp\/v2\/product"}],"about":[{"href":"https:\/\/sitz.ch\/fr\/wp-json\/wp\/v2\/types\/product"}],"replies":[{"embeddable":true,"href":"https:\/\/sitz.ch\/fr\/wp-json\/wp\/v2\/comments?post=150683"}],"version-history":[{"count":0,"href":"https:\/\/sitz.ch\/fr\/wp-json\/wp\/v2\/product\/150683\/revisions"}],"wp:featuredmedia":[{"embeddable":true,"href":"https:\/\/sitz.ch\/fr\/wp-json\/wp\/v2\/media\/142475"}],"wp:attachment":[{"href":"https:\/\/sitz.ch\/fr\/wp-json\/wp\/v2\/media?parent=150683"}],"wp:term":[{"taxonomy":"pwb-brand","embeddable":true,"href":"https:\/\/sitz.ch\/fr\/wp-json\/wp\/v2\/pwb-brand?post=150683"},{"taxonomy":"product_brand","embeddable":true,"href":"https:\/\/sitz.ch\/fr\/wp-json\/wp\/v2\/product_brand?post=150683"},{"taxonomy":"product_cat","embeddable":true,"href":"https:\/\/sitz.ch\/fr\/wp-json\/wp\/v2\/product_cat?post=150683"},{"taxonomy":"product_tag","embeddable":true,"href":"https:\/\/sitz.ch\/fr\/wp-json\/wp\/v2\/product_tag?post=150683"}],"curies":[{"name":"wp","href":"https:\/\/api.w.org\/{rel}","templated":true}]}}