{"id":150694,"date":"2024-09-03T16:25:31","date_gmt":"2024-09-03T14:25:31","guid":{"rendered":"https:\/\/sitz.ch\/produkt\/ergopoint-m-free-chaise-haute\/"},"modified":"2025-05-29T10:39:37","modified_gmt":"2025-05-29T08:39:37","slug":"ergopoint-m-free-chaise-haute","status":"publish","type":"product","link":"https:\/\/sitz.ch\/fr\/produit\/ergopoint-m-free-chaise-haute\/","title":{"rendered":"ErgoPoint M-Free Chaise haute"},"content":{"rendered":"","protected":false},"excerpt":{"rendered":"<p>La chaise haute M-free offre, gr\u00e2ce \u00e0 sa forme unique, son v\u00e9rin \u00e0 gaz t\u00e9lescopique et sa combinaison sp\u00e9ciale de tissu et simili cuir, la possibilit\u00e9 de travailler aussi bien en position assise normale qu&rsquo;en position debout.<\/p>\n<p>Sur la M-free, vous trouverez toujours la position assise id\u00e9ale, que ce soit normalement, lat\u00e9ralement ou \u00e0 l&rsquo;envers.<\/p>\n<p>\u00c9quipement standard de la chaise haute M-free :<\/p>\n<ul>\n<li>Si\u00e8ge en forme de selle avec rembourrage stabilisant<\/li>\n<li>Accoudoirs pivotants<\/li>\n<li>Dossier r\u00e9glable en hauteur<\/li>\n<li>R\u00e9glage en continu de la hauteur du si\u00e8ge par v\u00e9rin \u00e0 gaz de 53 \u2013 79 cm<\/li>\n<li>Croix de base en alu poli<\/li>\n<li>Anneau repose-pieds en alu poli<\/li>\n<li>Roulettes universelles souples<\/li>\n<\/ul>\n<p>&nbsp;<\/p>\n","protected":false},"featured_media":143249,"comment_status":"open","ping_status":"closed","template":"","meta":{"_acf_changed":false},"pwb-brand":[94],"product_brand":[],"product_cat":[190,204],"product_tag":[],"class_list":{"0":"post-150694","1":"product","2":"type-product","3":"status-publish","4":"has-post-thumbnail","6":"pwb-brand-ergopoint","7":"product_cat-chaises-de-bureau","8":"product_cat-tabourets-de-selle","9":"tm-has-options","11":"first","12":"onbackorder","13":"featured","14":"taxable","15":"shipping-taxable","16":"purchasable","17":"product-type-variable","18":"has-default-attributes"},"acf":[],"brands":[{"id":94,"name":"ErgoPoint","slug":"ergopoint"}],"_links":{"self":[{"href":"https:\/\/sitz.ch\/fr\/wp-json\/wp\/v2\/product\/150694","targetHints":{"allow":["GET"]}}],"collection":[{"href":"https:\/\/sitz.ch\/fr\/wp-json\/wp\/v2\/product"}],"about":[{"href":"https:\/\/sitz.ch\/fr\/wp-json\/wp\/v2\/types\/product"}],"replies":[{"embeddable":true,"href":"https:\/\/sitz.ch\/fr\/wp-json\/wp\/v2\/comments?post=150694"}],"version-history":[{"count":1,"href":"https:\/\/sitz.ch\/fr\/wp-json\/wp\/v2\/product\/150694\/revisions"}],"predecessor-version":[{"id":155252,"href":"https:\/\/sitz.ch\/fr\/wp-json\/wp\/v2\/product\/150694\/revisions\/155252"}],"wp:featuredmedia":[{"embeddable":true,"href":"https:\/\/sitz.ch\/fr\/wp-json\/wp\/v2\/media\/143249"}],"wp:attachment":[{"href":"https:\/\/sitz.ch\/fr\/wp-json\/wp\/v2\/media?parent=150694"}],"wp:term":[{"taxonomy":"pwb-brand","embeddable":true,"href":"https:\/\/sitz.ch\/fr\/wp-json\/wp\/v2\/pwb-brand?post=150694"},{"taxonomy":"product_brand","embeddable":true,"href":"https:\/\/sitz.ch\/fr\/wp-json\/wp\/v2\/product_brand?post=150694"},{"taxonomy":"product_cat","embeddable":true,"href":"https:\/\/sitz.ch\/fr\/wp-json\/wp\/v2\/product_cat?post=150694"},{"taxonomy":"product_tag","embeddable":true,"href":"https:\/\/sitz.ch\/fr\/wp-json\/wp\/v2\/product_tag?post=150694"}],"curies":[{"name":"wp","href":"https:\/\/api.w.org\/{rel}","templated":true}]}}