{"id":150709,"date":"2016-11-11T23:30:28","date_gmt":"2016-11-11T22:30:28","guid":{"rendered":"https:\/\/sitz.ch\/produkt\/ergopoint-s1\/"},"modified":"2026-05-05T20:48:48","modified_gmt":"2026-05-05T18:48:48","slug":"ergopoint-s1","status":"publish","type":"product","link":"https:\/\/sitz.ch\/fr\/produit\/ergopoint-s1\/","title":{"rendered":"ErgoPoint S1"},"content":{"rendered":"\t\t<div data-elementor-type=\"product-post\" data-elementor-id=\"150709\" class=\"elementor elementor-150709 elementor-122821\" data-elementor-post-type=\"product\">\n\t\t\t\t<div class=\"elementor-element elementor-element-291e7e21 e-flex e-con-boxed e-con e-parent\" data-id=\"291e7e21\" data-element_type=\"container\" data-e-type=\"container\">\n\t\t\t\t\t<div class=\"e-con-inner\">\n\t\t\t\t<div class=\"elementor-element elementor-element-76d66858 elementor-widget elementor-widget-text-editor\" data-id=\"76d66858\" data-element_type=\"widget\" data-e-type=\"widget\" data-widget_type=\"text-editor.default\">\n\t\t\t\t<div class=\"elementor-widget-container\">\n\t\t\t\t\t\t\t\t\t<p>La chaise assis-debout S1 soulage la colonne vert\u00e9brale lors des activit\u00e9s qui ne peuvent naturellement s\u2019effectuer qu\u2019en position debout. Stable et extr\u00eamement r\u00e9sistante. Offre une grande s\u00e9curit\u00e9 \u00e0 l\u2019utilisateur.<\/p>\n<p>La charge exerc\u00e9e sur la colonne vert\u00e9brale en position debout est fortement r\u00e9duite. Id\u00e9ale, par exemple, durant les premi\u00e8res semaines apr\u00e8s une op\u00e9ration du dos, lorsque la position assise classique est encore m\u00e9dicalement interdite. Cette chaise assis-debout convient \u00e9galement pour les travaux en industrie, les travaux de pr\u00e9paration en cuisine, le repassage du linge et bien plus encore.<\/p>\n<p>Inclinaison de l\u2019assise r\u00e9glable sur 15\u00b0<\/p>\n<p>Assise pivotante \u00e0 16\u00b0 avec retour automatique<\/p>\n<p><span style=\"text-align: var(--text-align); color: var( --e-global-color-text ); font-family: var( --e-global-typography-primary-font-family ), Sans-serif; font-size: var( --e-global-typography-primary-font-size ); font-weight: var( --e-global-typography-primary-font-weight );\">Charge maximale jusqu\u2019\u00e0 110 kg<\/span><\/p>\n<p>\u2022 Inclinaison de l\u2019assise r\u00e9glable sur 15\u00b0 et pivotement horizontal \u00e0 16\u00b0<br \/>avec retour automatique<\/p>\n<p><span style=\"text-align: var(--text-align); color: var( --e-global-color-text ); font-family: var( --e-global-typography-primary-font-family ), Sans-serif; font-size: var( --e-global-typography-primary-font-size ); font-weight: var( --e-global-typography-primary-font-weight );\">L\u2019assise est r\u00e9glable en hauteur sur 8 positions et inclinable sur 4 niveaux de 20\u00b0 ; la chaise de travail s\u2019adapte ainsi de mani\u00e8re optimale \u00e0 vos besoins et \u00e0 votre espace de travail.<\/span><\/p>\n<p>L\u2019assise de forme orthop\u00e9dique accompagne vos mouvements lat\u00e9raux et assure ainsi une position assise sans fatigue ainsi qu\u2019un soulagement optimal du bassin.<br \/>Chaise assis-debout polyvalente avec assise flexible pour travailler confortablement en position debout ; pi\u00e8tement \u00e9toile en acier thermolaqu\u00e9 avec patins en plastique, dessous antid\u00e9rapant en caoutchouc dur.<br \/>Les picots antid\u00e9rapants dans l\u2019assise permettent de travailler confortablement m\u00eame avec une inclinaison de 20\u00b0 ; poign\u00e9e de transport int\u00e9gr\u00e9e pour un d\u00e9placement facile.<\/p>\n<p class=\"mce-bw-fs-h1\">\u00a0<\/p>\n<p>Chaise assis-debout robuste en tube d\u2019acier avec assise ergonomique, r\u00e9sistante et en mousse int\u00e9grale.<\/p>\n<ul>\n<li><span style=\"background-color: transparent; text-align: var(--text-align); color: var( --e-global-color-text ); font-family: var( --e-global-typography-primary-font-family ), Sans-serif; font-weight: var( --e-global-typography-primary-font-weight );\">Inclinaison de l\u2019assise r\u00e9glable sur 15\u00b0 et pivotement horizontal \u00e0 16\u00b0 avec retour automatique<\/span><\/li>\n<li><span style=\"background-color: transparent; text-align: var(--text-align); color: var( --e-global-color-text ); font-family: var( --e-global-typography-primary-font-family ), Sans-serif; font-weight: var( --e-global-typography-primary-font-weight );\">Couleurs\/surfaces disponibles : RAL 9005 (noir) ; RAL 7035 (gris clair) ; RAL 3003 (rouge rubis) ; ou chrom\u00e9<\/span><\/li>\n<\/ul>\n\t\t\t\t\t\t\t\t<\/div>\n\t\t\t\t<\/div>\n\t\t\t\t\t<\/div>\n\t\t\t\t<\/div>\n\t\t<section class=\"elementor-element elementor-element-4ed2f51 ergo-f-list e-flex e-con-boxed e-con e-parent\" data-id=\"4ed2f51\" data-element_type=\"container\" data-e-type=\"container\">\n\t\t\t\t\t<div class=\"e-con-inner\">\n\t\t<div class=\"elementor-element elementor-element-aef3325 e-con-full e-flex e-con e-child\" data-id=\"aef3325\" data-element_type=\"container\" data-e-type=\"container\">\n\t\t\t\t<div class=\"elementor-element elementor-element-d942747 elementor-widget elementor-widget-heading\" data-id=\"d942747\" data-element_type=\"widget\" data-e-type=\"widget\" data-widget_type=\"heading.default\">\n\t\t\t\t<div class=\"elementor-widget-container\">\n\t\t\t\t\t<h3 class=\"elementor-heading-title elementor-size-default\">Hauteur d\u2019assise r\u00e9glable de mani\u00e8re flexible<\/h3>\t\t\t\t<\/div>\n\t\t\t\t<\/div>\n\t\t\t\t<div class=\"elementor-element elementor-element-1d7462d elementor-widget elementor-widget-text-editor\" data-id=\"1d7462d\" data-element_type=\"widget\" data-e-type=\"widget\" data-widget_type=\"text-editor.default\">\n\t\t\t\t<div class=\"elementor-widget-container\">\n\t\t\t\t\t\t\t\t\t<p>Le r\u00e9glage de la hauteur d\u2019assise verrouillable en 8 positions de l\u2019aide \u00e0 la station debout ErgoPoint S1 permet d\u2019adapter la hauteur d\u2019assise individuellement \u00e0 la taille de l\u2019utilisateur et aux exigences du poste de travail. Avec une plage de r\u00e9glage de 600 \u00e0 850 mm, l\u2019utilisateur peut choisir la position assise optimale afin de favoriser une posture ergonomique et de r\u00e9duire les sollicitations de l\u2019appareil locomoteur. Gr\u00e2ce \u00e0 la simple fonction de verrouillage, la hauteur choisie est fix\u00e9e en toute s\u00e9curit\u00e9, ce qui emp\u00eache tout r\u00e9glage involontaire et assure ainsi une stabilit\u00e9 et une s\u00e9curit\u00e9 suppl\u00e9mentaires. Cette flexibilit\u00e9 est particuli\u00e8rement avantageuse dans les environnements de travail o\u00f9 diff\u00e9rentes personnes utilisent l\u2019aide \u00e0 la station debout ou lorsque les t\u00e2ches varient. La facilit\u00e9 d\u2019utilisation du r\u00e9glage en hauteur contribue \u00e0 un passage sans effort entre diff\u00e9rentes positions, ce qui am\u00e9liore le confort et soutient la productivit\u00e9 au poste de travail.<\/p>\n\t\t\t\t\t\t\t\t<\/div>\n\t\t\t\t<\/div>\n\t\t\t\t<\/div>\n\t\t<div class=\"elementor-element elementor-element-dd65ca3 e-con-full e-flex e-con e-child\" data-id=\"dd65ca3\" data-element_type=\"container\" data-e-type=\"container\">\n\t\t\t\t<div class=\"elementor-element elementor-element-c6b0499 elementor-widget elementor-widget-image\" data-id=\"c6b0499\" data-element_type=\"widget\" data-e-type=\"widget\" data-widget_type=\"image.default\">\n\t\t\t\t<div class=\"elementor-widget-container\">\n\t\t\t\t\t\t\t\t\t\t\t\t\t\t\t<img decoding=\"async\" width=\"600\" height=\"600\" src=\"https:\/\/sitz.ch\/wp-content\/uploads\/ergopoint-stehhilfe-s1-sitzhoehe-stufenlos-verstellbar-ergonomie-600x600.jpg\" class=\"attachment-medium size-medium wp-image-154067\" alt=\"\" srcset=\"https:\/\/sitz.ch\/wp-content\/uploads\/ergopoint-stehhilfe-s1-sitzhoehe-stufenlos-verstellbar-ergonomie-600x600.jpg 600w, https:\/\/sitz.ch\/wp-content\/uploads\/ergopoint-stehhilfe-s1-sitzhoehe-stufenlos-verstellbar-ergonomie-1024x1024.jpg 1024w, https:\/\/sitz.ch\/wp-content\/uploads\/ergopoint-stehhilfe-s1-sitzhoehe-stufenlos-verstellbar-ergonomie-300x300.jpg 300w, https:\/\/sitz.ch\/wp-content\/uploads\/ergopoint-stehhilfe-s1-sitzhoehe-stufenlos-verstellbar-ergonomie-768x768.jpg 768w, https:\/\/sitz.ch\/wp-content\/uploads\/ergopoint-stehhilfe-s1-sitzhoehe-stufenlos-verstellbar-ergonomie-1536x1536.jpg 1536w, https:\/\/sitz.ch\/wp-content\/uploads\/ergopoint-stehhilfe-s1-sitzhoehe-stufenlos-verstellbar-ergonomie-2048x2048.jpg 2048w, https:\/\/sitz.ch\/wp-content\/uploads\/ergopoint-stehhilfe-s1-sitzhoehe-stufenlos-verstellbar-ergonomie-100x100.jpg 100w, https:\/\/sitz.ch\/wp-content\/uploads\/ergopoint-stehhilfe-s1-sitzhoehe-stufenlos-verstellbar-ergonomie-135x135.jpg 135w, https:\/\/sitz.ch\/wp-content\/uploads\/ergopoint-stehhilfe-s1-sitzhoehe-stufenlos-verstellbar-ergonomie-64x64.jpg 64w\" sizes=\"(max-width: 600px) 100vw, 600px\" title=\"\">\t\t\t\t\t\t\t\t\t\t\t\t\t\t\t<\/div>\n\t\t\t\t<\/div>\n\t\t\t\t<\/div>\n\t\t\t\t\t<\/div>\n\t\t\t\t<\/section>\n\t\t<section class=\"elementor-element elementor-element-60dfa37 ergo-f-list e-flex e-con-boxed e-con e-parent\" data-id=\"60dfa37\" data-element_type=\"container\" data-e-type=\"container\">\n\t\t\t\t\t<div class=\"e-con-inner\">\n\t\t<div class=\"elementor-element elementor-element-a530eba e-con-full e-flex e-con e-child\" data-id=\"a530eba\" data-element_type=\"container\" data-e-type=\"container\">\n\t\t\t\t<div class=\"elementor-element elementor-element-e0c6344 elementor-widget elementor-widget-heading\" data-id=\"e0c6344\" data-element_type=\"widget\" data-e-type=\"widget\" data-widget_type=\"heading.default\">\n\t\t\t\t<div class=\"elementor-widget-container\">\n\t\t\t\t\t<h3 class=\"elementor-heading-title elementor-size-default\">Patins de sol antid\u00e9rapants<\/h3>\t\t\t\t<\/div>\n\t\t\t\t<\/div>\n\t\t\t\t<div class=\"elementor-element elementor-element-e42e594 elementor-widget elementor-widget-text-editor\" data-id=\"e42e594\" data-element_type=\"widget\" data-e-type=\"widget\" data-widget_type=\"text-editor.default\">\n\t\t\t\t<div class=\"elementor-widget-container\">\n\t\t\t\t\t\t\t\t\t<p>L\u2019aide \u00e0 la station debout ErgoPoint S1 garantit une stabilit\u00e9 s\u00fbre sur diff\u00e9rents rev\u00eatements de sol et emp\u00eache les glissements involontaires pendant l\u2019utilisation. Cela augmente non seulement la s\u00e9curit\u00e9 au poste de travail, mais contribue \u00e9galement \u00e0 la stabilit\u00e9 et \u00e0 la long\u00e9vit\u00e9 du produit. Particuli\u00e8rement dans les environnements de travail dynamiques, o\u00f9 des changements fr\u00e9quents de position sont n\u00e9cessaires, les patins de sol antid\u00e9rapants offrent un maintien ferme et soutiennent une posture saine. Gr\u00e2ce \u00e0 la combinaison des patins de sol antid\u00e9rapants et de la conception ergonomique de l\u2019aide \u00e0 la station debout, l\u2019appareil locomoteur est soulag\u00e9 et la productivit\u00e9 est favoris\u00e9e.<\/p>\n\t\t\t\t\t\t\t\t<\/div>\n\t\t\t\t<\/div>\n\t\t\t\t<\/div>\n\t\t<div class=\"elementor-element elementor-element-ba00cf7 e-con-full e-flex e-con e-child\" data-id=\"ba00cf7\" data-element_type=\"container\" data-e-type=\"container\">\n\t\t\t\t<div class=\"elementor-element elementor-element-f4d6e55 elementor-widget elementor-widget-image\" data-id=\"f4d6e55\" data-element_type=\"widget\" data-e-type=\"widget\" data-widget_type=\"image.default\">\n\t\t\t\t<div class=\"elementor-widget-container\">\n\t\t\t\t\t\t\t\t\t\t\t\t\t\t\t<img decoding=\"async\" width=\"600\" height=\"600\" src=\"https:\/\/sitz.ch\/wp-content\/uploads\/ergopoint-stehhilfe-s1-rutschfeste-bodengleiter-ergonomie.jpg\" class=\"attachment-medium size-medium wp-image-154071\" alt=\"\" srcset=\"https:\/\/sitz.ch\/wp-content\/uploads\/ergopoint-stehhilfe-s1-rutschfeste-bodengleiter-ergonomie.jpg 600w, https:\/\/sitz.ch\/wp-content\/uploads\/ergopoint-stehhilfe-s1-rutschfeste-bodengleiter-ergonomie-300x300.jpg 300w, https:\/\/sitz.ch\/wp-content\/uploads\/ergopoint-stehhilfe-s1-rutschfeste-bodengleiter-ergonomie-100x100.jpg 100w, https:\/\/sitz.ch\/wp-content\/uploads\/ergopoint-stehhilfe-s1-rutschfeste-bodengleiter-ergonomie-135x135.jpg 135w, https:\/\/sitz.ch\/wp-content\/uploads\/ergopoint-stehhilfe-s1-rutschfeste-bodengleiter-ergonomie-64x64.jpg 64w\" sizes=\"(max-width: 600px) 100vw, 600px\" title=\"\">\t\t\t\t\t\t\t\t\t\t\t\t\t\t\t<\/div>\n\t\t\t\t<\/div>\n\t\t\t\t<\/div>\n\t\t\t\t\t<\/div>\n\t\t\t\t<\/section>\n\t\t<section class=\"elementor-element elementor-element-f696d5a ergo-f-list e-flex e-con-boxed e-con e-parent\" data-id=\"f696d5a\" data-element_type=\"container\" data-e-type=\"container\">\n\t\t\t\t\t<div class=\"e-con-inner\">\n\t\t<div class=\"elementor-element elementor-element-d84e09c e-con-full e-flex e-con e-child\" data-id=\"d84e09c\" data-element_type=\"container\" data-e-type=\"container\">\n\t\t\t\t<div class=\"elementor-element elementor-element-7e9bdca elementor-widget elementor-widget-heading\" data-id=\"7e9bdca\" data-element_type=\"widget\" data-e-type=\"widget\" data-widget_type=\"heading.default\">\n\t\t\t\t<div class=\"elementor-widget-container\">\n\t\t\t\t\t<h3 class=\"elementor-heading-title elementor-size-default\">Version ESD : construction mise \u00e0 la terre<\/h3>\t\t\t\t<\/div>\n\t\t\t\t<\/div>\n\t\t\t\t<div class=\"elementor-element elementor-element-3c73bb3 elementor-widget elementor-widget-text-editor\" data-id=\"3c73bb3\" data-element_type=\"widget\" data-e-type=\"widget\" data-widget_type=\"text-editor.default\">\n\t\t\t\t<div class=\"elementor-widget-container\">\n\t\t\t\t\t\t\t\t\t<p>Dans les zones de travail sensibles, en particulier dans la fabrication \u00e9lectronique, les laboratoires ou l\u2019industrie des semi-conducteurs, la protection contre les d\u00e9charges \u00e9lectrostatiques (ESD) est essentielle. M\u00eame les plus faibles tensions peuvent endommager durablement des composants sensibles. Une construction mise \u00e0 la terre est donc indispensable.<\/p>\n<p>L\u2019aide assis-debout ErgoPoint S1 est \u00e9galement disponible en version ESD sp\u00e9ciale. Cette version est \u00e9quip\u00e9e de mat\u00e9riaux conducteurs et emp\u00eache de mani\u00e8re fiable l\u2019accumulation de charge sur l\u2019utilisateur ou dans son environnement. Toutes les pi\u00e8ces m\u00e9talliques sont con\u00e7ues pour garantir une dissipation s\u00fbre et \u00e9viter les d\u00e9charges incontr\u00f4l\u00e9es. Elles assurent un environnement s\u00fbr et conforme aux normes, selon DIN EN 61340-5-1.<\/p>\n<p>Cette aide assis-debout est ainsi id\u00e9ale pour toutes les EPA (Electrostatic Protected Areas). Malgr\u00e9 cet \u00e9quipement sp\u00e9cifique, le confort, l\u2019ergonomie et les possibilit\u00e9s de r\u00e9glage restent enti\u00e8rement pr\u00e9serv\u00e9s. La version ESD de l\u2019ErgoPoint S1 associe une s\u00e9curit\u00e9 maximale au confort d\u2019assise ergonomique habituel \u2013 id\u00e9ale pour les environnements de travail professionnels et sensibles.<\/p>\n\t\t\t\t\t\t\t\t<\/div>\n\t\t\t\t<\/div>\n\t\t\t\t<\/div>\n\t\t<div class=\"elementor-element elementor-element-0189208 e-con-full e-flex e-con e-child\" data-id=\"0189208\" data-element_type=\"container\" data-e-type=\"container\">\n\t\t\t\t<div class=\"elementor-element elementor-element-e7ebe9b elementor-widget elementor-widget-image\" data-id=\"e7ebe9b\" data-element_type=\"widget\" data-e-type=\"widget\" data-widget_type=\"image.default\">\n\t\t\t\t<div class=\"elementor-widget-container\">\n\t\t\t\t\t\t\t\t\t\t\t\t\t\t\t<img decoding=\"async\" width=\"600\" height=\"400\" src=\"https:\/\/sitz.ch\/wp-content\/uploads\/ergopoint-stehhilfe-s1-esd-elektrostatisch-entladung-stuhl-ergonomie-600x400.jpg\" class=\"attachment-medium size-medium wp-image-154055\" alt=\"\" srcset=\"https:\/\/sitz.ch\/wp-content\/uploads\/ergopoint-stehhilfe-s1-esd-elektrostatisch-entladung-stuhl-ergonomie-600x400.jpg 600w, https:\/\/sitz.ch\/wp-content\/uploads\/ergopoint-stehhilfe-s1-esd-elektrostatisch-entladung-stuhl-ergonomie-1024x682.jpg 1024w, https:\/\/sitz.ch\/wp-content\/uploads\/ergopoint-stehhilfe-s1-esd-elektrostatisch-entladung-stuhl-ergonomie-768x512.jpg 768w, https:\/\/sitz.ch\/wp-content\/uploads\/ergopoint-stehhilfe-s1-esd-elektrostatisch-entladung-stuhl-ergonomie-1536x1024.jpg 1536w, https:\/\/sitz.ch\/wp-content\/uploads\/ergopoint-stehhilfe-s1-esd-elektrostatisch-entladung-stuhl-ergonomie-64x43.jpg 64w, https:\/\/sitz.ch\/wp-content\/uploads\/ergopoint-stehhilfe-s1-esd-elektrostatisch-entladung-stuhl-ergonomie.jpg 2000w\" sizes=\"(max-width: 600px) 100vw, 600px\" title=\"\">\t\t\t\t\t\t\t\t\t\t\t\t\t\t\t<\/div>\n\t\t\t\t<\/div>\n\t\t\t\t<\/div>\n\t\t\t\t\t<\/div>\n\t\t\t\t<\/section>\n\t\t<section class=\"elementor-element elementor-element-e176dc4 ergo-f-list e-flex e-con-boxed e-con e-parent\" data-id=\"e176dc4\" data-element_type=\"container\" data-e-type=\"container\">\n\t\t\t\t\t<div class=\"e-con-inner\">\n\t\t<div class=\"elementor-element elementor-element-7f06157 e-con-full e-flex e-con e-child\" data-id=\"7f06157\" data-element_type=\"container\" data-e-type=\"container\">\n\t\t\t\t<div class=\"elementor-element elementor-element-65f23df elementor-widget elementor-widget-heading\" data-id=\"65f23df\" data-element_type=\"widget\" data-e-type=\"widget\" data-widget_type=\"heading.default\">\n\t\t\t\t<div class=\"elementor-widget-container\">\n\t\t\t\t\t<h3 class=\"elementor-heading-title elementor-size-default\">Qualit\u00e9 certifi\u00e9e par TAW Cert<\/h3>\t\t\t\t<\/div>\n\t\t\t\t<\/div>\n\t\t\t\t<div class=\"elementor-element elementor-element-300c245 elementor-widget elementor-widget-text-editor\" data-id=\"300c245\" data-element_type=\"widget\" data-e-type=\"widget\" data-widget_type=\"text-editor.default\">\n\t\t\t\t<div class=\"elementor-widget-container\">\n\t\t\t\t\t\t\t\t\t<p>Le 23.07.2022, le syst\u00e8me de gestion de la qualit\u00e9 de l\u2019entreprise a \u00e9t\u00e9 audit\u00e9 avec succ\u00e8s par TAW Cert GmbH et certifi\u00e9 conform\u00e9ment \u00e0 la norme DIN EN ISO 9001:2015. Cette norme reconnue \u00e0 l\u2019\u00e9chelle internationale est synonyme d\u2019une gestion de la qualit\u00e9 orient\u00e9e processus, syst\u00e9matique et en am\u00e9lioration continue.<\/p>\n<p>TAW Cert GmbH est un organisme de certification ind\u00e9pendant, reconnu par l\u2019Office allemand d\u2019accr\u00e9ditation (DAkkS). Il contr\u00f4le les entreprises quant au respect de normes de qualit\u00e9 d\u00e9finies dans leurs processus d\u2019organisation et de production. Une certification selon ISO 9001:2015 confirme que les proc\u00e9dures sont structur\u00e9es, tra\u00e7ables et orient\u00e9es vers la satisfaction client.<\/p>\n<p>Depuis 2007, le syst\u00e8me de gestion de la qualit\u00e9 de l\u2019entreprise est contr\u00f4l\u00e9 chaque ann\u00e9e par des audits externes, toujours avec des r\u00e9sultats positifs. Cela atteste non seulement d\u2019une qualit\u00e9 \u00e9lev\u00e9e et constante, mais aussi d\u2019une exigence d\u2019am\u00e9lioration continue et de s\u00e9curit\u00e9 des processus sur le long terme.<\/p>\n\t\t\t\t\t\t\t\t<\/div>\n\t\t\t\t<\/div>\n\t\t\t\t<\/div>\n\t\t<div class=\"elementor-element elementor-element-aa2d59f e-con-full e-flex e-con e-child\" data-id=\"aa2d59f\" data-element_type=\"container\" data-e-type=\"container\">\n\t\t\t\t<div class=\"elementor-element elementor-element-c809d4a elementor-widget elementor-widget-image\" data-id=\"c809d4a\" data-element_type=\"widget\" data-e-type=\"widget\" data-widget_type=\"image.default\">\n\t\t\t\t<div class=\"elementor-widget-container\">\n\t\t\t\t\t\t\t\t\t\t\t\t\t\t\t<img decoding=\"async\" width=\"600\" height=\"307\" src=\"https:\/\/sitz.ch\/wp-content\/uploads\/ergopoint-stehhilfe-s1-taw-cert-zertifikat-ergonomie-600x307.png\" class=\"attachment-medium size-medium wp-image-154063\" alt=\"\" srcset=\"https:\/\/sitz.ch\/wp-content\/uploads\/ergopoint-stehhilfe-s1-taw-cert-zertifikat-ergonomie-600x307.png 600w, https:\/\/sitz.ch\/wp-content\/uploads\/ergopoint-stehhilfe-s1-taw-cert-zertifikat-ergonomie-1024x524.png 1024w, https:\/\/sitz.ch\/wp-content\/uploads\/ergopoint-stehhilfe-s1-taw-cert-zertifikat-ergonomie-768x393.png 768w, https:\/\/sitz.ch\/wp-content\/uploads\/ergopoint-stehhilfe-s1-taw-cert-zertifikat-ergonomie-1536x786.png 1536w, https:\/\/sitz.ch\/wp-content\/uploads\/ergopoint-stehhilfe-s1-taw-cert-zertifikat-ergonomie-64x33.png 64w, https:\/\/sitz.ch\/wp-content\/uploads\/ergopoint-stehhilfe-s1-taw-cert-zertifikat-ergonomie.png 1696w\" sizes=\"(max-width: 600px) 100vw, 600px\" title=\"\">\t\t\t\t\t\t\t\t\t\t\t\t\t\t\t<\/div>\n\t\t\t\t<\/div>\n\t\t\t\t<\/div>\n\t\t\t\t\t<\/div>\n\t\t\t\t<\/section>\n\t\t\t\t<\/div>\n\t\t","protected":false},"excerpt":{"rendered":"<p>La chaise assis-debout S1 soulage la colonne vert\u00e9brale lors des activit\u00e9s qui ne peuvent naturellement s\u2019effectuer qu\u2019en position debout. Stable et extr\u00eamement r\u00e9sistante. Offre une grande s\u00e9curit\u00e9 \u00e0 l\u2019utilisateur. La charge exerc\u00e9e sur la colonne vert\u00e9brale en position debout est fortement r\u00e9duite. Id\u00e9ale, par exemple, durant les premi\u00e8res semaines apr\u00e8s une op\u00e9ration du dos, lorsque [&hellip;]<\/p>\n","protected":false},"featured_media":154036,"comment_status":"open","ping_status":"closed","template":"","meta":{"_acf_changed":false},"pwb-brand":[],"product_brand":[],"product_cat":[971,261,288],"product_tag":[],"class_list":{"0":"post-150709","1":"product","2":"type-product","3":"status-publish","4":"has-post-thumbnail","6":"product_cat-adapte-pour-la-demande-ai","7":"product_cat-chaises-esd","8":"product_cat-sieges-assis-debout-ergonomiques","9":"tm-has-options","11":"first","12":"instock","13":"featured","14":"taxable","15":"shipping-taxable","16":"purchasable","17":"product-type-variable","18":"has-default-attributes"},"acf":[],"brands":[],"_links":{"self":[{"href":"https:\/\/sitz.ch\/fr\/wp-json\/wp\/v2\/product\/150709","targetHints":{"allow":["GET"]}}],"collection":[{"href":"https:\/\/sitz.ch\/fr\/wp-json\/wp\/v2\/product"}],"about":[{"href":"https:\/\/sitz.ch\/fr\/wp-json\/wp\/v2\/types\/product"}],"replies":[{"embeddable":true,"href":"https:\/\/sitz.ch\/fr\/wp-json\/wp\/v2\/comments?post=150709"}],"version-history":[{"count":2,"href":"https:\/\/sitz.ch\/fr\/wp-json\/wp\/v2\/product\/150709\/revisions"}],"predecessor-version":[{"id":197955,"href":"https:\/\/sitz.ch\/fr\/wp-json\/wp\/v2\/product\/150709\/revisions\/197955"}],"wp:featuredmedia":[{"embeddable":true,"href":"https:\/\/sitz.ch\/fr\/wp-json\/wp\/v2\/media\/154036"}],"wp:attachment":[{"href":"https:\/\/sitz.ch\/fr\/wp-json\/wp\/v2\/media?parent=150709"}],"wp:term":[{"taxonomy":"pwb-brand","embeddable":true,"href":"https:\/\/sitz.ch\/fr\/wp-json\/wp\/v2\/pwb-brand?post=150709"},{"taxonomy":"product_brand","embeddable":true,"href":"https:\/\/sitz.ch\/fr\/wp-json\/wp\/v2\/product_brand?post=150709"},{"taxonomy":"product_cat","embeddable":true,"href":"https:\/\/sitz.ch\/fr\/wp-json\/wp\/v2\/product_cat?post=150709"},{"taxonomy":"product_tag","embeddable":true,"href":"https:\/\/sitz.ch\/fr\/wp-json\/wp\/v2\/product_tag?post=150709"}],"curies":[{"name":"wp","href":"https:\/\/api.w.org\/{rel}","templated":true}]}}