{"id":150777,"date":"2022-07-04T13:47:02","date_gmt":"2022-07-04T11:47:02","guid":{"rendered":"https:\/\/sitz.ch\/produkt\/fitform-wellness-247-257-fauteuil-sur-mesure\/"},"modified":"2022-07-04T13:47:02","modified_gmt":"2022-07-04T11:47:02","slug":"fitform-wellness-247-257-fauteuil-sur-mesure","status":"publish","type":"product","link":"https:\/\/sitz.ch\/fr\/produit\/fitform-wellness-247-257-fauteuil-sur-mesure\/","title":{"rendered":"Fitform Wellness 247-257 Fauteuil Sur Mesure"},"content":{"rendered":"<h2><strong>Fitform Fauteuil Massant 257 &#8211; la solution \u00e9l\u00e9gante pour bien s&rsquo;asseoir<\/strong><\/h2>\n<p>L&rsquo;\u00eatre humain passe la plupart de son temps \u00e0 faire ce pour quoi il n&rsquo;est pas vraiment fait &#8211; s&rsquo;asseoir.<\/p>\n<p>Ce sont les meubles rembourr\u00e9s inadapt\u00e9s, qui ne permettent pas une position assise naturelle, qui nous fatiguent, perturbent le bien-\u00eatre et provoquent des douleurs dorsales.<\/p>\n<p>Fitform, en tant que sp\u00e9cialiste et fabricant de longue date, s&rsquo;est donn\u00e9 pour mission de d\u00e9velopper des solutions individuelles r\u00e9pondant aux besoins humains. Fitform vous permet de vous asseoir de mani\u00e8re \u00ab appropri\u00e9e \u00bb \u2013 conforme au corps et donc confortable. La base de cela repose sur des recherches scientifiques. La conclusion : seule une adaptation sur mesure offre une position assise conforme au corps, permettant \u00e0 la colonne vert\u00e9brale de conserver sa forme en S naturelle en position assise. C&rsquo;est pourquoi chaque fauteuil de soins Fitform est ajust\u00e9 \u00e0 vos mesures corporelles. \u00c0 l&rsquo;aide d&rsquo;un fauteuil de mesure, nous d\u00e9terminons votre hauteur de si\u00e8ge, votre profondeur de si\u00e8ge et la hauteur de vos accoudoirs optimales.<\/p>\n<p>Dans sa version standard, chaque fauteuil Fitform est \u00e9quip\u00e9 d&rsquo;un support lombaire gonflable et r\u00e9glable en hauteur. Celui-ci est \u00e9galement ajust\u00e9 individuellement pour vous.<\/p>\n<p>Selon votre envie ou vos besoins, vous pouvez choisir et changer votre position assise, relaxation, repos ou aide \u00e0 se lever. Avec la commande manuelle, vous activez la m\u00e9canique. Trois moteurs vous permettent de r\u00e9gler s\u00e9par\u00e9ment le dossier, le repose-pieds, l&rsquo;inclinaison et l&rsquo;aide \u00e0 se lever.<\/p>\n<p><strong>Version standard mod\u00e8le 257 :<\/strong><\/p>\n<p>\u2022\u00a0\u00a0\u00a0 Largeur d&rsquo;assise standard 45 cm<\/p>\n<p>\u2022\u00a0\u00a0\u00a0 Dossier 75 cm<\/p>\n<p>\u2022\u00a0\u00a0\u00a0 Poids corporel jusqu&rsquo;\u00e0 150 kg<\/p>\n<p>\u2022\u00a0\u00a0\u00a0 Zone lombaire avec coussin gonflable r\u00e9glable en profondeur et en hauteur<\/p>\n<p>\u2022\u00a0\u00a0\u00a0 Appui-t\u00eate ajustable en angle<\/p>\n<p>\u2022\u00a0\u00a0\u00a0 Aide \u00e0 se lever int\u00e9gr\u00e9e \u00e9lectriquement<\/p>\n<p>\u2022\u00a0\u00a0\u00a0 Dossier, inclinaison du si\u00e8ge et repose-pieds r\u00e9glables individuellement (3 moteurs)<\/p>\n<p>\u2022\u00a0\u00a0\u00a0 Dispositif de commande avec boutons color\u00e9s (peut \u00eatre mont\u00e9 \u00e0 gauche ou \u00e0 droite)<\/p>\n<p>\u2022\u00a0\u00a0\u00a0 Profondeur d&rsquo;assise r\u00e9glable sur mesure de 43 \u00e0 53 cm<\/p>\n<p>\u2022\u00a0\u00a0\u00a0 Hauteur d&rsquo;assise r\u00e9glable sur mesure de 38 \u00e0 53 cm<\/p>\n<p>\u2022\u00a0\u00a0\u00a0 Hauteur des accoudoirs r\u00e9glable sur mesure de 16 \u00e0 27 cm<\/p>\n<p>\u2022\u00a0\u00a0\u00a0 Poids environ 80 kg<\/p>\n<ul>\n<li>\u00e9galement disponible en version plus grande (mod\u00e8le 247)<\/li>\n<\/ul>\n<p>D\u00e9lai de livraison environ 8 \u00e0 10 semaines ouvrables<\/p>\n<p>&nbsp;<\/p>\n<p>&nbsp;<\/p>\n","protected":false},"excerpt":{"rendered":"<p>Fitform Fauteuil Massant 257 &#8211; la solution \u00e9l\u00e9gante pour bien s&rsquo;asseoir L&rsquo;\u00eatre humain passe la plupart de son temps \u00e0 faire ce pour quoi il n&rsquo;est pas vraiment fait &#8211; s&rsquo;asseoir. Ce sont les meubles rembourr\u00e9s inadapt\u00e9s, qui ne permettent pas une position assise naturelle, qui nous fatiguent, perturbent le bien-\u00eatre et provoquent des douleurs [&hellip;]<\/p>\n","protected":false},"featured_media":141842,"comment_status":"open","ping_status":"closed","template":"","meta":{"_acf_changed":false},"pwb-brand":[81],"product_brand":[],"product_cat":[280,276,278],"product_tag":[],"class_list":{"0":"post-150777","1":"product","2":"type-product","3":"status-publish","4":"has-post-thumbnail","6":"pwb-brand-fitform","7":"product_cat-fauteuil-releveur-electrique","8":"product_cat-fauteuils-relax","9":"product_cat-fauteuils-relax-electriques","10":"tm-has-options","12":"first","13":"outofstock","14":"featured","15":"taxable","16":"shipping-taxable","17":"purchasable","18":"product-type-variable","19":"has-default-attributes"},"acf":[],"brands":[{"id":81,"name":"Fitform","slug":"fitform"}],"_links":{"self":[{"href":"https:\/\/sitz.ch\/fr\/wp-json\/wp\/v2\/product\/150777","targetHints":{"allow":["GET"]}}],"collection":[{"href":"https:\/\/sitz.ch\/fr\/wp-json\/wp\/v2\/product"}],"about":[{"href":"https:\/\/sitz.ch\/fr\/wp-json\/wp\/v2\/types\/product"}],"replies":[{"embeddable":true,"href":"https:\/\/sitz.ch\/fr\/wp-json\/wp\/v2\/comments?post=150777"}],"version-history":[{"count":0,"href":"https:\/\/sitz.ch\/fr\/wp-json\/wp\/v2\/product\/150777\/revisions"}],"wp:featuredmedia":[{"embeddable":true,"href":"https:\/\/sitz.ch\/fr\/wp-json\/wp\/v2\/media\/141842"}],"wp:attachment":[{"href":"https:\/\/sitz.ch\/fr\/wp-json\/wp\/v2\/media?parent=150777"}],"wp:term":[{"taxonomy":"pwb-brand","embeddable":true,"href":"https:\/\/sitz.ch\/fr\/wp-json\/wp\/v2\/pwb-brand?post=150777"},{"taxonomy":"product_brand","embeddable":true,"href":"https:\/\/sitz.ch\/fr\/wp-json\/wp\/v2\/product_brand?post=150777"},{"taxonomy":"product_cat","embeddable":true,"href":"https:\/\/sitz.ch\/fr\/wp-json\/wp\/v2\/product_cat?post=150777"},{"taxonomy":"product_tag","embeddable":true,"href":"https:\/\/sitz.ch\/fr\/wp-json\/wp\/v2\/product_tag?post=150777"}],"curies":[{"name":"wp","href":"https:\/\/api.w.org\/{rel}","templated":true}]}}