{"id":150788,"date":"2016-11-11T23:28:33","date_gmt":"2016-11-11T22:28:33","guid":{"rendered":"https:\/\/sitz.ch\/produkt\/fitform-570-vario-fauteuils-relaxants\/"},"modified":"2025-02-27T17:59:57","modified_gmt":"2025-02-27T16:59:57","slug":"fitform-570-vario-fauteuil-relax","status":"publish","type":"product","link":"https:\/\/sitz.ch\/fr\/produit\/fitform-570-vario-fauteuil-relax\/","title":{"rendered":"Fitform 570 Vario Fauteuil Relax"},"content":{"rendered":"<p>L&rsquo;\u00eatre humain fait la plupart du temps ce pour quoi il n&rsquo;est pas vraiment fait<\/p>\n<p>Ce sont les meubles rembourr\u00e9s inad\u00e9quats, qui ne permettent pas une position assise naturelle, qui nous fatiguent, perturbent notre bien-\u00eatre et causent des douleurs dorsales.<\/p>\n<p>Fitform, en tant que sp\u00e9cialiste, s&rsquo;est donn\u00e9 pour mission de d\u00e9velopper des solutions individuelles adapt\u00e9es aux besoins humains. Fitform vous permet de vous asseoir de mani\u00e8re \u00ab appropri\u00e9e \u00bb \u2013 conforme au corps et donc confortable. La base repose sur des recherches scientifiques. La conclusion : seule une adaptation pr\u00e9cise des mesures offre une position assise conforme et donc adapt\u00e9e au corps, permettant ainsi \u00e0 la colonne vert\u00e9brale de conserver une forme en S naturelle en position assise. Pour cette raison, chaque fauteuil de soins Fitform est ajust\u00e9 \u00e0 vos mesures corporelles. Gr\u00e2ce \u00e0 ce que l&rsquo;on appelle un fauteuil d&rsquo;ajustement, votre revendeur d\u00e9termine la hauteur de si\u00e8ge, la profondeur de si\u00e8ge et la hauteur des accoudoirs optimales.<\/p>\n<p>Dans sa version standard, chaque fauteuil Fitform est \u00e9quip\u00e9 d&rsquo;un soutien lombaire gonflable et r\u00e9glable en hauteur.<\/p>\n<p>Selon vos envies et vos besoins, vous pouvez choisir et changer vos positions de si\u00e8ge, de d\u00e9tente, de repos ou de lev\u00e9e. Vous activez la m\u00e9canique \u00e0 l&rsquo;aide de la t\u00e9l\u00e9commande. Trois moteurs vous permettent de r\u00e9gler ind\u00e9pendamment le dossier, le repose-pieds, l&rsquo;inclinaison et l&rsquo;aide \u00e0 la lev\u00e9e.<\/p>\n<p>Version standard Mod\u00e8le 570 :<\/p>\n<p>\u2022\u00a0\u00a0\u00a0 Largeur d&rsquo;assise standard 51 cm<\/p>\n<p>\u2022\u00a0\u00a0\u00a0 Dossier 84 cm<\/p>\n<p>\u2022\u00a0\u00a0\u00a0 Poids corporel jusqu&rsquo;\u00e0 150 kg<\/p>\n<p>\u2022\u00a0\u00a0\u00a0 Zone lombaire r\u00e9glable en profondeur et en hauteur avec des coussins gonflables<\/p>\n<p>\u2022\u00a0\u00a0\u00a0 Appui-t\u00eate r\u00e9glable<\/p>\n<p>\u2022\u00a0\u00a0\u00a0 Inclinaison du dossier, de l&rsquo;assise et du repose-pieds r\u00e9glables s\u00e9par\u00e9ment \u00e9lectriquement (3 moteurs)<\/p>\n<p>\u2022\u00a0\u00a0\u00a0 T\u00e9l\u00e9commande avec boutons de couleur<\/p>\n<p>\u2022\u00a0\u00a0\u00a0 Profondeur d&rsquo;assise r\u00e9glable sur mesure de 43 \u00e0 53 cm<\/p>\n<p>\u2022\u00a0\u00a0\u00a0 Hauteur d&rsquo;assise r\u00e9glable sur mesure de 40 \u00e0 60 cm<\/p>\n<p>\u2022\u00a0\u00a0\u00a0 Hauteur des accoudoirs r\u00e9glable sur mesure de 16 \u00e0 29 cm<\/p>\n<p>\u2022\u00a0\u00a0\u00a0 Poids environ 80 kg<\/p>\n<p>En option :<\/p>\n<p>\u2022\u00a0\u00a0\u00a0 Aide \u00e0 la lev\u00e9e int\u00e9gr\u00e9e \u00e9lectrique<\/p>\n<p>\u2022\u00a0 \u00a0 Dossier avec forme en coque<\/p>\n<p>\u2022\u00a0 \u00a0 Accoudoirs rabattables<\/p>\n<p>\u2022\u00a0 \u00a0 Base sur roulettes<\/p>\n<p>\u2022\u00a0 \u00a0 Disque tournant<\/p>\n<p>&nbsp;<\/p>\n<p>Mod\u00e8le 571 Mini pour les personnes de petite taille<\/p>\n<p>Identique, mais<\/p>\n<p>\u2022\u00a0\u00a0\u00a0 Largeur d&rsquo;assise 45 cm et dossier 72 cm.<\/p>\n<p>D\u00e9lai de livraison environ 8 &#8211; 10 semaines ouvrables<\/p>\n","protected":false},"excerpt":{"rendered":"<p>L&rsquo;\u00eatre humain fait la plupart du temps ce pour quoi il n&rsquo;est pas vraiment fait Ce sont les meubles rembourr\u00e9s inad\u00e9quats, qui ne permettent pas une position assise naturelle, qui nous fatiguent, perturbent notre bien-\u00eatre et causent des douleurs dorsales. Fitform, en tant que sp\u00e9cialiste, s&rsquo;est donn\u00e9 pour mission de d\u00e9velopper des solutions individuelles adapt\u00e9es [&hellip;]<\/p>\n","protected":false},"featured_media":137765,"comment_status":"open","ping_status":"closed","template":"","meta":{"_acf_changed":false},"pwb-brand":[81],"product_brand":[],"product_cat":[280,276,278,279],"product_tag":[],"class_list":{"0":"post-150788","1":"product","2":"type-product","3":"status-publish","4":"has-post-thumbnail","6":"pwb-brand-fitform","7":"product_cat-fauteuil-releveur-electrique","8":"product_cat-fauteuils-relax","9":"product_cat-fauteuils-relax-electriques","10":"product_cat-fauteuils-relax-manuels","11":"tm-has-options","13":"first","14":"outofstock","15":"featured","16":"taxable","17":"shipping-taxable","18":"purchasable","19":"product-type-variable","20":"has-default-attributes"},"acf":[],"brands":[{"id":81,"name":"Fitform","slug":"fitform"}],"_links":{"self":[{"href":"https:\/\/sitz.ch\/fr\/wp-json\/wp\/v2\/product\/150788","targetHints":{"allow":["GET"]}}],"collection":[{"href":"https:\/\/sitz.ch\/fr\/wp-json\/wp\/v2\/product"}],"about":[{"href":"https:\/\/sitz.ch\/fr\/wp-json\/wp\/v2\/types\/product"}],"replies":[{"embeddable":true,"href":"https:\/\/sitz.ch\/fr\/wp-json\/wp\/v2\/comments?post=150788"}],"version-history":[{"count":1,"href":"https:\/\/sitz.ch\/fr\/wp-json\/wp\/v2\/product\/150788\/revisions"}],"predecessor-version":[{"id":151896,"href":"https:\/\/sitz.ch\/fr\/wp-json\/wp\/v2\/product\/150788\/revisions\/151896"}],"wp:featuredmedia":[{"embeddable":true,"href":"https:\/\/sitz.ch\/fr\/wp-json\/wp\/v2\/media\/137765"}],"wp:attachment":[{"href":"https:\/\/sitz.ch\/fr\/wp-json\/wp\/v2\/media?parent=150788"}],"wp:term":[{"taxonomy":"pwb-brand","embeddable":true,"href":"https:\/\/sitz.ch\/fr\/wp-json\/wp\/v2\/pwb-brand?post=150788"},{"taxonomy":"product_brand","embeddable":true,"href":"https:\/\/sitz.ch\/fr\/wp-json\/wp\/v2\/product_brand?post=150788"},{"taxonomy":"product_cat","embeddable":true,"href":"https:\/\/sitz.ch\/fr\/wp-json\/wp\/v2\/product_cat?post=150788"},{"taxonomy":"product_tag","embeddable":true,"href":"https:\/\/sitz.ch\/fr\/wp-json\/wp\/v2\/product_tag?post=150788"}],"curies":[{"name":"wp","href":"https:\/\/api.w.org\/{rel}","templated":true}]}}