{"id":150792,"date":"2022-12-12T10:08:55","date_gmt":"2022-12-12T09:08:55","guid":{"rendered":"https:\/\/sitz.ch\/produkt\/fitform-564-zen-fauteuils-relaxants\/"},"modified":"2025-02-27T17:59:28","modified_gmt":"2025-02-27T16:59:28","slug":"fitform-564-zen-fauteuil-relax","status":"publish","type":"product","link":"https:\/\/sitz.ch\/fr\/produit\/fitform-564-zen-fauteuil-relax\/","title":{"rendered":"Fitform 564 Zen Fauteuil Relax"},"content":{"rendered":"<h2><b>De agit\u00e9 \u00e0 apais\u00e9 dans le fauteuil de soins ZEN<\/b><\/h2>\n<p><img decoding=\"async\" class=\"size-medium wp-image-130521 aligncenter\" src=\"https:\/\/sitz.ch\/wp-content\/uploads\/20-004-ZEN-Pflegesessel-400x140.png\" alt=\"\" width=\"400\" height=\"140\" title=\"\" srcset=\"https:\/\/sitz.ch\/wp-content\/uploads\/20-004-ZEN-Pflegesessel-400x140.png 400w, https:\/\/sitz.ch\/wp-content\/uploads\/20-004-ZEN-Pflegesessel-600x210.png 600w, https:\/\/sitz.ch\/wp-content\/uploads\/20-004-ZEN-Pflegesessel-1024x358.png 1024w, https:\/\/sitz.ch\/wp-content\/uploads\/20-004-ZEN-Pflegesessel-768x268.png 768w, https:\/\/sitz.ch\/wp-content\/uploads\/20-004-ZEN-Pflegesessel-1536x537.png 1536w, https:\/\/sitz.ch\/wp-content\/uploads\/20-004-ZEN-Pflegesessel-640x224.png 640w, https:\/\/sitz.ch\/wp-content\/uploads\/20-004-ZEN-Pflegesessel-367x128.png 367w, https:\/\/sitz.ch\/wp-content\/uploads\/20-004-ZEN-Pflegesessel.png 1548w\" sizes=\"(max-width: 400px) 100vw, 400px\" \/><\/p>\n<p>Le fauteuil de soins ZEN a \u00e9t\u00e9 sp\u00e9cialement con\u00e7u pour les personnes souffrant de d\u00e9mence ou d&rsquo;autres troubles neurologiques qui entra\u00eenent de l&rsquo;agitation. Le mouvement de balancement unique et ajustable<strong>*<\/strong> procure une d\u00e9tente et r\u00e9duit l&rsquo;agitation. Se balancer dans le fauteuil peut favoriser l&rsquo;endormissement, augmentant ainsi le temps de repos.<\/p>\n<h6><strong>*<\/strong><em>Le mouvement de balancement du fauteuil de soins Fitform ZEN est prot\u00e9g\u00e9 par brevet.<\/em><\/h6>\n<ul>\n<li>Faites-vous partie du <b>personnel m\u00e9dical<\/b>? Trouvez <a href=\"https:\/\/www.fitform-sessel.de\/zen-pflege-sessel\/fachpersonal\" target=\"_blank\" rel=\"noopener\">ici<\/a> des informations d\u00e9taill\u00e9es (y compris des exp\u00e9riences de soignants).<\/li>\n<li>\u00cates-vous un <b>b\u00e9n\u00e9ficiaire de soins<\/b> (patient, aidant, proche) \u00e0 la recherche de solutions pour r\u00e9duire l&rsquo;agitation? Sur <a href=\"https:\/\/www.fitform-sessel.de\/zen-pflege-sessel\/pflegebedurftiger-patient\" target=\"_blank\" rel=\"noopener\">cette page<\/a>, nous avons regroup\u00e9 de nombreuses informations.<\/li>\n<li>Poss\u00e9dez-vous un fauteuil de soins ZEN et souhaitez-vous obtenir des informations suppl\u00e9mentaires pour les utilisateurs? Nous avons r\u00e9alis\u00e9 pour vous une <a href=\"https:\/\/www.fitform-sessel.de\/zen-pflege-sessel\/besitzer\" target=\"_blank\" rel=\"noopener\">vid\u00e9o d&rsquo;instruction<\/a>.<\/li>\n<\/ul>\n<p>&nbsp;<\/p>\n<h3>Unique :<\/h3>\n<p>Profitez de l&rsquo;occasion pour tester le seul fauteuil ZEN expos\u00e9 en Suisse, dans notre showroom \u00e0 Zurich Oerlikon. Nous serons ravis de vous conseiller professionnellement sur ce produit unique. Nous nous r\u00e9jouissons de vous rencontrer.<br \/>\nNous pouvons aussi vous envoyer \u00e0 l&rsquo;avance des informations produits par \u00e9crit. Appelez-nous ou envoyez-nous un email pour les recevoir.<\/p>\n<p>&nbsp;<\/p>\n<h3>Personnalisable :<\/h3>\n<p>Bien s\u00fbr, ce fauteuil est fabriqu\u00e9 et livr\u00e9 selon des dimensions personnalis\u00e9es. Pour une utilisation en maison de soins, centre pour seniors, h\u00f4pital, etc., nous recommandons le fauteuil en taille standard, car elle couvre la plupart des utilisateurs.<\/p>\n<p>&nbsp;<\/p>\n<h3>Offre package :<\/h3>\n<p>Le fauteuil en rev\u00eatement Silvertex (couleur au choix) avec syst\u00e8me de roulettes et coussin de nuque n\u00b05 est recommand\u00e9 et est propos\u00e9 \u00e0 un prix avantageux de CHF 2&rsquo;430.- (au lieu de CHF 2&rsquo;820.-). Venez chez nous pour une consultation professionnelle, laissez-vous convaincre par ce superbe produit et profitez de notre offre promotionnelle.<\/p>\n<p>&nbsp;<\/p>\n","protected":false},"excerpt":{"rendered":"<p>De agit\u00e9 \u00e0 apais\u00e9 dans le fauteuil de soins ZEN Le fauteuil de soins ZEN a \u00e9t\u00e9 sp\u00e9cialement con\u00e7u pour les personnes souffrant de d\u00e9mence ou d&rsquo;autres troubles neurologiques qui entra\u00eenent de l&rsquo;agitation. Le mouvement de balancement unique et ajustable* procure une d\u00e9tente et r\u00e9duit l&rsquo;agitation. Se balancer dans le fauteuil peut favoriser l&rsquo;endormissement, augmentant [&hellip;]<\/p>\n","protected":false},"featured_media":142022,"comment_status":"open","ping_status":"closed","template":"","meta":{"_acf_changed":false},"pwb-brand":[81],"product_brand":[],"product_cat":[280,276,278],"product_tag":[],"class_list":{"0":"post-150792","1":"product","2":"type-product","3":"status-publish","4":"has-post-thumbnail","6":"pwb-brand-fitform","7":"product_cat-fauteuil-releveur-electrique","8":"product_cat-fauteuils-relax","9":"product_cat-fauteuils-relax-electriques","10":"tm-has-options","12":"first","13":"outofstock","14":"featured","15":"taxable","16":"shipping-taxable","17":"purchasable","18":"product-type-variable","19":"has-default-attributes"},"acf":[],"brands":[{"id":81,"name":"Fitform","slug":"fitform"}],"_links":{"self":[{"href":"https:\/\/sitz.ch\/fr\/wp-json\/wp\/v2\/product\/150792","targetHints":{"allow":["GET"]}}],"collection":[{"href":"https:\/\/sitz.ch\/fr\/wp-json\/wp\/v2\/product"}],"about":[{"href":"https:\/\/sitz.ch\/fr\/wp-json\/wp\/v2\/types\/product"}],"replies":[{"embeddable":true,"href":"https:\/\/sitz.ch\/fr\/wp-json\/wp\/v2\/comments?post=150792"}],"version-history":[{"count":1,"href":"https:\/\/sitz.ch\/fr\/wp-json\/wp\/v2\/product\/150792\/revisions"}],"predecessor-version":[{"id":151895,"href":"https:\/\/sitz.ch\/fr\/wp-json\/wp\/v2\/product\/150792\/revisions\/151895"}],"wp:featuredmedia":[{"embeddable":true,"href":"https:\/\/sitz.ch\/fr\/wp-json\/wp\/v2\/media\/142022"}],"wp:attachment":[{"href":"https:\/\/sitz.ch\/fr\/wp-json\/wp\/v2\/media?parent=150792"}],"wp:term":[{"taxonomy":"pwb-brand","embeddable":true,"href":"https:\/\/sitz.ch\/fr\/wp-json\/wp\/v2\/pwb-brand?post=150792"},{"taxonomy":"product_brand","embeddable":true,"href":"https:\/\/sitz.ch\/fr\/wp-json\/wp\/v2\/product_brand?post=150792"},{"taxonomy":"product_cat","embeddable":true,"href":"https:\/\/sitz.ch\/fr\/wp-json\/wp\/v2\/product_cat?post=150792"},{"taxonomy":"product_tag","embeddable":true,"href":"https:\/\/sitz.ch\/fr\/wp-json\/wp\/v2\/product_tag?post=150792"}],"curies":[{"name":"wp","href":"https:\/\/api.w.org\/{rel}","templated":true}]}}