{"id":150798,"date":"2022-07-11T08:42:16","date_gmt":"2022-07-11T06:42:16","guid":{"rendered":"https:\/\/sitz.ch\/produkt\/fitform-wellness-296-fauteuil-sur-mesure\/"},"modified":"2022-07-11T08:42:16","modified_gmt":"2022-07-11T06:42:16","slug":"fitform-wellness-296-fauteuil-sur-mesure","status":"publish","type":"product","link":"https:\/\/sitz.ch\/fr\/produit\/fitform-wellness-296-fauteuil-sur-mesure\/","title":{"rendered":"Fitform Wellness 296 Fauteuil Sur Mesure"},"content":{"rendered":"<h1>FitformMod\u00e8leBien-\u00eatre 286 et 296<\/h1>\n<p>&nbsp;<\/p>\n<h3>Robuste &amp; \u00e9l\u00e9gant<\/h3>\n<p>Ce fauteuil de bien-\u00eatre robuste mais \u00e9l\u00e9gant s&rsquo;int\u00e8gre parfaitement dans tout environnement \u00e9pur\u00e9. Choisissez le rev\u00eatement parfait pour vous. La forme moderne des accoudoirs attire vraiment l&rsquo;\u0153il.<\/p>\n<p>Le cuir lisse, color\u00e9 de mani\u00e8re uniforme, conf\u00e8re \u00e0 ce fauteuil une apparence particuli\u00e8rement pr\u00e9cieuse.<\/p>\n<p>Le fauteuil est command\u00e9 de mani\u00e8re simple et fiable \u00e0 l&rsquo;aide d&rsquo;une t\u00e9l\u00e9commande \u00e0 c\u00e2ble, qui trouve toujours sa place dans l&rsquo;une des poches lat\u00e9rales.<\/p>\n<p>Ce mod\u00e8le est livr\u00e9 en 2 variantes avec des largeurs d&rsquo;assise et des hauteurs de dossier diff\u00e9rentes. En dehors de cela, ce fauteuil est aussi fabriqu\u00e9 individuellement selon vos mesures corporelles personnelles.<\/p>\n<p><strong>Version standard du fauteuil bien-\u00eatre 296 :<\/strong><\/p>\n<p>\u2022\u00a0\u00a0\u00a0 Largeur d&rsquo;assise standard 51 cm<\/p>\n<p>\u2022\u00a0\u00a0\u00a0 Hauteur du dossier 80 cm<\/p>\n<p>\u2022\u00a0\u00a0\u00a0 Poids corporel jusqu&rsquo;\u00e0 150 kg<\/p>\n<p>\u2022\u00a0\u00a0\u00a0 Zone lombaire r\u00e9glable en profondeur et en hauteur avec des coussins gonflables<\/p>\n<p>\u2022\u00a0\u00a0\u00a0 Appui-t\u00eate ajustable<\/p>\n<p>\u2022\u00a0\u00a0\u00a0 Inclinaison du dossier, de l&rsquo;assise et du repose-pieds r\u00e9glables s\u00e9par\u00e9ment \u00e9lectriquement (3 moteurs)<\/p>\n<p>\u2022\u00a0\u00a0\u00a0 Profondeur d&rsquo;assise ajustable sur mesure de 43 \u00e0 53 cm<\/p>\n<p>\u2022\u00a0\u00a0\u00a0 Hauteur d&rsquo;assise ajustable sur mesure de 38 \u00e0 53 cm<\/p>\n<p>\u2022\u00a0\u00a0\u00a0 Hauteur des accoudoirs ajustable sur mesure de 20 \u00e0 27 cm<\/p>\n<p>\u2022\u00a0\u00a0\u00a0 Poids d&rsquo;environ 80 kg<\/p>\n<p>Disponible en tissu, simili-cuir, microfibre ou divers rev\u00eatements en cuir v\u00e9ritable.<\/p>\n<p>D\u00e9lai de livraison d&rsquo;environ 8 \u00e0 10 semaines ouvrables<\/p>\n<p>&nbsp;<\/p>\n<h3><strong>Fitform :<\/strong><\/h3>\n<p>Fitform, en tant que sp\u00e9cialiste, s&rsquo;est donn\u00e9 pour mission de d\u00e9velopper des solutions sur mesure qui r\u00e9pondent aux besoins de l&rsquo;homme. Fitform vous permet de vous asseoir de mani\u00e8re \u00ab\u00a0appropri\u00e9e\u00a0\u00bb \u2013 conforme au corps et donc confortable. La base repose sur des recherches scientifiques. La conclusion en est que seule <strong>l&rsquo;ajustement correct<\/strong> permet une position assise conforme et donc adapt\u00e9e au corps, permettant ainsi \u00e0 la colonne vert\u00e9brale de conserver une forme naturelle en \u00ab\u00a0S\u00a0\u00bb en position assise. Pour cette raison, chaque fauteuil de soin Fitform est <strong>adapt\u00e9 \u00e0 vos mesures corporelles<\/strong>. Votre magasin sp\u00e9cialis\u00e9 local d\u00e9termine les hauteurs d&rsquo;assise, profondeurs d&rsquo;assise et hauteurs d&rsquo;accoudoir optimales \u00e0 l&rsquo;aide d&rsquo;un fauteuil de mesure.<\/p>\n<p>Dans la version standard, chaque fauteuil Fitform est \u00e9quip\u00e9 d&rsquo;un soutien lombaire gonflable et r\u00e9glable en hauteur.<\/p>\n<p>Selon vos envies ou vos besoins, vous pouvez choisir et alterner vos positions d&rsquo;assise, de relaxation, de repos ou de levage. Avec la t\u00e9l\u00e9commande, vous mettez en fonction la m\u00e9canique. Trois moteurs permettent de r\u00e9gler s\u00e9par\u00e9ment le dossier, le repose-pieds, l&rsquo;inclinaison et l&rsquo;aide au lever.<\/p>\n","protected":false},"excerpt":{"rendered":"<p>FitformMod\u00e8leBien-\u00eatre 286 et 296 &nbsp; Robuste &amp; \u00e9l\u00e9gant Ce fauteuil de bien-\u00eatre robuste mais \u00e9l\u00e9gant s&rsquo;int\u00e8gre parfaitement dans tout environnement \u00e9pur\u00e9. Choisissez le rev\u00eatement parfait pour vous. La forme moderne des accoudoirs attire vraiment l&rsquo;\u0153il. Le cuir lisse, color\u00e9 de mani\u00e8re uniforme, conf\u00e8re \u00e0 ce fauteuil une apparence particuli\u00e8rement pr\u00e9cieuse. Le fauteuil est command\u00e9 de [&hellip;]<\/p>\n","protected":false},"featured_media":141854,"comment_status":"open","ping_status":"closed","template":"","meta":{"_acf_changed":false},"pwb-brand":[81],"product_brand":[],"product_cat":[280,276,278],"product_tag":[],"class_list":{"0":"post-150798","1":"product","2":"type-product","3":"status-publish","4":"has-post-thumbnail","6":"pwb-brand-fitform","7":"product_cat-fauteuil-releveur-electrique","8":"product_cat-fauteuils-relax","9":"product_cat-fauteuils-relax-electriques","10":"tm-has-options","12":"first","13":"outofstock","14":"featured","15":"taxable","16":"shipping-taxable","17":"purchasable","18":"product-type-variable","19":"has-default-attributes"},"acf":[],"brands":[{"id":81,"name":"Fitform","slug":"fitform"}],"_links":{"self":[{"href":"https:\/\/sitz.ch\/fr\/wp-json\/wp\/v2\/product\/150798","targetHints":{"allow":["GET"]}}],"collection":[{"href":"https:\/\/sitz.ch\/fr\/wp-json\/wp\/v2\/product"}],"about":[{"href":"https:\/\/sitz.ch\/fr\/wp-json\/wp\/v2\/types\/product"}],"replies":[{"embeddable":true,"href":"https:\/\/sitz.ch\/fr\/wp-json\/wp\/v2\/comments?post=150798"}],"version-history":[{"count":0,"href":"https:\/\/sitz.ch\/fr\/wp-json\/wp\/v2\/product\/150798\/revisions"}],"wp:featuredmedia":[{"embeddable":true,"href":"https:\/\/sitz.ch\/fr\/wp-json\/wp\/v2\/media\/141854"}],"wp:attachment":[{"href":"https:\/\/sitz.ch\/fr\/wp-json\/wp\/v2\/media?parent=150798"}],"wp:term":[{"taxonomy":"pwb-brand","embeddable":true,"href":"https:\/\/sitz.ch\/fr\/wp-json\/wp\/v2\/pwb-brand?post=150798"},{"taxonomy":"product_brand","embeddable":true,"href":"https:\/\/sitz.ch\/fr\/wp-json\/wp\/v2\/product_brand?post=150798"},{"taxonomy":"product_cat","embeddable":true,"href":"https:\/\/sitz.ch\/fr\/wp-json\/wp\/v2\/product_cat?post=150798"},{"taxonomy":"product_tag","embeddable":true,"href":"https:\/\/sitz.ch\/fr\/wp-json\/wp\/v2\/product_tag?post=150798"}],"curies":[{"name":"wp","href":"https:\/\/api.w.org\/{rel}","templated":true}]}}