{"id":150804,"date":"2019-06-12T15:52:23","date_gmt":"2019-06-12T13:52:23","guid":{"rendered":"https:\/\/sitz.ch\/produkt\/freisitz-chaise-de-salle-a-manger-chaise-visiteur\/"},"modified":"2025-05-29T10:45:06","modified_gmt":"2025-05-29T08:45:06","slug":"freisitz-chaise-de-salle-a-manger-chaise-visiteur","status":"publish","type":"product","link":"https:\/\/sitz.ch\/fr\/produit\/freisitz-chaise-de-salle-a-manger-chaise-visiteur\/","title":{"rendered":"Freisitz Chaise de salle \u00e0 manger &#038; chaise visiteur"},"content":{"rendered":"<p>Freisitz &#8211; Votre chaise et le choix id\u00e9al pour la salle \u00e0 manger ou la salle de r\u00e9union.<\/p>\n<p>Nous passons de plus en plus de temps assis &#8211; que ce soit \u00e0 titre priv\u00e9 ou professionnel. L&rsquo;objectif \u00e9tait de d\u00e9velopper une chaise qui respecte cette posture corporelle. Ainsi est n\u00e9e une chaise qui, gr\u00e2ce \u00e0 sa m\u00e9canique en carbone unique et \u00e0 sa coque de si\u00e8ge harmonieusement con\u00e7ue, permet de s&rsquo;asseoir de mani\u00e8re dynamique et d\u00e9tendue dans diverses positions.<\/p>\n<p>Qu&rsquo;elle soit horizontale ou verticale \u2013 les chaises Freisitzt ne peuvent s&#8217;emp\u00eacher de diffuser un soutien dorsal naturellement relaxant et en douceur dans toutes les directions.<\/p>\n<p>Avec FREISTZ, s&rsquo;asseoir devient fluide, rythmique et revigorant. Avec tous les bienfaits pour le corps, l&rsquo;esprit et l&rsquo;\u00e2me.<\/p>\n","protected":false},"excerpt":{"rendered":"<p>Freisitz &#8211; Votre chaise et le choix id\u00e9al pour la salle \u00e0 manger ou la salle de r\u00e9union. Nous passons de plus en plus de temps assis &#8211; que ce soit \u00e0 titre priv\u00e9 ou professionnel. L&rsquo;objectif \u00e9tait de d\u00e9velopper une chaise qui respecte cette posture corporelle. Ainsi est n\u00e9e une chaise qui, gr\u00e2ce \u00e0 [&hellip;]<\/p>\n","protected":false},"featured_media":139118,"comment_status":"open","ping_status":"closed","template":"","meta":{"_acf_changed":false},"pwb-brand":[105],"product_brand":[],"product_cat":[275],"product_tag":[],"class_list":{"0":"post-150804","1":"product","2":"type-product","3":"status-publish","4":"has-post-thumbnail","6":"pwb-brand-freisitz","7":"product_cat-chaises-pour-salle-a-manger-et-de-conference","8":"tm-has-options","10":"first","11":"outofstock","12":"featured","13":"taxable","14":"shipping-taxable","15":"purchasable","16":"product-type-variable","17":"has-default-attributes"},"acf":[],"brands":[{"id":105,"name":"Freisitz","slug":"freisitz"}],"_links":{"self":[{"href":"https:\/\/sitz.ch\/fr\/wp-json\/wp\/v2\/product\/150804","targetHints":{"allow":["GET"]}}],"collection":[{"href":"https:\/\/sitz.ch\/fr\/wp-json\/wp\/v2\/product"}],"about":[{"href":"https:\/\/sitz.ch\/fr\/wp-json\/wp\/v2\/types\/product"}],"replies":[{"embeddable":true,"href":"https:\/\/sitz.ch\/fr\/wp-json\/wp\/v2\/comments?post=150804"}],"version-history":[{"count":1,"href":"https:\/\/sitz.ch\/fr\/wp-json\/wp\/v2\/product\/150804\/revisions"}],"predecessor-version":[{"id":155277,"href":"https:\/\/sitz.ch\/fr\/wp-json\/wp\/v2\/product\/150804\/revisions\/155277"}],"wp:featuredmedia":[{"embeddable":true,"href":"https:\/\/sitz.ch\/fr\/wp-json\/wp\/v2\/media\/139118"}],"wp:attachment":[{"href":"https:\/\/sitz.ch\/fr\/wp-json\/wp\/v2\/media?parent=150804"}],"wp:term":[{"taxonomy":"pwb-brand","embeddable":true,"href":"https:\/\/sitz.ch\/fr\/wp-json\/wp\/v2\/pwb-brand?post=150804"},{"taxonomy":"product_brand","embeddable":true,"href":"https:\/\/sitz.ch\/fr\/wp-json\/wp\/v2\/product_brand?post=150804"},{"taxonomy":"product_cat","embeddable":true,"href":"https:\/\/sitz.ch\/fr\/wp-json\/wp\/v2\/product_cat?post=150804"},{"taxonomy":"product_tag","embeddable":true,"href":"https:\/\/sitz.ch\/fr\/wp-json\/wp\/v2\/product_tag?post=150804"}],"curies":[{"name":"wp","href":"https:\/\/api.w.org\/{rel}","templated":true}]}}