{"id":150811,"date":"2019-02-11T13:44:50","date_gmt":"2019-02-11T12:44:50","guid":{"rendered":"https:\/\/sitz.ch\/produkt\/giroflex-adapt-33-reha-fauteuil-medical-special-coxarthrose\/"},"modified":"2025-02-26T19:50:06","modified_gmt":"2025-02-26T18:50:06","slug":"giroflex-adapt-33-reha-fauteuil-medical-special-coxarthrose","status":"publish","type":"product","link":"https:\/\/sitz.ch\/fr\/produit\/giroflex-adapt-33-reha-fauteuil-medical-special-coxarthrose\/","title":{"rendered":"Giroflex Adapt 33 Reha Fauteuil m\u00e9dical sp\u00e9cial coxarthrose"},"content":{"rendered":"<p>La chaise pour patients atteints de probl\u00e8mes de hanche a \u00e9t\u00e9 sp\u00e9cialement con\u00e7ue pour r\u00e9pondre aux besoins des personnes souffrant de coxarthrose. Le fauteuil permet aux utilisateurs de s&rsquo;asseoir sans douleurs gr\u00e2ce \u00e0 une position assise sur\u00e9lev\u00e9e et un angle d&rsquo;assise sp\u00e9cialement inclin\u00e9 vers l&rsquo;avant. Le confort d&rsquo;assise optimal dans des conditions particuli\u00e8res est \u00e9galement am\u00e9lior\u00e9 par la hauteur d&rsquo;assise d\u00e9finitive, qui aide \u00e0 soulager le bassin en se penchant en arri\u00e8re. La chaise pour patients atteints de probl\u00e8mes de hanche convient aussi bien aux \u00e9tablissements th\u00e9rapeutiques qu&rsquo;\u00e0 l&rsquo;environnement priv\u00e9. Dans son \u00e9quipement de base, cette chaise de r\u00e9\u00e9ducation pour la coxarthrose est d\u00e9j\u00e0 \u00e9quip\u00e9e d&rsquo;un ch\u00e2ssis chrom\u00e9. Cela permet un nettoyage plus facile, un aspect attrayant et garantit une longue dur\u00e9e de vie.<\/p>\n","protected":false},"excerpt":{"rendered":"<p>La chaise pour patients atteints de probl\u00e8mes de hanche a \u00e9t\u00e9 sp\u00e9cialement con\u00e7ue pour r\u00e9pondre aux besoins des personnes souffrant de coxarthrose. Le fauteuil permet aux utilisateurs de s&rsquo;asseoir sans douleurs gr\u00e2ce \u00e0 une position assise sur\u00e9lev\u00e9e et un angle d&rsquo;assise sp\u00e9cialement inclin\u00e9 vers l&rsquo;avant. Le confort d&rsquo;assise optimal dans des conditions particuli\u00e8res est \u00e9galement [&hellip;]<\/p>\n","protected":false},"featured_media":138947,"comment_status":"open","ping_status":"closed","template":"","meta":{"_acf_changed":false},"pwb-brand":[120],"product_brand":[],"product_cat":[264,275,288,207],"product_tag":[],"class_list":{"0":"post-150811","1":"product","2":"type-product","3":"status-publish","4":"has-post-thumbnail","6":"pwb-brand-giroflex","7":"product_cat-chaises-ergonomiques-pour-patients-a-mobilite-reduite","8":"product_cat-chaises-pour-salle-a-manger-et-de-conference","9":"product_cat-sieges-assis-debout-ergonomiques","10":"product_cat-sieges-ergonomiques-specifiques","11":"product_shipping_class-livraison-gratuite","12":"tm-has-options","14":"first","15":"outofstock","16":"sale","17":"featured","18":"taxable","19":"shipping-taxable","20":"purchasable","21":"product-type-variable","22":"has-default-attributes"},"acf":[],"brands":[{"id":120,"name":"Giroflex","slug":"giroflex"}],"_links":{"self":[{"href":"https:\/\/sitz.ch\/fr\/wp-json\/wp\/v2\/product\/150811","targetHints":{"allow":["GET"]}}],"collection":[{"href":"https:\/\/sitz.ch\/fr\/wp-json\/wp\/v2\/product"}],"about":[{"href":"https:\/\/sitz.ch\/fr\/wp-json\/wp\/v2\/types\/product"}],"replies":[{"embeddable":true,"href":"https:\/\/sitz.ch\/fr\/wp-json\/wp\/v2\/comments?post=150811"}],"version-history":[{"count":1,"href":"https:\/\/sitz.ch\/fr\/wp-json\/wp\/v2\/product\/150811\/revisions"}],"predecessor-version":[{"id":150813,"href":"https:\/\/sitz.ch\/fr\/wp-json\/wp\/v2\/product\/150811\/revisions\/150813"}],"wp:featuredmedia":[{"embeddable":true,"href":"https:\/\/sitz.ch\/fr\/wp-json\/wp\/v2\/media\/138947"}],"wp:attachment":[{"href":"https:\/\/sitz.ch\/fr\/wp-json\/wp\/v2\/media?parent=150811"}],"wp:term":[{"taxonomy":"pwb-brand","embeddable":true,"href":"https:\/\/sitz.ch\/fr\/wp-json\/wp\/v2\/pwb-brand?post=150811"},{"taxonomy":"product_brand","embeddable":true,"href":"https:\/\/sitz.ch\/fr\/wp-json\/wp\/v2\/product_brand?post=150811"},{"taxonomy":"product_cat","embeddable":true,"href":"https:\/\/sitz.ch\/fr\/wp-json\/wp\/v2\/product_cat?post=150811"},{"taxonomy":"product_tag","embeddable":true,"href":"https:\/\/sitz.ch\/fr\/wp-json\/wp\/v2\/product_tag?post=150811"}],"curies":[{"name":"wp","href":"https:\/\/api.w.org\/{rel}","templated":true}]}}